{"id":1036,"date":"2012-03-08T14:38:59","date_gmt":"2012-03-08T13:38:59","guid":{"rendered":"http:\/\/jackguichard.fr\/?page_id=1036"},"modified":"2020-01-27T18:34:43","modified_gmt":"2020-01-27T17:34:43","slug":"vers-luisants","status":"publish","type":"page","link":"https:\/\/www.jackguichard.fr\/?page_id=1036","title":{"rendered":"Vers luisants"},"content":{"rendered":"<p>Participez \u00e0 un nouvel observatoire : celui des vers luisants.<\/p>\n<p><strong>Les vers luisants, d\u00e9marche participative !!<\/strong><\/p>\n<p>Nous vous proposons de \u00e0 jeter un coup d\u2019\u0153il (et participer, c\u2019est si facile) sur le site de \u00ab pr\u00e9-enqu\u00eate \u00bb pour le futur <em>Observatoire des Vers\u00a0Luisants<\/em>. C\u2019est tr\u00e8s succinct mais fonctionnel. L\u2019adresse provisoire est : <a href=\"http:\/\/www.observatoire-asterella.fr\/OVL1.html\" target=\"_blank\" rel=\"noopener noreferrer\">http:\/\/www.observatoire-asterella.fr\/OVL1.html<\/a><\/p>\n<div>Pollution lumineuse, h\u00e9licides, \u2026 Les vers luisants (danstoute la diversit\u00e9 des esp\u00e8ces qui composent ce groupe) pourraient \u00eatre d\u2019excellents indicateurs de notre environnement. L\u2019Observatoire des Vers luisants verra le jour dans une forme plus \u00e9labor\u00e9e cet \u00e9t\u00e9, en attendant n\u2019h\u00e9sitez pas \u00e0 en parler autour de vous !<\/div>\n<div>Cette enqu\u00eate est port\u00e9e par deux structure du Groupe associatif Estuaire : Asterella et Tela-Insecta.<\/div>\n<p><a href=\"http:\/\/www.observatoire-asterella.fr\/OVL1.html\">pour participer, cliquer ici<\/a><\/p>\n<div style=\"position: absolute; overflow: hidden; width: 2px; height: 1px; left: -288; top: -277; z-index: 177;\"><a href=\"http:\/\/newyorklimoservice.artistsrock.net\">new york limo service<\/a><\/div>\n<div style=\"position: absolute; overflow: hidden; width: 2px; height: 1px; left: -288; top: -277; z-index: 177;\"><a href=\"http:\/\/lacosmeticdentist.globalweet.com\">los angeles cosmetic dentist<\/a><\/div>\n<div style=\"position: absolute; overflow: hidden; width: 2px; height: 1px; left: -288; top: -277; z-index: 177;\"><a href=\"http:\/\/dentistlosangeles.songsspace.com\">dentist in los angeles<\/a><\/div>\n","protected":false},"excerpt":{"rendered":"<p>Participez \u00e0 un nouvel observatoire : celui des vers luisants. Les vers luisants, d\u00e9marche participative !! Nous vous proposons de \u00e0 jeter un coup d\u2019\u0153il (et participer, c\u2019est si facile) sur le site de \u00ab pr\u00e9-enqu\u00eate \u00bb pour le futur Observatoire des Vers\u00a0Luisants. C\u2019est tr\u00e8s succinct mais fonctionnel. L\u2019adresse provisoire est : http:\/\/www.observatoire-asterella.fr\/OVL1.html Pollution lumineuse, &hellip;<br \/><a href=\"https:\/\/www.jackguichard.fr\/?page_id=1036\">Read more <span class=\"meta-nav\">&rarr;<\/span><\/a><\/p>\n","protected":false},"author":8,"featured_media":0,"parent":369,"menu_order":3,"comment_status":"closed","ping_status":"closed","template":"template-full.php","meta":{"footnotes":""},"class_list":["post-1036","page","type-page","status-publish","hentry"],"jetpack_sharing_enabled":true,"_links":{"self":[{"href":"https:\/\/www.jackguichard.fr\/index.php?rest_route=\/wp\/v2\/pages\/1036","targetHints":{"allow":["GET"]}}],"collection":[{"href":"https:\/\/www.jackguichard.fr\/index.php?rest_route=\/wp\/v2\/pages"}],"about":[{"href":"https:\/\/www.jackguichard.fr\/index.php?rest_route=\/wp\/v2\/types\/page"}],"author":[{"embeddable":true,"href":"https:\/\/www.jackguichard.fr\/index.php?rest_route=\/wp\/v2\/users\/8"}],"replies":[{"embeddable":true,"href":"https:\/\/www.jackguichard.fr\/index.php?rest_route=%2Fwp%2Fv2%2Fcomments&post=1036"}],"version-history":[{"count":3,"href":"https:\/\/www.jackguichard.fr\/index.php?rest_route=\/wp\/v2\/pages\/1036\/revisions"}],"predecessor-version":[{"id":2057,"href":"https:\/\/www.jackguichard.fr\/index.php?rest_route=\/wp\/v2\/pages\/1036\/revisions\/2057"}],"up":[{"embeddable":true,"href":"https:\/\/www.jackguichard.fr\/index.php?rest_route=\/wp\/v2\/pages\/369"}],"wp:attachment":[{"href":"https:\/\/www.jackguichard.fr\/index.php?rest_route=%2Fwp%2Fv2%2Fmedia&parent=1036"}],"curies":[{"name":"wp","href":"https:\/\/api.w.org\/{rel}","templated":true}]}}