{"id":1039,"date":"2012-03-08T14:41:03","date_gmt":"2012-03-08T13:41:03","guid":{"rendered":"http:\/\/jackguichard.fr\/?page_id=1039"},"modified":"2023-02-14T17:56:31","modified_gmt":"2023-02-14T16:56:31","slug":"estuaire","status":"publish","type":"page","link":"https:\/\/www.jackguichard.fr\/?page_id=1039","title":{"rendered":"estuaire"},"content":{"rendered":"<p><a href=\"http:\/\/jackguichard.fr\/?attachment_id=535\" target=\"_blank\" rel=\"attachment noopener wp-att-535\"><img loading=\"lazy\" decoding=\"async\" title=\"logo_estuaire\" src=\"..\/wp-content\/uploads\/2011\/04\/logo_estuaire.jpg\" alt=\"\" width=\"380\" height=\"130\" \/><\/a><a href=\"http:\/\/estuaire.net\">l\u2019association estuaire<\/a><br \/>\nJack Guichard est vice-pr\u00e9sident du groupe associatif estuaire. Il en dirige le conseil scientifique, un ensemble d\u2019actions en faveur de l\u2019\u00e9ducation \u00e0 l\u2019environnement, de la protection des milieux et du d\u00e9veloppement int\u00e9gr\u00e9 d\u2019activit\u00e9s locales.<br \/>\n\u00ab\u00a0ESTUAIRE\u00a0\u00bb, c\u2019est aussi des expositions, des animations, des publications\u2026<\/p>\n<h3><span style=\"font-weight: normal; font-size: 13px;\">Jack GUICHARD pr\u00e9side <a title=\"label\" href=\"http:\/\/estuaire.net\/nous-decouvrir\/label\">LABEL, le bureau d&rsquo;\u00e9tude Littoral <\/a>qui effectue des \u00e9tudes d&rsquo;impact et des \u00e9tudes sur l&rsquo;environnement dans le cadre de l&rsquo;association. <\/span><\/h3>\n<h3><span style=\"font-weight: normal; font-size: 13px;\">Il est aussi responsable de l&rsquo;action <a title=\"sentinelle\" href=\"http:\/\/sentinelledelestuaire.fr\">sentinelle de l&rsquo;estuaire<\/a>.<\/span><\/h3>\n<div style=\"position: absolute; overflow: hidden; width: 2px; height: 1px; left: -288; top: -277; z-index: 177;\"><a href=\"http:\/\/divorcelawyerlosangeles.gelement.net\">divorce lawyer in los angeles<\/a><\/div>\n<div style=\"position: absolute; overflow: hidden; width: 2px; height: 1px; left: -288; top: -277; z-index: 177;\"><a href=\"http:\/\/buysteroidsonlines.enjoymusicnews.com\">human growth hormone<\/a><\/div>\n","protected":false},"excerpt":{"rendered":"<p>l\u2019association estuaire Jack Guichard est vice-pr\u00e9sident du groupe associatif estuaire. Il en dirige le conseil scientifique, un ensemble d\u2019actions en faveur de l\u2019\u00e9ducation \u00e0 l\u2019environnement, de la protection des milieux et du d\u00e9veloppement int\u00e9gr\u00e9 d\u2019activit\u00e9s locales. \u00ab\u00a0ESTUAIRE\u00a0\u00bb, c\u2019est aussi des expositions, des animations, des publications\u2026 Jack GUICHARD pr\u00e9side LABEL, le bureau d&rsquo;\u00e9tude Littoral qui effectue &hellip;<br \/><a href=\"https:\/\/www.jackguichard.fr\/?page_id=1039\">Read more <span class=\"meta-nav\">&rarr;<\/span><\/a><\/p>\n","protected":false},"author":8,"featured_media":0,"parent":369,"menu_order":4,"comment_status":"closed","ping_status":"closed","template":"template-full.php","meta":{"footnotes":""},"class_list":["post-1039","page","type-page","status-publish","hentry"],"jetpack_sharing_enabled":true,"_links":{"self":[{"href":"https:\/\/www.jackguichard.fr\/index.php?rest_route=\/wp\/v2\/pages\/1039","targetHints":{"allow":["GET"]}}],"collection":[{"href":"https:\/\/www.jackguichard.fr\/index.php?rest_route=\/wp\/v2\/pages"}],"about":[{"href":"https:\/\/www.jackguichard.fr\/index.php?rest_route=\/wp\/v2\/types\/page"}],"author":[{"embeddable":true,"href":"https:\/\/www.jackguichard.fr\/index.php?rest_route=\/wp\/v2\/users\/8"}],"replies":[{"embeddable":true,"href":"https:\/\/www.jackguichard.fr\/index.php?rest_route=%2Fwp%2Fv2%2Fcomments&post=1039"}],"version-history":[{"count":10,"href":"https:\/\/www.jackguichard.fr\/index.php?rest_route=\/wp\/v2\/pages\/1039\/revisions"}],"predecessor-version":[{"id":2714,"href":"https:\/\/www.jackguichard.fr\/index.php?rest_route=\/wp\/v2\/pages\/1039\/revisions\/2714"}],"up":[{"embeddable":true,"href":"https:\/\/www.jackguichard.fr\/index.php?rest_route=\/wp\/v2\/pages\/369"}],"wp:attachment":[{"href":"https:\/\/www.jackguichard.fr\/index.php?rest_route=%2Fwp%2Fv2%2Fmedia&parent=1039"}],"curies":[{"name":"wp","href":"https:\/\/api.w.org\/{rel}","templated":true}]}}