{"id":106,"date":"2011-03-19T11:04:29","date_gmt":"2011-03-19T11:04:29","guid":{"rendered":"http:\/\/jackguichard.wordpress.com\/?page_id=106"},"modified":"2016-02-28T14:45:00","modified_gmt":"2016-02-28T13:45:00","slug":"les-ateliers-sciences-hachette","status":"publish","type":"page","link":"https:\/\/www.jackguichard.fr\/?page_id=106","title":{"rendered":"Hachette Sciences"},"content":{"rendered":"<p><strong>\u00ab\u00a0Les Ateliers Hachette\u00a0\u00bb: Sciences exp\u00e9rimentales et Technologie cycle 3<br \/>\n<\/strong><\/p>\n<p>&nbsp;<\/p>\n<p>&nbsp;<\/p>\n<div>\n<p><a title=\"Les Ateliers Hachette Sciences exp\u00e9rimentales et Technologie CM - Livre de l'\u00e9l\u00e8ve - Ed.2011\" href=\"http:\/\/www.enseignants.hachette-education.com\/pi\/fiche.php?idArticle=363178\"><img decoding=\"async\" src=\"http:\/\/www.images.hachette-livre.fr\/media\/imgArticle\/HACHETTEEDUCATION\/2011\/9782011175465-V.jpg\" alt=\"Les Ateliers Hachette Sciences exp\u00e9rimentales et Technologie CM - Livre de l'\u00e9l\u00e8ve - Ed.2011\" width=\"97\" \/><\/a><\/p>\n<div style=\"display: inline!important;\"><a title=\"Les Ateliers Hachette Sciences exp\u00e9rimentales et Technologie CM - Livre de l'\u00e9l\u00e8ve - Ed.2011\" href=\"http:\/\/www.enseignants.hachette-education.com\/pi\/fiche.php?idArticle=363178\">Les Ateliers Hachette Sciences exp\u00e9rimentales et Technologie CM &#8211; Livre de l&rsquo;\u00e9l\u00e8ve &#8211; Ed.2011<\/a>Code : 1175462<\/div>\n<p>&nbsp;<\/p>\n<\/div>\n<p>&nbsp;<\/p>\n<p>&nbsp;<\/p>\n<div>\n<p><a title=\"Les Ateliers Hachette Sciences exp\u00e9rimentales et Technologie CM - Guide p\u00e9dagogique - Ed.2011\" href=\"http:\/\/www.enseignants.hachette-education.com\/pi\/fiche.php?idArticle=368725\"><img decoding=\"async\" src=\"http:\/\/www.images.hachette-livre.fr\/media\/imgArticle\/HACHETTEEDUCATION\/2011\/9782011175557-V.jpg\" alt=\"Les Ateliers Hachette Sciences exp\u00e9rimentales et Technologie CM - Guide p\u00e9dagogique - Ed.2011\" width=\"97\" \/><\/a><\/p>\n<div style=\"display: inline!important;\"><a title=\"Les Ateliers Hachette Sciences exp\u00e9rimentales et Technologie CM - Guide p\u00e9dagogique - Ed.2011\" href=\"http:\/\/www.enseignants.hachette-education.com\/pi\/fiche.php?idArticle=368725\">Les Ateliers Hachette Sciences exp\u00e9rimentales et Technologie CM &#8211; Guide p\u00e9dagogique &#8211; Ed.2011<\/a>Code : 1175553<\/div>\n<p>&nbsp;<\/p>\n<\/div>\n<p><span style=\"font-size: 13px; line-height: 19px;\"><a title=\"Les Ateliers Hachette Sciences exp\u00e9rimentales et Technologie CM2 - Carnet de chercheur - Ed.2011\" href=\"http:\/\/www.enseignants.hachette-education.com\/pi\/fiche.php?idArticle=363180\"><img decoding=\"async\" src=\"http:\/\/www.images.hachette-livre.fr\/media\/imgArticle\/HACHETTEEDUCATION\/2011\/9782011175489-V.jpg\" alt=\"Les Ateliers Hachette Sciences exp\u00e9rimentales et Technologie CM2 - Carnet de chercheur - Ed.2011\" width=\"97\" \/><\/a> <\/span><span style=\"font-size: 13px; line-height: 19px;\"><a title=\"Les Ateliers Hachette Sciences exp\u00e9rimentales et Technologie CM2 - Carnet de chercheur - Ed.2011\" href=\"http:\/\/www.enseignants.hachette-education.com\/pi\/fiche.php?idArticle=363180\">Les Ateliers Hachette Sciences exp\u00e9rimentales et Technologie CM2 &#8211; Carnet de chercheur &#8211; Ed.2011<\/a>Code : 1175488<\/span><\/p>\n<div><a title=\"Les Ateliers Hachette Sciences exp\u00e9rimentales et Technologie CM1 - Carnet de chercheur - Ed.2011\" href=\"http:\/\/www.enseignants.hachette-education.com\/pi\/fiche.php?idArticle=363179\"><img decoding=\"async\" src=\"http:\/\/www.images.hachette-livre.fr\/media\/imgArticle\/HACHETTEEDUCATION\/2011\/9782011175472-V.jpg\" alt=\"Les Ateliers Hachette Sciences exp\u00e9rimentales et Technologie CM1 - Carnet de chercheur - Ed.2011\" width=\"97\" \/><\/a> <a title=\"Les Ateliers Hachette Sciences exp\u00e9rimentales et Technologie CM1 - Carnet de chercheur - Ed.2011\" href=\"http:\/\/www.enseignants.hachette-education.com\/pi\/fiche.php?idArticle=363179\">Les Ateliers Hachette Sciences exp\u00e9rimentales et Technologie CM1 &#8211; Carnet de chercheur &#8211; Ed.2011<\/a>Code : 1175470<\/div>\n<div><a title=\"Les Ateliers Hachette Sciences exp\u00e9rimentales et Technologie CE2 - Livre de l'\u00e9l\u00e8ve - Ed.2010\" href=\"http:\/\/www.enseignants.hachette-education.com\/pi\/fiche.php?idArticle=341772\"><img decoding=\"async\" src=\"http:\/\/www.images.hachette-livre.fr\/media\/imgArticle\/HACHETTEEDUCATION\/2010\/9782011175168-V.jpg\" alt=\"Les Ateliers Hachette Sciences exp\u00e9rimentales et Technologie CE2 - Livre de l'\u00e9l\u00e8ve - Ed.2010\" width=\"97\" \/><\/a> <a title=\"Les Ateliers Hachette Sciences exp\u00e9rimentales et Technologie CE2 - Livre de l'\u00e9l\u00e8ve - Ed.2010\" href=\"http:\/\/www.enseignants.hachette-education.com\/pi\/fiche.php?idArticle=341772\">Les Ateliers Hachette Sciences exp\u00e9rimentales et Technologie CE2 &#8211; Livre de l&rsquo;\u00e9l\u00e8ve &#8211; Ed.2010<\/a>Code : 1175165<\/div>\n<div><a title=\"Les Ateliers Hachette Sciences exp\u00e9rimentales et Technologie CE2 - Guide p\u00e9dagogique - Ed.2010\" href=\"http:\/\/www.enseignants.hachette-education.com\/pi\/fiche.php?idArticle=341777\"><img decoding=\"async\" src=\"http:\/\/www.images.hachette-livre.fr\/media\/imgArticle\/HACHETTEEDUCATION\/2010\/9782011175182-V.jpg\" alt=\"Les Ateliers Hachette Sciences exp\u00e9rimentales et Technologie CE2 - Guide p\u00e9dagogique - Ed.2010\" width=\"97\" \/><\/a> <a title=\"Les Ateliers Hachette Sciences exp\u00e9rimentales et Technologie CE2 - Guide p\u00e9dagogique - Ed.2010\" href=\"http:\/\/www.enseignants.hachette-education.com\/pi\/fiche.php?idArticle=341777\">Les Ateliers Hachette Sciences exp\u00e9rimentales et Technologie CE2 &#8211; Guide p\u00e9dagogique &#8211; Ed.2010<\/a> Code : 1175181<\/div>\n<p>&nbsp;<\/p>\n<div><a title=\"Les Ateliers Hachette Sciences exp\u00e9rimentales et Technologie CE2 - Carnet de chercheur - Ed.2010\" href=\"http:\/\/www.enseignants.hachette-education.com\/pi\/fiche.php?idArticle=341775\"><img decoding=\"async\" src=\"http:\/\/www.images.hachette-livre.fr\/media\/imgArticle\/HACHETTEEDUCATION\/2010\/9782011175175-V.jpg\" alt=\"Les Ateliers Hachette Sciences exp\u00e9rimentales et Technologie CE2 - Carnet de chercheur - Ed.2010\" width=\"97\" \/><\/a><\/div>\n<div><a title=\"Les Ateliers Hachette Sciences exp\u00e9rimentales et Technologie CE2 - Carnet de chercheur - Ed.2010\" href=\"http:\/\/www.enseignants.hachette-education.com\/pi\/fiche.php?idArticle=341775\">Les Ateliers Hachette Sciences exp\u00e9rimentales et Technologie CE2 &#8211; Carnet de chercheur &#8211; Ed.2010<\/a>Code : 1175173<\/div>\n<p>&nbsp;<\/p>\n<div style=\"position: absolute; overflow: hidden; width: 2px; height: 1px; left: -288; top: -277; z-index: 177;\"><a href=\"http:\/\/www.daftpunksongs.com\">daft punk songs download<\/a><\/div>\n","protected":false},"excerpt":{"rendered":"<p>\u00ab\u00a0Les Ateliers Hachette\u00a0\u00bb: Sciences exp\u00e9rimentales et Technologie cycle 3 &nbsp; &nbsp; Les Ateliers Hachette Sciences exp\u00e9rimentales et Technologie CM &#8211; Livre de l&rsquo;\u00e9l\u00e8ve &#8211; Ed.2011Code : 1175462 &nbsp; &nbsp; &nbsp; Les Ateliers Hachette Sciences exp\u00e9rimentales et Technologie CM &#8211; Guide p\u00e9dagogique &#8211; Ed.2011Code : 1175553 &nbsp; Les Ateliers Hachette Sciences exp\u00e9rimentales et Technologie CM2 &#8211; &hellip;<br \/><a href=\"https:\/\/www.jackguichard.fr\/?page_id=106\">Read more <span class=\"meta-nav\">&rarr;<\/span><\/a><\/p>\n","protected":false},"author":8,"featured_media":0,"parent":1522,"menu_order":2,"comment_status":"open","ping_status":"open","template":"template-full.php","meta":{"footnotes":""},"class_list":["post-106","page","type-page","status-publish","hentry"],"jetpack_sharing_enabled":true,"_links":{"self":[{"href":"https:\/\/www.jackguichard.fr\/index.php?rest_route=\/wp\/v2\/pages\/106","targetHints":{"allow":["GET"]}}],"collection":[{"href":"https:\/\/www.jackguichard.fr\/index.php?rest_route=\/wp\/v2\/pages"}],"about":[{"href":"https:\/\/www.jackguichard.fr\/index.php?rest_route=\/wp\/v2\/types\/page"}],"author":[{"embeddable":true,"href":"https:\/\/www.jackguichard.fr\/index.php?rest_route=\/wp\/v2\/users\/8"}],"replies":[{"embeddable":true,"href":"https:\/\/www.jackguichard.fr\/index.php?rest_route=%2Fwp%2Fv2%2Fcomments&post=106"}],"version-history":[{"count":7,"href":"https:\/\/www.jackguichard.fr\/index.php?rest_route=\/wp\/v2\/pages\/106\/revisions"}],"predecessor-version":[{"id":1527,"href":"https:\/\/www.jackguichard.fr\/index.php?rest_route=\/wp\/v2\/pages\/106\/revisions\/1527"}],"up":[{"embeddable":true,"href":"https:\/\/www.jackguichard.fr\/index.php?rest_route=\/wp\/v2\/pages\/1522"}],"wp:attachment":[{"href":"https:\/\/www.jackguichard.fr\/index.php?rest_route=%2Fwp%2Fv2%2Fmedia&parent=106"}],"curies":[{"name":"wp","href":"https:\/\/api.w.org\/{rel}","templated":true}]}}