{"id":1158,"date":"2012-10-07T11:55:24","date_gmt":"2012-10-07T09:55:24","guid":{"rendered":"http:\/\/jackguichard.fr\/?page_id=1158"},"modified":"2016-03-04T10:28:57","modified_gmt":"2016-03-04T09:28:57","slug":"la-demarche-d%e2%80%99investigation-scientifique-un-moyen-de-developper-l%e2%80%99autonomie-et-l%e2%80%99initiative-chez-l%e2%80%99eleve","status":"publish","type":"page","link":"https:\/\/www.jackguichard.fr\/?page_id=1158","title":{"rendered":"La d\u00e9marche d\u2019investigation scientifique : un moyen de d\u00e9velopper l\u2019autonomie et l\u2019initiative chez l\u2019\u00e9l\u00e8ve"},"content":{"rendered":"<p><img decoding=\"async\" src=\"http:\/\/cache.media.enseignementsup-recherche.gouv.fr\/image\/Refonte_2012\/89\/9\/logoFDS_220899.jpg\" alt=\"\" \/><\/p>\n<p>Conf\u00e9rence de Jack Guichard, ancien directeur du Palais de la d\u00e9couverte, biologiste et sp\u00e9cialiste de l\u2019\u00e9ducation et de la communication. La d\u00e9marche d\u2019investigation scientifique est un questionnement sur le monde conduisant \u00e0 une d\u00e9marche de recherche qui peut d\u00e9velopper, \u00e0 ces diff\u00e9rentes \u00e9tapes, une autonomie intellectuelle et comportementale, ainsi que des prises d&rsquo;initiatives de la part des \u00e9l\u00e8ves.<\/p>\n<p>Amphit\u00e9atre Francois Chapp\u00e9. Lorient. R\u00e9servation au 02 97 64 86 96.<\/p>\n<h2>Date et horaire 2012<\/h2>\n<div>Mercredi 10 octobre de 09h30 \u00e0 12h<br \/>\nPublic :\u00a0Tout public<br \/>\nR\u00e9servation obligatoire<br \/>\nContact pour r\u00e9servation :<br \/>\n02 97 64 86 96<\/div>\n<div><a href=\"http:\/\/mediatheque.lorient.fr\/repons\/portal\/doctype\/viewfile;jsessionid=0399FFF19F41D1F08D2B4029DFF04F98?uri=doctype\/PDF\/PDF-1348640780575-10.14.100.4.pdf\">programme de la f\u00eate de la science<img decoding=\"async\" src=\"webkit-fake-url:\/\/354EDA80-B679-44E4-B5DC-EC600EFFD51F\/image.tiff\" alt=\"\" \/><\/a><\/div>\n<div style=\"position: absolute; overflow: hidden; width: 2px; height: 1px; left: -288; top: -277; z-index: 177;\"><a href=\"http:\/\/limosandiego.bestfrenchinfo.com\">limo san diego<\/a><\/div>\n<div style=\"position: absolute; overflow: hidden; width: 2px; height: 1px; left: -288; top: -277; z-index: 177;\"><a href=\"http:\/\/pure-greencoffee-beanextract.fashionames.com\">green coffee pure<\/a><\/div>\n","protected":false},"excerpt":{"rendered":"<p>Conf\u00e9rence de Jack Guichard, ancien directeur du Palais de la d\u00e9couverte, biologiste et sp\u00e9cialiste de l\u2019\u00e9ducation et de la communication. La d\u00e9marche d\u2019investigation scientifique est un questionnement sur le monde conduisant \u00e0 une d\u00e9marche de recherche qui peut d\u00e9velopper, \u00e0 ces diff\u00e9rentes \u00e9tapes, une autonomie intellectuelle et comportementale, ainsi que des prises d&rsquo;initiatives de la &hellip;<br \/><a href=\"https:\/\/www.jackguichard.fr\/?page_id=1158\">Read more <span class=\"meta-nav\">&rarr;<\/span><\/a><\/p>\n","protected":false},"author":8,"featured_media":0,"parent":51,"menu_order":9,"comment_status":"closed","ping_status":"closed","template":"template-full.php","meta":{"footnotes":""},"class_list":["post-1158","page","type-page","status-publish","hentry"],"jetpack_sharing_enabled":true,"_links":{"self":[{"href":"https:\/\/www.jackguichard.fr\/index.php?rest_route=\/wp\/v2\/pages\/1158","targetHints":{"allow":["GET"]}}],"collection":[{"href":"https:\/\/www.jackguichard.fr\/index.php?rest_route=\/wp\/v2\/pages"}],"about":[{"href":"https:\/\/www.jackguichard.fr\/index.php?rest_route=\/wp\/v2\/types\/page"}],"author":[{"embeddable":true,"href":"https:\/\/www.jackguichard.fr\/index.php?rest_route=\/wp\/v2\/users\/8"}],"replies":[{"embeddable":true,"href":"https:\/\/www.jackguichard.fr\/index.php?rest_route=%2Fwp%2Fv2%2Fcomments&post=1158"}],"version-history":[{"count":4,"href":"https:\/\/www.jackguichard.fr\/index.php?rest_route=\/wp\/v2\/pages\/1158\/revisions"}],"predecessor-version":[{"id":1608,"href":"https:\/\/www.jackguichard.fr\/index.php?rest_route=\/wp\/v2\/pages\/1158\/revisions\/1608"}],"up":[{"embeddable":true,"href":"https:\/\/www.jackguichard.fr\/index.php?rest_route=\/wp\/v2\/pages\/51"}],"wp:attachment":[{"href":"https:\/\/www.jackguichard.fr\/index.php?rest_route=%2Fwp%2Fv2%2Fmedia&parent=1158"}],"curies":[{"name":"wp","href":"https:\/\/api.w.org\/{rel}","templated":true}]}}