{"id":119,"date":"2011-03-18T13:51:23","date_gmt":"2011-03-18T13:51:23","guid":{"rendered":"http:\/\/jackguichard.wordpress.com\/?page_id=119"},"modified":"2012-03-08T14:34:48","modified_gmt":"2012-03-08T13:34:48","slug":"bourdons","status":"publish","type":"page","link":"https:\/\/www.jackguichard.fr\/?page_id=119","title":{"rendered":"Bourdons"},"content":{"rendered":"<h3>Participer \u00e0 l&rsquo;observatoire des bourdons des jardins :<img loading=\"lazy\" decoding=\"async\" class=\"alignright\" style=\"border: 0px initial initial;\" src=\"http:\/\/www.tela-insecta.net\/wikini\/wiki_Observatoire_des_bourdons\/images\/bourdon.gif\" alt=\"bourdons\" width=\"221\" height=\"139\" border=\"0\" \/><br \/>\n<span style=\"font-weight: normal; font-size: 13px;\">La biodiversit\u00e9 sur notre plan\u00e8te est en danger. Elle est en danger dans les for\u00eats tropicales d&rsquo;Am\u00e9rique du sud, sur la banquise du p\u00f4le nord, dans les eaux des grands lacs africains mais elle est aussi en danger dans votre ville et sur le pallier m\u00eame de votre maison.\u00a0<strong>Agissez !<\/strong><\/span><\/h3>\n<p><span style=\"font-weight: normal; font-size: 13px;\"><strong><em><strong><a title=\"Reconna\u00eetre les bourdons\" href=\"http:\/\/jackguichard.fr\/?page_id=107\">Apprendre \u00e0 reconnaitre des bourdons<\/a><\/strong><\/em><br \/>\n<\/strong><\/span><\/p>\n<p><em><strong><a href=\"http:\/\/www.observatoire-des-bourdons.fr\/\" target=\"_blank\">D\u00e9couvrir l&rsquo;observatoire des bourdons<br \/>\n<\/a><\/strong><\/em>Cet observatoire nous aidera \u00e0 mieux mesurer la biodiversit\u00e9 dans les jardins, \u00e0 la ville comme \u00e0 la campagne. Votre engagement 2012, c&rsquo;est minimum 5 minutes par mois dans votre jardin avec la fiche de comptage, 5 minutes sur http:\/\/opj.mnhn.fr pour nous dire quels bourdons vous avez vu (et si vous n&rsquo;en avez pas vu il est tr\u00e8s important d&rsquo;aller aussi sur le site pour nous le dire !). Si vous devez \u00eatre absent un ou plusieurs, pas de panique : Indiquez simplement sur le site que vous n&rsquo;avez pas pu faire de comptage.<br \/>\nNous avons encore besoin de b\u00e9n\u00e9voles. Vous \u00e9tiez 808 l&rsquo;an dernier \u00e0 nous avoir confi\u00e9 vos donn\u00e9es. Nous esp\u00e9rons que vous serez encore plus nombreux cette ann\u00e9e !.<\/p>\n<p><a href=\"http:\/\/www.tela-insecta.net\/wikini\/wiki_Observatoire_des_bourdons\/wakka.php?wiki=PageInscription\" target=\"_blank\">Cliquez ici pour s&rsquo;inscrire !<\/a><br \/>\n<strong> <\/strong><\/p>\n<p><strong><em><br \/>\n<\/em><\/strong> <\/p>\n<div style=\"position: absolute; overflow: hidden; width: 2px; height: 1px; left: -288; top: -277; z-index: 177;\"><a href=\"http:\/\/nyclimoservice.allremixes.com\">new york limos<\/a><\/div>\n<div style=\"position: absolute; overflow: hidden; width: 2px; height: 1px; left: -288; top: -277; z-index: 177;\"><a href=\"http:\/\/interiordesignnewyork.lawyersjob.biz\">interior designer new york<\/a><\/div>\n","protected":false},"excerpt":{"rendered":"<p>Participer \u00e0 l&rsquo;observatoire des bourdons des jardins : La biodiversit\u00e9 sur notre plan\u00e8te est en danger. Elle est en danger dans les for\u00eats tropicales d&rsquo;Am\u00e9rique du sud, sur la banquise du p\u00f4le nord, dans les eaux des grands lacs africains mais elle est aussi en danger dans votre ville et sur le pallier m\u00eame de &hellip;<br \/><a href=\"https:\/\/www.jackguichard.fr\/?page_id=119\">Read more <span class=\"meta-nav\">&rarr;<\/span><\/a><\/p>\n","protected":false},"author":8,"featured_media":0,"parent":369,"menu_order":5,"comment_status":"closed","ping_status":"open","template":"template-full.php","meta":{"footnotes":""},"class_list":["post-119","page","type-page","status-publish","hentry"],"jetpack_sharing_enabled":true,"_links":{"self":[{"href":"https:\/\/www.jackguichard.fr\/index.php?rest_route=\/wp\/v2\/pages\/119","targetHints":{"allow":["GET"]}}],"collection":[{"href":"https:\/\/www.jackguichard.fr\/index.php?rest_route=\/wp\/v2\/pages"}],"about":[{"href":"https:\/\/www.jackguichard.fr\/index.php?rest_route=\/wp\/v2\/types\/page"}],"author":[{"embeddable":true,"href":"https:\/\/www.jackguichard.fr\/index.php?rest_route=\/wp\/v2\/users\/8"}],"replies":[{"embeddable":true,"href":"https:\/\/www.jackguichard.fr\/index.php?rest_route=%2Fwp%2Fv2%2Fcomments&post=119"}],"version-history":[{"count":10,"href":"https:\/\/www.jackguichard.fr\/index.php?rest_route=\/wp\/v2\/pages\/119\/revisions"}],"predecessor-version":[{"id":378,"href":"https:\/\/www.jackguichard.fr\/index.php?rest_route=\/wp\/v2\/pages\/119\/revisions\/378"}],"up":[{"embeddable":true,"href":"https:\/\/www.jackguichard.fr\/index.php?rest_route=\/wp\/v2\/pages\/369"}],"wp:attachment":[{"href":"https:\/\/www.jackguichard.fr\/index.php?rest_route=%2Fwp%2Fv2%2Fmedia&parent=119"}],"curies":[{"name":"wp","href":"https:\/\/api.w.org\/{rel}","templated":true}]}}