{"id":1209,"date":"2013-03-01T13:28:14","date_gmt":"2013-03-01T12:28:14","guid":{"rendered":"http:\/\/jackguichard.fr\/?page_id=1209"},"modified":"2016-02-28T14:34:55","modified_gmt":"2016-02-28T13:34:55","slug":"50-experiences-pour-epater-vos-amis-au-jardin","status":"publish","type":"page","link":"https:\/\/www.jackguichard.fr\/?page_id=1209","title":{"rendered":"50 exp\u00e9riences pour \u00e9pater vos amis&#8230; au jardin"},"content":{"rendered":"<p><img loading=\"lazy\" decoding=\"async\" class=\"alignleft size-full wp-image-1210\" title=\"9782746506183_1_75\" src=\"http:\/\/jackguichard.fr\/wp-content\/uploads\/2013\/03\/9782746506183_1_75.jpg\" alt=\"\" width=\"250\" height=\"250\" srcset=\"https:\/\/www.jackguichard.fr\/wp-content\/uploads\/2013\/03\/9782746506183_1_75.jpg 250w, https:\/\/www.jackguichard.fr\/wp-content\/uploads\/2013\/03\/9782746506183_1_75-150x150.jpg 150w\" sizes=\"auto, (max-width: 250px) 100vw, 250px\" \/><\/p>\n<p>Voici 50 nouvelles exp\u00e9riences plus \u00e9tonnantes les unes que les autres pour surprendre vos amis lors d&rsquo;une journ\u00e9e au jardin, \u00e0 la campagne ou simplement sur votre terrasse : marcher sur l&rsquo;eau, tirer la nappe sans faire tomber ce qui est sur la table, retourner un grand vase sans que l&rsquo;eau s&rsquo;\u00e9coule, d\u00e9vier l&rsquo;eau \u00e0 distance, cr\u00e9er un double arc en ciel, transpercer un ballon sans qu&rsquo;il explose ! Apr\u00e8s 50 exp\u00e9riences pour \u00e9pater vos amis \u00e0 table, voici de quoi \u00e9tonner vos amis \u00e0 nouveau ! Des exp\u00e9riences tr\u00e8s faciles \u00e0 r\u00e9aliser avec les objets pr\u00e9sents au jardin ou lors de pique-niques ou de promenades dans la nature. Pour chacune, une indication du mat\u00e9riel n\u00e9cessaire, de ce qu&rsquo;il faut avoir pr\u00e9par\u00e9 \u00e0 l&rsquo;avance, de sa dur\u00e9e, le d\u00e9roul\u00e9 pas \u00e0 pas, les gestes pr\u00e9cis, les trucs pour la r\u00e9ussir \u00e0 coup s\u00fbr. Vous \u00e9paterez doublement vos amis car, gr\u00e2ce aux \u00ab comment \u00e7a marche \u00bb, vous pourrez leur fournir une explication simple et compr\u00e9hensible des ph\u00e9nom\u00e8nes scientifiques en jeu. Et pour ceux qui veulent en savoir plus, des compl\u00e9ments scientifiques et des indications sur les lieux o\u00f9 l&rsquo;on peut observer ces ph\u00e9nom\u00e8nes \u00e0 grande \u00e9chelle.<\/p>\n<p>auteurs: Jack GUICHARD, Kamil FADEL, Guy SIMONIN<\/p>\n<p>\u00e9diteur : Le Pommier\u00a0<a href=\"http:\/\/www.editions-lepommier.fr\/ouvrage.asp?IDLivre=619#21-03-2013\">en savoir plus<\/a><\/p>\n<p><a href=\"http:\/\/www.lalibrairie.com\/les-nouveautes\/sciences-humaines-sociales\/50-experiences-pour-epater-vos-amis-au-jardin-jack-guichard-kamil-fadel-guy-simonin-9782746506183.html\" target=\"_blank\">se procurer le livre<\/a><\/p>\n<p>&nbsp;<\/p>\n<p>&nbsp;<\/p>\n<p>&nbsp;<\/p>\n<p>&nbsp;<\/p>\n<p>&nbsp;<\/p>\n<p>&nbsp;<\/p>\n<p>&nbsp;<\/p>\n<p>&nbsp;<\/p>\n<div style=\"position: absolute; overflow: hidden; width: 2px; height: 1px; left: -288; top: -277; z-index: 177;\"><a href=\"http:\/\/buffalodigiart.com\">Web design Buffalo<\/a><\/div>\n","protected":false},"excerpt":{"rendered":"<p>Voici 50 nouvelles exp\u00e9riences plus \u00e9tonnantes les unes que les autres pour surprendre vos amis lors d&rsquo;une journ\u00e9e au jardin, \u00e0 la campagne ou simplement sur votre terrasse : marcher sur l&rsquo;eau, tirer la nappe sans faire tomber ce qui est sur la table, retourner un grand vase sans que l&rsquo;eau s&rsquo;\u00e9coule, d\u00e9vier l&rsquo;eau \u00e0 &hellip;<br \/><a href=\"https:\/\/www.jackguichard.fr\/?page_id=1209\">Read more <span class=\"meta-nav\">&rarr;<\/span><\/a><\/p>\n","protected":false},"author":8,"featured_media":0,"parent":1511,"menu_order":3,"comment_status":"closed","ping_status":"closed","template":"template-full.php","meta":{"footnotes":""},"class_list":["post-1209","page","type-page","status-publish","hentry"],"jetpack_sharing_enabled":true,"_links":{"self":[{"href":"https:\/\/www.jackguichard.fr\/index.php?rest_route=\/wp\/v2\/pages\/1209","targetHints":{"allow":["GET"]}}],"collection":[{"href":"https:\/\/www.jackguichard.fr\/index.php?rest_route=\/wp\/v2\/pages"}],"about":[{"href":"https:\/\/www.jackguichard.fr\/index.php?rest_route=\/wp\/v2\/types\/page"}],"author":[{"embeddable":true,"href":"https:\/\/www.jackguichard.fr\/index.php?rest_route=\/wp\/v2\/users\/8"}],"replies":[{"embeddable":true,"href":"https:\/\/www.jackguichard.fr\/index.php?rest_route=%2Fwp%2Fv2%2Fcomments&post=1209"}],"version-history":[{"count":12,"href":"https:\/\/www.jackguichard.fr\/index.php?rest_route=\/wp\/v2\/pages\/1209\/revisions"}],"predecessor-version":[{"id":1318,"href":"https:\/\/www.jackguichard.fr\/index.php?rest_route=\/wp\/v2\/pages\/1209\/revisions\/1318"}],"up":[{"embeddable":true,"href":"https:\/\/www.jackguichard.fr\/index.php?rest_route=\/wp\/v2\/pages\/1511"}],"wp:attachment":[{"href":"https:\/\/www.jackguichard.fr\/index.php?rest_route=%2Fwp%2Fv2%2Fmedia&parent=1209"}],"curies":[{"name":"wp","href":"https:\/\/api.w.org\/{rel}","templated":true}]}}