{"id":1313,"date":"2014-06-17T22:32:27","date_gmt":"2014-06-17T20:32:27","guid":{"rendered":"http:\/\/jackguichard.fr\/?page_id=1313"},"modified":"2016-02-28T14:35:56","modified_gmt":"2016-02-28T13:35:56","slug":"experiences-a-la-plage","status":"publish","type":"page","link":"https:\/\/www.jackguichard.fr\/?page_id=1313","title":{"rendered":"Experiences \u00e0 la plage"},"content":{"rendered":"<p><a href=\"http:\/\/jackguichard.fr\/wp-content\/uploads\/2011\/03\/74650770.jpg\"><img loading=\"lazy\" decoding=\"async\" class=\"alignright size-full wp-image-1306\" src=\"http:\/\/jackguichard.fr\/wp-content\/uploads\/2011\/03\/74650770.jpg\" alt=\"74650770\" width=\"120\" height=\"175\" \/><\/a>20 exp\u00e9riences scientifiques, sous forme de d\u00e9fis \u00e0 partager, illustr\u00e9es de dessins humoristiques. \u2022 Toutes les exp\u00e9riences sont r\u00e9alisables facilement sur la plage en utilisant le mat\u00e9riel disponible : un seau, du sable, de l\u2019eau de mer, une passoire \u00e0 sable, une bouteille. \u2022 En + : Une explication scientifique simple, pour faire d\u00e9couvrir aux copains ou aux parents, qu\u2019ils rencontrent, dans leur vie quotidienne, les ph\u00e9nom\u00e8nes en jeu dans les exp\u00e9riences. \u2022 Au programme : construire sur la plage la tour de sable la plus haute, emp\u00eacher l\u2019eau de couler avec une passoire \u00e0 sable, retourner un seau d\u2019eau sur un frisbee, faire tourner le seau de sable au-dessus de ta t\u00eate sans le renverser, ou encore marcher sur un \u0153uf sans le casser, etc.<\/p>\n<p>un livre pr\u00e9sent\u00e9 \u00e0 <a href=\"http:\/\/www.france2.fr\/emissions\/telematin\/vie-pratique\/les-experiences-a-la-plage_253519\">\u00ab\u00a0t\u00e9l\u00e9matin\u00a0\u00bb sur france2<\/a>, conseill\u00e9 par de <a href=\"http:\/\/www.leparisien.fr\/flash-actualite-sciences\/experiences-a-la-plage-un-livre-de-defis-scientifiques-pour-l-ete-20-06-2014-3939169.php\">nombreux m\u00e9dias<\/a>, de bonnes <a href=\"http:\/\/www.critiqueslibres.com\/i.php\/vcrit\/41686\">critiques<\/a><\/p>\n<p><b style=\"color: #48499a;\"><br \/>\nAuteur :\u00a0<\/b><span style=\"color: #48499a;\">Jack Guichard, Guy Simonin, Kamil Fadel<br \/>\n<\/span><b style=\"color: #48499a;\">Illustrateur :\u00a0<\/b><span style=\"color: #48499a;\">Paul Beaup\u00e8re<br \/>\n<\/span><span style=\"color: #48499a;\">Broch\u00e9, 96 pages (110 x 160 mm)\u00a0<\/span><b style=\"color: #48499a;\">Prix :\u00a0<\/b><span style=\"color: #48499a;\">6,90 \u20ac<\/span><\/p>\n<p><b style=\"color: #48499a;\">ISBN\/EAN :\u00a0<\/b><span style=\"color: #48499a;\">978-2-7465-0770-8 \/ 9782746507708<\/span><\/p>\n","protected":false},"excerpt":{"rendered":"<p>20 exp\u00e9riences scientifiques, sous forme de d\u00e9fis \u00e0 partager, illustr\u00e9es de dessins humoristiques. \u2022 Toutes les exp\u00e9riences sont r\u00e9alisables facilement sur la plage en utilisant le mat\u00e9riel disponible : un seau, du sable, de l\u2019eau de mer, une passoire \u00e0 sable, une bouteille. \u2022 En + : Une explication scientifique simple, pour faire d\u00e9couvrir aux &hellip;<br \/><a href=\"https:\/\/www.jackguichard.fr\/?page_id=1313\">Read more <span class=\"meta-nav\">&rarr;<\/span><\/a><\/p>\n","protected":false},"author":8,"featured_media":0,"parent":1511,"menu_order":4,"comment_status":"closed","ping_status":"closed","template":"template-full.php","meta":{"footnotes":""},"class_list":["post-1313","page","type-page","status-publish","hentry"],"jetpack_sharing_enabled":true,"_links":{"self":[{"href":"https:\/\/www.jackguichard.fr\/index.php?rest_route=\/wp\/v2\/pages\/1313","targetHints":{"allow":["GET"]}}],"collection":[{"href":"https:\/\/www.jackguichard.fr\/index.php?rest_route=\/wp\/v2\/pages"}],"about":[{"href":"https:\/\/www.jackguichard.fr\/index.php?rest_route=\/wp\/v2\/types\/page"}],"author":[{"embeddable":true,"href":"https:\/\/www.jackguichard.fr\/index.php?rest_route=\/wp\/v2\/users\/8"}],"replies":[{"embeddable":true,"href":"https:\/\/www.jackguichard.fr\/index.php?rest_route=%2Fwp%2Fv2%2Fcomments&post=1313"}],"version-history":[{"count":7,"href":"https:\/\/www.jackguichard.fr\/index.php?rest_route=\/wp\/v2\/pages\/1313\/revisions"}],"predecessor-version":[{"id":1391,"href":"https:\/\/www.jackguichard.fr\/index.php?rest_route=\/wp\/v2\/pages\/1313\/revisions\/1391"}],"up":[{"embeddable":true,"href":"https:\/\/www.jackguichard.fr\/index.php?rest_route=\/wp\/v2\/pages\/1511"}],"wp:attachment":[{"href":"https:\/\/www.jackguichard.fr\/index.php?rest_route=%2Fwp%2Fv2%2Fmedia&parent=1313"}],"curies":[{"name":"wp","href":"https:\/\/api.w.org\/{rel}","templated":true}]}}