{"id":1335,"date":"2014-08-10T09:44:45","date_gmt":"2014-08-10T07:44:45","guid":{"rendered":"http:\/\/jackguichard.fr\/?page_id=1335"},"modified":"2016-02-28T18:22:50","modified_gmt":"2016-02-28T17:22:50","slug":"pour-comprendre-toutes-les-matieres-hachette","status":"publish","type":"page","link":"https:\/\/www.jackguichard.fr\/?page_id=1335","title":{"rendered":"Pour comprendre toutes les matieres, HACHETTE"},"content":{"rendered":"<h1>Pour comprendre toutes les mati\u00e8res CP &#8211; 6-7 ans<\/h1>\n<div class=\"authors\" style=\"color: #8c8c8c;\">\n<h2 style=\"color: #8c8c8c;\"><a href=\"http:\/\/jackguichard.fr\/wp-content\/uploads\/2014\/08\/9782011700872FS.gif\"><img loading=\"lazy\" decoding=\"async\" class=\"alignright size-full wp-image-1337\" src=\"http:\/\/jackguichard.fr\/wp-content\/uploads\/2014\/08\/9782011700872FS.gif\" alt=\"9782011700872FS\" width=\"165\" height=\"217\" \/><\/a><a style=\"color: #06487f;\" href=\"http:\/\/www.decitre.fr\/auteur\/1977414\/Christelle+Prudon\/\">Christelle Prudon<\/a>,\u00a0<a style=\"color: #06487f;\" href=\"http:\/\/www.decitre.fr\/auteur\/1427162\/Pauline+Bodeau\/\">Pauline Bodeau<\/a>,\u00a0<a style=\"color: #06487f;\" href=\"http:\/\/www.decitre.fr\/auteur\/236859\/Jack+Guichard\/\">Jack Guichard<\/a>,<a style=\"color: #06487f;\" href=\"http:\/\/www.decitre.fr\/auteur\/2233897\/Severine+Chatelain\/\">S\u00e9verine Chatelain<\/a>,\u00a0<a style=\"color: #06487f;\" href=\"http:\/\/www.decitre.fr\/auteur\/2233898\/Pascale+Huet\/\">Pascale Huet<\/a><\/h2>\n<\/div>\n<ul class=\"info clearfix\" style=\"color: #000000;\">\n<li style=\"color: #b0b0b0;\">PARU LE : 02\/07\/2014<\/li>\n<\/ul>\n<div class=\"summary\" style=\"color: #000000;\">\n<div id=\"description\">Une double page par notion, avec : le cours, clair et complet, illustr\u00e9 par de nombreux exemples ; un exercice corrig\u00e9 pas \u00e0 pas, pour montrer \u00e0 l&rsquo;enfant comment bien appliquer le cours dans les exercices ; de nombreux exercices progressifs, pour s&rsquo;entra\u00eener ; Oscar, la mascotte qui guide l&rsquo;enfant tout au long du cahier en lui rappelant les points cl\u00e9s de la le\u00e7on. En anglais : les fichiers audio MP3 des mini-dialogues \u00e0 t\u00e9l\u00e9charger gratuitement.<br \/>\nTous les corrig\u00e9s, d\u00e9tachables, dans le Guide Parents.<\/div>\n<div><\/div>\n<div>\n<h1 style=\"font-weight: normal;\">Pour comprendre toutes les mati\u00e8res CM2 &#8211; 10\/11 ans<\/h1>\n<div class=\"authors\" style=\"color: #8c8c8c;\">\n<h2 style=\"font-weight: normal; color: #8c8c8c;\"><a href=\"http:\/\/jackguichard.fr\/wp-content\/uploads\/2014\/08\/9782011714244FS.gif\"><img loading=\"lazy\" decoding=\"async\" class=\"alignright size-full wp-image-1341\" src=\"http:\/\/jackguichard.fr\/wp-content\/uploads\/2014\/08\/9782011714244FS.gif\" alt=\"9782011714244FS\" width=\"165\" height=\"220\" \/><\/a><a style=\"color: #06487f;\" href=\"http:\/\/www.decitre.fr\/auteur\/2233955\/Laure+Bremont\/\">Laure Br\u00e9mont<\/a>,\u00a0<a style=\"color: #06487f;\" href=\"http:\/\/www.decitre.fr\/auteur\/2233748\/Pierre+Bremont\/\">Pierre Br\u00e9mont<\/a>,\u00a0<a style=\"color: #06487f;\" href=\"http:\/\/www.decitre.fr\/auteur\/216612\/Jean+Etienne+Herete\/\">Jean-Etienne H\u00e9r\u00e9t\u00e9<\/a>,<a style=\"color: #06487f;\" href=\"http:\/\/www.decitre.fr\/auteur\/344288\/Fabienne+Dachet\/\">Fabienne Dachet<\/a><\/h2>\n<\/div>\n<div class=\"rate\" style=\"color: #666666;\"><\/div>\n<div class=\"summary\">\n<div id=\"description\">Une double page par notion, avec : le cours, clair et complet, illustr\u00e9 par de nombreux exemples ; un exercice corrig\u00e9 pas \u00e0 pas, pour montrer \u00e0 l&rsquo;enfant comment bien appliquer le cours dans les exercices ; de nombreux exercices progressifs, pour s&rsquo;entra\u00eener ; Oscar, la mascotte qui guide l&rsquo;enfant tout au long du cahier en lui rappelant les points cl\u00e9s de la le\u00e7on. En anglais : les fichiers audio MP3 des mini-dialogues \u00e0 t\u00e9l\u00e9charger gratuitement sur hachette education.<br \/>\n24 dict\u00e9es d&rsquo;entra\u00eenement en orthographe. Tous les corrig\u00e9s, d\u00e9tachables, dans le Guide Parents.<\/div>\n<div><\/div>\n<div>\n<h1>Pour comprendre toutes les mati\u00e8res CE1 &#8211; 7-8 ans<\/h1>\n<div class=\"authors\" style=\"color: #8c8c8c;\">\n<h2 style=\"color: #8c8c8c;\"><a href=\"http:\/\/jackguichard.fr\/wp-content\/uploads\/2014\/08\/9782011700889FS.gif\"><img loading=\"lazy\" decoding=\"async\" class=\"alignright size-full wp-image-1343\" src=\"http:\/\/jackguichard.fr\/wp-content\/uploads\/2014\/08\/9782011700889FS.gif\" alt=\"9782011700889FS\" width=\"165\" height=\"215\" \/><\/a><a style=\"color: #06487f;\" href=\"http:\/\/www.decitre.fr\/auteur\/1293089\/Pierre+Dieny\/\">Pierre Di\u00e9ny<\/a>,\u00a0<a style=\"color: #06487f;\" href=\"http:\/\/www.decitre.fr\/auteur\/1344257\/Magali+Dieny\/\">Magali Di\u00e9ny<\/a>,\u00a0<a style=\"color: #06487f;\" href=\"http:\/\/www.decitre.fr\/auteur\/1558532\/Frederic+Beau\/\">Fr\u00e9d\u00e9ric Beau<\/a>,\u00a0<a style=\"color: #06487f;\" href=\"http:\/\/www.decitre.fr\/auteur\/1427162\/Pauline+Bodeau\/\">Pauline Bodeau<\/a>,\u00a0<span style=\"color: #06487f;\">Collectif<\/span><\/h2>\n<\/div>\n<div class=\"summary\">\n<div id=\"description\">Une double page par notion, avec : le cours, clair et complet, illustr\u00e9 par de nombreux exemples ; un exercice corrig\u00e9 pas \u00e0 pas, pour montrer \u00e0 l&rsquo;enfant comment bien appliquer le cours dans les exercices ; de nombreux exercices progressifs, pour s&rsquo;entra\u00eener ; Oscar, la mascotte qui guide l&rsquo;enfant tout au long du cahier en lui rappelant les points cl\u00e9s de la le\u00e7on. En anglais : les fichiers audio MP3 des mini-dialogues \u00e0 t\u00e9l\u00e9charger gratuitement.<br \/>\nTous les corrig\u00e9s, d\u00e9tachables, dans le Guide Parents.<\/div>\n<\/div>\n<\/div>\n<\/div>\n<h1 style=\"font-weight: normal;\">Pour comprendre toutes les mati\u00e8res CE2<\/h1>\n<div class=\"authors\" style=\"color: #8c8c8c;\">\n<h2 style=\"font-weight: normal; color: #8c8c8c;\"><a href=\"http:\/\/jackguichard.fr\/wp-content\/uploads\/2014\/08\/9782011714220FS.gif\"><img loading=\"lazy\" decoding=\"async\" class=\"alignright wp-image-1344 size-full\" src=\"http:\/\/jackguichard.fr\/wp-content\/uploads\/2014\/08\/9782011714220FS.gif\" alt=\"9782011714220FS\" width=\"165\" height=\"223\" \/><\/a><a style=\"color: #06487f;\" href=\"http:\/\/www.decitre.fr\/auteur\/1128674\/Claire+Faucon\/\">Claire Faucon<\/a>,\u00a0<a style=\"color: #06487f;\" href=\"http:\/\/www.decitre.fr\/auteur\/1605799\/Marie+Laure+Carpentier\/\">Marie-Laure Carpentier<\/a>,\u00a0<a style=\"color: #06487f;\" href=\"http:\/\/www.decitre.fr\/auteur\/216613\/Andres+Cardenas\/\">Andr\u00e8s Cardenas<\/a>,<a style=\"color: #06487f;\" href=\"http:\/\/www.decitre.fr\/auteur\/216608\/Frederic+Chemery\/\">Fr\u00e9d\u00e9ric Ch\u00e9mery<\/a><\/h2>\n<p><span style=\"color: #000000;\">Une double page par notion, avec : le cours, clair et complet, illustr\u00e9 par de nombreux exemples ; un exercice corrig\u00e9 pas \u00e0 pas, pour montrer \u00e0 l&rsquo;enfant comment bien appliquer le cours dans les exercices ; de nombreux exercices progressifs, pour s&rsquo;entra\u00eener ; Oscar, la mascotte qui guide l&rsquo;enfant tout au long du cahier en lui rappelant les points cl\u00e9s de la le\u00e7on. En anglais : les fichiers audio MP3 des mini-dialogues \u00e0 t\u00e9l\u00e9charger gratuitement.\u00a0<\/span><br style=\"color: #000000;\" \/><span style=\"color: #000000;\">Tous les corrig\u00e9s, d\u00e9tachables, dans le Guide Parents.<\/span><\/p>\n<\/div>\n<h1>Pour comprendre toutes les mati\u00e8res<\/h1>\n<h1>CM1 &#8211; 9-10 ans<\/h1>\n<div class=\"authors\" style=\"color: #8c8c8c;\">\n<h2 style=\"color: #8c8c8c;\"><a href=\"http:\/\/jackguichard.fr\/wp-content\/uploads\/2014\/08\/9782011714237FS.gif\"><img loading=\"lazy\" decoding=\"async\" class=\"alignright wp-image-1339 size-full\" src=\"http:\/\/jackguichard.fr\/wp-content\/uploads\/2014\/08\/9782011714237FS.gif\" alt=\"9782011714237FS\" width=\"165\" height=\"218\" \/><\/a><a style=\"color: #06487f;\" href=\"http:\/\/www.decitre.fr\/auteur\/2233748\/Pierre+Bremont\/\">Pierre Br\u00e9mont<\/a>,\u00a0<a style=\"color: #06487f;\" href=\"http:\/\/www.decitre.fr\/auteur\/344288\/Fabienne+Dachet\/\">Fabienne Dachet<\/a>,\u00a0<a style=\"color: #06487f;\" href=\"http:\/\/www.decitre.fr\/auteur\/1427195\/Emmanuel+Guimberteau\/\">Emmanuel Guimberteau<\/a>,\u00a0<a style=\"color: #06487f;\" href=\"http:\/\/www.decitre.fr\/auteur\/236859\/Jack+Guichard\/\">Jack Guichard<\/a><\/h2>\n<\/div>\n<\/div>\n<div>Une double page par notion, avec : le cours, clair et complet, illustr\u00e9 par de nombreux exemples ; un exercice corrig\u00e9 pas \u00e0 pas, pour montrer \u00e0 l&rsquo;enfant comment bien appliquer le cours dans les exercices ; de nombreux exercices progressifs, pour s&rsquo;entra\u00eener ; Oscar, la mascotte qui guide l&rsquo;enfant tout au long du cahier en lui rappelant les points cl\u00e9s de la le\u00e7on. En anglais : les fichiers audio MP3 des mini-dialogues \u00e0 t\u00e9l\u00e9charger gratuitement.<br \/>\nTous les corrig\u00e9s, d\u00e9tachables, dans le Guide Parents.<\/div>\n<\/div>\n","protected":false},"excerpt":{"rendered":"<p>Pour comprendre toutes les mati\u00e8res CP &#8211; 6-7 ans Christelle Prudon,\u00a0Pauline Bodeau,\u00a0Jack Guichard,S\u00e9verine Chatelain,\u00a0Pascale Huet PARU LE : 02\/07\/2014 Une double page par notion, avec : le cours, clair et complet, illustr\u00e9 par de nombreux exemples ; un exercice corrig\u00e9 pas \u00e0 pas, pour montrer \u00e0 l&rsquo;enfant comment bien appliquer le cours dans les exercices &hellip;<br \/><a href=\"https:\/\/www.jackguichard.fr\/?page_id=1335\">Read more <span class=\"meta-nav\">&rarr;<\/span><\/a><\/p>\n","protected":false},"author":8,"featured_media":0,"parent":1522,"menu_order":3,"comment_status":"closed","ping_status":"closed","template":"template-full.php","meta":{"footnotes":""},"class_list":["post-1335","page","type-page","status-publish","hentry"],"jetpack_sharing_enabled":true,"_links":{"self":[{"href":"https:\/\/www.jackguichard.fr\/index.php?rest_route=\/wp\/v2\/pages\/1335","targetHints":{"allow":["GET"]}}],"collection":[{"href":"https:\/\/www.jackguichard.fr\/index.php?rest_route=\/wp\/v2\/pages"}],"about":[{"href":"https:\/\/www.jackguichard.fr\/index.php?rest_route=\/wp\/v2\/types\/page"}],"author":[{"embeddable":true,"href":"https:\/\/www.jackguichard.fr\/index.php?rest_route=\/wp\/v2\/users\/8"}],"replies":[{"embeddable":true,"href":"https:\/\/www.jackguichard.fr\/index.php?rest_route=%2Fwp%2Fv2%2Fcomments&post=1335"}],"version-history":[{"count":9,"href":"https:\/\/www.jackguichard.fr\/index.php?rest_route=\/wp\/v2\/pages\/1335\/revisions"}],"predecessor-version":[{"id":1379,"href":"https:\/\/www.jackguichard.fr\/index.php?rest_route=\/wp\/v2\/pages\/1335\/revisions\/1379"}],"up":[{"embeddable":true,"href":"https:\/\/www.jackguichard.fr\/index.php?rest_route=\/wp\/v2\/pages\/1522"}],"wp:attachment":[{"href":"https:\/\/www.jackguichard.fr\/index.php?rest_route=%2Fwp%2Fv2%2Fmedia&parent=1335"}],"curies":[{"name":"wp","href":"https:\/\/api.w.org\/{rel}","templated":true}]}}