{"id":1359,"date":"2014-09-30T10:48:09","date_gmt":"2014-09-30T08:48:09","guid":{"rendered":"http:\/\/jackguichard.fr\/?page_id=1359"},"modified":"2020-07-08T20:34:36","modified_gmt":"2020-07-08T18:34:36","slug":"tout-sur-labeille-et-le-reste","status":"publish","type":"page","link":"https:\/\/www.jackguichard.fr\/?page_id=1359","title":{"rendered":"Tout sur l&rsquo;abeille&#8230; et le reste"},"content":{"rendered":"<p><span class=\"bleu\"><b><a href=\"http:\/\/jackguichard.fr\/wp-content\/uploads\/2014\/09\/74650732.jpg\"><img loading=\"lazy\" decoding=\"async\" class=\"alignright size-full wp-image-1361\" src=\"http:\/\/jackguichard.fr\/wp-content\/uploads\/2014\/09\/74650732.jpg\" alt=\"74650732\" width=\"255\" height=\"320\" srcset=\"https:\/\/www.jackguichard.fr\/wp-content\/uploads\/2014\/09\/74650732.jpg 255w, https:\/\/www.jackguichard.fr\/wp-content\/uploads\/2014\/09\/74650732-239x300.jpg 239w\" sizes=\"auto, (max-width: 255px) 100vw, 255px\" \/><\/a><\/b><\/span><\/p>\n<p align=\"justify\"><span class=\"basic\">D\u00e8s que le soleil de mai resplendit, une multitude d\u2019insectes envahit la nature. Pour celui qui aime observer ce monde qui l&rsquo;entoure, celui de l&rsquo;abeille est un des plus fascinants. Que savons-nous vraiment de l&rsquo;abeille ? Savez-vous que les abeilles transportent le quart de leur poids en pollen sur leurs pattes ? Savez-vous que certaines colonies d&rsquo;abeilles peuvent emmagasiner plus de 3kg de nectar par jour ? Savez-vous que les abeilles voient la vie en bleu ? Savez-vous qu&rsquo;elles sont apparues il y a 70 millions d&rsquo;ann\u00e9es ? Qu&rsquo;elles ne s&rsquo;attaquent \u00e0 l&rsquo;homme que si elles se sentent agress\u00e9es ? Un grand album documentaire pour tout savoir sur l\u2019abeille \u00e0 travers des planches d\u2019illustrations d\u00e9cal\u00e9es et humoristiques qui servent les informations scientifiques et pr\u00e9sentent l\u2019abeille avec ses dr\u00f4les de particularit\u00e9s\u2026<\/span><\/p>\n<p align=\"justify\"><span class=\"basic\"><b>Jack Guichard<\/b>\u00a0a \u00e9t\u00e9 Directeur du Palais de la d\u00e9couverte. Professeur des Universit\u00e9s, il est \u00e0 la fois scientifique et sp\u00e9cialiste d\u2019\u00e9ducation et de communication.<\/span><\/p>\n<p align=\"justify\"><span class=\"basic\"><b>Carole X\u00e9nard<\/b>\u00a0est illustratrice pour la presse et l&rsquo;\u00e9dition jeunesse, avec une petite sp\u00e9cialisation dans les bestioles en tout genre.<\/span><\/p>\n<p><span class=\"bleu\"><b>Auteur :\u00a0<\/b>Jack Guichard<br \/>\n<b>Illustrateur :\u00a0<\/b>Carole X\u00e9nard<br \/>\n<b>Collection :\u00a0<\/b><a class=\"bleu\" href=\"http:\/\/www.editions-lepommier.fr\/collection.asp?IDCollection=3\">Les albums<\/a><br \/>\nCartonn\u00e9, 64 pages (230 x 285 mm)\u00a0<b>Prix :\u00a0<\/b>18 \u20ac<br \/>\n<b>ISBN\/EAN :\u00a0<\/b>978-2-7465-0732-6 \/\u00a0<\/span><\/p>\n<p><a href=\"http:\/\/www.editions-lepommier.fr\/ouvrage.asp?IDLivre=693\">se procurer le livre<\/a><\/p>\n<p><em>voir la\u00a0<a href=\"http:\/\/www.rtl.fr\/culture\/tendances\/maison-jardin-cuisine-brocante-le-bienfait-des-abeilles-7774134459\">citation de RTL <\/a><\/em>: Les\u00a0<a class=\"link\" title=\"\" href=\"http:\/\/www.editions-lepommier.fr\/\">\u00e9ditions du Pommier<\/a>\u00a0viennent de publier un album formidable pour les enfants.\u00a0Le livre de Jack Guichard et Carole X\u00e9nard s\u2019appelle tout simplement\u00a0<em>Tout sur l\u2019abeille<\/em>, c\u2019est une bande dessin\u00e9e tr\u00e8s jolie, et tr\u00e8s compl\u00e8te sur la vie des abeilles, depuis leur r\u00f4le de butineuses des fleurs jusqu\u2019aux qualit\u00e9s des diff\u00e9rents produits de la ruche, franchement, petits ou grands je vous le recommande car vous apprendrez beaucoup de choses, et pour seulement 18\u20ac.<\/p>\n<p>avis de sciences et avenir\u00a0<a href=\"http:\/\/jackguichard.fr\/wp-content\/uploads\/2014\/09\/DOC054.pdf\">DOC054<\/a><\/p>\n<p>avis et commentaires de <a href=\"http:\/\/www.babelio.com\/auteur\/Jack-Guichard\/121069\/critiques\">babelio<\/a><\/p>\n<p><a href=\"http:\/\/jackguichard.fr\/wp-content\/uploads\/2017\/09\/2017-09-041563@WAPITI.pdf\">avis de WAPITI 2017<\/a><\/p>\n<p>versions \u00e9trang\u00e8res<\/p>\n<p><img loading=\"lazy\" decoding=\"async\" class=\"alignleft size-thumbnail wp-image-2143\" src=\"http:\/\/jackguichard.fr\/wp-content\/uploads\/2020\/07\/51pu1Fyw6YL._SX401_BO1204203200_-150x150.jpg\" alt=\"\" width=\"150\" height=\"150\" \/><img loading=\"lazy\" decoding=\"async\" class=\"size-thumbnail wp-image-2145 aligncenter\" src=\"http:\/\/jackguichard.fr\/wp-content\/uploads\/2020\/07\/922-150x150.png\" alt=\"\" width=\"150\" height=\"150\" \/><\/p>\n<p>avis de \u00ab\u00a0fous de sciences\u00a0\u00bb<a href=\"http:\/\/jackguichard.fr\/wp-content\/uploads\/2014\/09\/foudesciencabaeill.jpg\"><img loading=\"lazy\" decoding=\"async\" class=\"alignleft wp-image-1410 size-full\" src=\"http:\/\/jackguichard.fr\/wp-content\/uploads\/2014\/09\/foudesciencabaeill.jpg\" alt=\"foudesciencabaeill\" width=\"720\" height=\"794\" srcset=\"https:\/\/www.jackguichard.fr\/wp-content\/uploads\/2014\/09\/foudesciencabaeill.jpg 720w, https:\/\/www.jackguichard.fr\/wp-content\/uploads\/2014\/09\/foudesciencabaeill-272x300.jpg 272w\" sizes=\"auto, (max-width: 720px) 100vw, 720px\" \/><\/a><\/p>\n","protected":false},"excerpt":{"rendered":"<p>D\u00e8s que le soleil de mai resplendit, une multitude d\u2019insectes envahit la nature. Pour celui qui aime observer ce monde qui l&rsquo;entoure, celui de l&rsquo;abeille est un des plus fascinants. Que savons-nous vraiment de l&rsquo;abeille ? Savez-vous que les abeilles transportent le quart de leur poids en pollen sur leurs pattes ? Savez-vous que certaines &hellip;<br \/><a href=\"https:\/\/www.jackguichard.fr\/?page_id=1359\">Read more <span class=\"meta-nav\">&rarr;<\/span><\/a><\/p>\n","protected":false},"author":8,"featured_media":0,"parent":33,"menu_order":0,"comment_status":"closed","ping_status":"closed","template":"template-full.php","meta":{"footnotes":""},"class_list":["post-1359","page","type-page","status-publish","hentry"],"jetpack_sharing_enabled":true,"_links":{"self":[{"href":"https:\/\/www.jackguichard.fr\/index.php?rest_route=\/wp\/v2\/pages\/1359","targetHints":{"allow":["GET"]}}],"collection":[{"href":"https:\/\/www.jackguichard.fr\/index.php?rest_route=\/wp\/v2\/pages"}],"about":[{"href":"https:\/\/www.jackguichard.fr\/index.php?rest_route=\/wp\/v2\/types\/page"}],"author":[{"embeddable":true,"href":"https:\/\/www.jackguichard.fr\/index.php?rest_route=\/wp\/v2\/users\/8"}],"replies":[{"embeddable":true,"href":"https:\/\/www.jackguichard.fr\/index.php?rest_route=%2Fwp%2Fv2%2Fcomments&post=1359"}],"version-history":[{"count":13,"href":"https:\/\/www.jackguichard.fr\/index.php?rest_route=\/wp\/v2\/pages\/1359\/revisions"}],"predecessor-version":[{"id":2146,"href":"https:\/\/www.jackguichard.fr\/index.php?rest_route=\/wp\/v2\/pages\/1359\/revisions\/2146"}],"up":[{"embeddable":true,"href":"https:\/\/www.jackguichard.fr\/index.php?rest_route=\/wp\/v2\/pages\/33"}],"wp:attachment":[{"href":"https:\/\/www.jackguichard.fr\/index.php?rest_route=%2Fwp%2Fv2%2Fmedia&parent=1359"}],"curies":[{"name":"wp","href":"https:\/\/api.w.org\/{rel}","templated":true}]}}