{"id":1365,"date":"2014-09-30T10:53:06","date_gmt":"2014-09-30T08:53:06","guid":{"rendered":"http:\/\/jackguichard.fr\/?page_id=1365"},"modified":"2016-02-28T14:43:16","modified_gmt":"2016-02-28T13:43:16","slug":"logicomaniac-le-grand-livre-des-defis-logiques-et-mathematiques","status":"publish","type":"page","link":"https:\/\/www.jackguichard.fr\/?page_id=1365","title":{"rendered":"Logicomaniac, le grand livre des defis logiques et mathematiques"},"content":{"rendered":"<div class=\"field field-name-title-field field-type-text field-label-hidden\">\n<div class=\"field-items\">\n<div class=\"field-item even\">\n<p><strong>par Jack et Florence Guichard<a href=\"http:\/\/jackguichard.fr\/wp-content\/uploads\/2014\/09\/9782035907424-X_0.jpg\"><img loading=\"lazy\" decoding=\"async\" class=\"alignright size-full wp-image-1367\" src=\"http:\/\/jackguichard.fr\/wp-content\/uploads\/2014\/09\/9782035907424-X_0.jpg\" alt=\"9782035907424-X_0\" width=\"245\" height=\"356\" srcset=\"https:\/\/www.jackguichard.fr\/wp-content\/uploads\/2014\/09\/9782035907424-X_0.jpg 245w, https:\/\/www.jackguichard.fr\/wp-content\/uploads\/2014\/09\/9782035907424-X_0-206x300.jpg 206w\" sizes=\"auto, (max-width: 245px) 100vw, 245px\" \/><\/a><\/strong><\/p>\n<\/div>\n<\/div>\n<\/div>\n<div class=\"field field-name-hw-presentation-editoriale field-type-text-long field-label-hidden\">\n<div class=\"field-items\">\n<div class=\"field-item even\">\n<ul>\n<li>Des jeux pour se creuser les m\u00e9ninges\u00a0: \u00e9nigmes logiques, suites logiques, devinettes, probl\u00e8mes, quiz, r\u00e9bus, illusions d\u2019optique<\/li>\n<li>Des exp\u00e9riences, d\u00e9fis et tests pour s\u2019amuser, \u00e0 faire seul ou en \u00e9quipe<\/li>\n<li>Les solutions \u00e0 la suite de chaque jeu, \u00e0 l\u2019envers ou plus d\u00e9taill\u00e9es dans un encadr\u00e9<\/li>\n<li>Le niveau des jeux indiqu\u00e9 avec 1, 2 ou 3 \u00e9toiles<\/li>\n<\/ul>\n<\/div>\n<\/div>\n<\/div>\n<div class=\"field field-name-hw-public-cible-prinicpales field-type-text-long field-label-inline clearfix\">\n<div class=\"field-label\">Public : Tout public<\/div>\n<div class=\"field-label\"><\/div>\n<div class=\"field-label\"><span class=\"product_feature_label\">ISBN :<\/span>978-2-03-590742-4<br \/>\n<span class=\"product_feature_label\">\u00c9diteur :<\/span>Larousse<br \/>\n<span class=\"product_feature_label\">Date Parution :<\/span><time datetime=\"2014-09-01\">09\/2014<\/time><br \/>\n<span class=\"product_feature_label\">Nombre de pages :<\/span>288<\/div>\n<div class=\"field-label\">prix : 20,90\u20ac<\/div>\n<div class=\"field-label\"><\/div>\n<div class=\"field-label\"><a href=\"http:\/\/www.francenetinfos.com\/logicomaniac-grand-livre-defis-logiques-mathematiques-92848\/\">avis de FrancenetInfos<\/a><\/div>\n<div class=\"field-label\"><a href=\"http:\/\/www.actumaths.com\/index.php\">avis sur \u00ab\u00a0actumath\u00a0\u00bb<\/a><\/div>\n<div class=\"field-label\"><\/div>\n<div class=\"field-label\"><a href=\"https:\/\/www.mollat.com\/livres\/guichard-florence-logicomaniac-grand-livre-des-defis-logiques-mathematiques-9782035907424.html\">acheter chez mollat<\/a><\/div>\n<\/div>\n","protected":false},"excerpt":{"rendered":"<p>par Jack et Florence Guichard Des jeux pour se creuser les m\u00e9ninges\u00a0: \u00e9nigmes logiques, suites logiques, devinettes, probl\u00e8mes, quiz, r\u00e9bus, illusions d\u2019optique Des exp\u00e9riences, d\u00e9fis et tests pour s\u2019amuser, \u00e0 faire seul ou en \u00e9quipe Les solutions \u00e0 la suite de chaque jeu, \u00e0 l\u2019envers ou plus d\u00e9taill\u00e9es dans un encadr\u00e9 Le niveau des jeux &hellip;<br \/><a href=\"https:\/\/www.jackguichard.fr\/?page_id=1365\">Read more <span class=\"meta-nav\">&rarr;<\/span><\/a><\/p>\n","protected":false},"author":8,"featured_media":0,"parent":1524,"menu_order":2,"comment_status":"closed","ping_status":"closed","template":"template-full.php","meta":{"footnotes":""},"class_list":["post-1365","page","type-page","status-publish","hentry"],"jetpack_sharing_enabled":true,"_links":{"self":[{"href":"https:\/\/www.jackguichard.fr\/index.php?rest_route=\/wp\/v2\/pages\/1365","targetHints":{"allow":["GET"]}}],"collection":[{"href":"https:\/\/www.jackguichard.fr\/index.php?rest_route=\/wp\/v2\/pages"}],"about":[{"href":"https:\/\/www.jackguichard.fr\/index.php?rest_route=\/wp\/v2\/types\/page"}],"author":[{"embeddable":true,"href":"https:\/\/www.jackguichard.fr\/index.php?rest_route=\/wp\/v2\/users\/8"}],"replies":[{"embeddable":true,"href":"https:\/\/www.jackguichard.fr\/index.php?rest_route=%2Fwp%2Fv2%2Fcomments&post=1365"}],"version-history":[{"count":6,"href":"https:\/\/www.jackguichard.fr\/index.php?rest_route=\/wp\/v2\/pages\/1365\/revisions"}],"predecessor-version":[{"id":1414,"href":"https:\/\/www.jackguichard.fr\/index.php?rest_route=\/wp\/v2\/pages\/1365\/revisions\/1414"}],"up":[{"embeddable":true,"href":"https:\/\/www.jackguichard.fr\/index.php?rest_route=\/wp\/v2\/pages\/1524"}],"wp:attachment":[{"href":"https:\/\/www.jackguichard.fr\/index.php?rest_route=%2Fwp%2Fv2%2Fmedia&parent=1365"}],"curies":[{"name":"wp","href":"https:\/\/api.w.org\/{rel}","templated":true}]}}