{"id":1429,"date":"2015-01-20T22:51:53","date_gmt":"2015-01-20T21:51:53","guid":{"rendered":"http:\/\/jackguichard.fr\/?page_id=1429"},"modified":"2015-01-20T23:27:46","modified_gmt":"2015-01-20T22:27:46","slug":"label","status":"publish","type":"page","link":"https:\/\/www.jackguichard.fr\/?page_id=1429","title":{"rendered":"LABEL"},"content":{"rendered":"<h3><span style=\"font-weight: normal; font-size: 13px;\">Jack GUICHARD pr\u00e9side <a title=\"label\" href=\"http:\/\/estuaire.net\/nous-decouvrir\/label\">LABEL, le bureau d&rsquo;\u00e9tude Littoral <\/a>qui effectue des \u00e9tudes d&rsquo;impact et des \u00e9tudes sur l&rsquo;environnement dans le cadre de l&rsquo;association.<\/span><\/h3>\n<p>LABEL\u00a0a pour mission de conseiller techniquement les diff\u00e9rentes structures du groupe <a href=\"http:\/\/estuaire.net\">ESTUAIRE<\/a> qui a d\u00e9velopp\u00e9, d\u00e8s sa cr\u00e9ation en 1993, un axe de travail marqu\u00e9 en faveur de la biodiversit\u00e9. Pour mieux satisfaire cet objectif, le Groupe a cr\u00e9\u00e9 la filiale LABEL pour mettre en place des \u00e9tudes scientifiques concernant actions d\u2019am\u00e9nagement et de restauration des milieux, au d\u00e9part\u00a0 dans le cadre d\u2019\u00e9tudes li\u00e9es au projet europ\u00e9en Cycleau ; mais aussi\u00a0 sur la valorisation des co-produits ostr\u00e9icoles (coquilles d\u2019hu\u00eetres), pour la signal\u00e9tique ostr\u00e9icole du bassin de Talmont, ainsi que des \u00e9tudes pour le compte du DOCOB Natura 2000 du site de l\u2019estuaire et des marais\u00a0du Payr\u00e9<\/p>\n<p>Les \u00e9tudes effectu\u00e9es offrent une vue\u00a0 globale sur un territoire d\u00e9j\u00e0 connu et incluant une prise en compte de l\u2019\u00e9quilibre entre activit\u00e9s humaines et environnement. LABEL a la <strong><em>capacit\u00e9 \u00e0 proposer des \u00e9volutions des projets en fonction des r\u00e9sultats et les enjeux.<\/em><\/strong><\/p>\n<p>exemple de r\u00e9sultats d&rsquo;\u00e9tudes dans <a href=\"http:\/\/estuaire.net\/dossiers\">les Dossiers d&rsquo;estuaire<\/a><\/p>\n<p>&nbsp;<\/p>\n","protected":false},"excerpt":{"rendered":"<p>Jack GUICHARD pr\u00e9side LABEL, le bureau d&rsquo;\u00e9tude Littoral qui effectue des \u00e9tudes d&rsquo;impact et des \u00e9tudes sur l&rsquo;environnement dans le cadre de l&rsquo;association. LABEL\u00a0a pour mission de conseiller techniquement les diff\u00e9rentes structures du groupe ESTUAIRE qui a d\u00e9velopp\u00e9, d\u00e8s sa cr\u00e9ation en 1993, un axe de travail marqu\u00e9 en faveur de la biodiversit\u00e9. Pour mieux &hellip;<br \/><a href=\"https:\/\/www.jackguichard.fr\/?page_id=1429\">Read more <span class=\"meta-nav\">&rarr;<\/span><\/a><\/p>\n","protected":false},"author":8,"featured_media":0,"parent":369,"menu_order":5,"comment_status":"closed","ping_status":"closed","template":"template-full.php","meta":{"footnotes":""},"class_list":["post-1429","page","type-page","status-publish","hentry"],"jetpack_sharing_enabled":true,"_links":{"self":[{"href":"https:\/\/www.jackguichard.fr\/index.php?rest_route=\/wp\/v2\/pages\/1429","targetHints":{"allow":["GET"]}}],"collection":[{"href":"https:\/\/www.jackguichard.fr\/index.php?rest_route=\/wp\/v2\/pages"}],"about":[{"href":"https:\/\/www.jackguichard.fr\/index.php?rest_route=\/wp\/v2\/types\/page"}],"author":[{"embeddable":true,"href":"https:\/\/www.jackguichard.fr\/index.php?rest_route=\/wp\/v2\/users\/8"}],"replies":[{"embeddable":true,"href":"https:\/\/www.jackguichard.fr\/index.php?rest_route=%2Fwp%2Fv2%2Fcomments&post=1429"}],"version-history":[{"count":6,"href":"https:\/\/www.jackguichard.fr\/index.php?rest_route=\/wp\/v2\/pages\/1429\/revisions"}],"predecessor-version":[{"id":1443,"href":"https:\/\/www.jackguichard.fr\/index.php?rest_route=\/wp\/v2\/pages\/1429\/revisions\/1443"}],"up":[{"embeddable":true,"href":"https:\/\/www.jackguichard.fr\/index.php?rest_route=\/wp\/v2\/pages\/369"}],"wp:attachment":[{"href":"https:\/\/www.jackguichard.fr\/index.php?rest_route=%2Fwp%2Fv2%2Fmedia&parent=1429"}],"curies":[{"name":"wp","href":"https:\/\/api.w.org\/{rel}","templated":true}]}}