{"id":1431,"date":"2015-01-20T22:56:11","date_gmt":"2015-01-20T21:56:11","guid":{"rendered":"http:\/\/jackguichard.fr\/?page_id=1431"},"modified":"2021-06-23T17:34:19","modified_gmt":"2021-06-23T15:34:19","slug":"sentinelle-de-lestuaire","status":"publish","type":"page","link":"https:\/\/www.jackguichard.fr\/?page_id=1431","title":{"rendered":"Sentinelle de l&rsquo;estuaire"},"content":{"rendered":"<h3>Jack Guichard est responsable et cr\u00e9ateur de \u00ab\u00a0<a title=\"sentinelle\" href=\"http:\/\/sentinelledelestuaire.fr\">sentinelle de l\u2019estuaire\u00a0\u00bb<\/a> mise en place dans le cadre du \u00ab\u00a0groupe associatif Estuaire\u00a0\u00bb, situ\u00e9 sur l&rsquo;estuaire du Payr\u00e9 en Vend\u00e9e<\/h3>\n<p><img loading=\"lazy\" decoding=\"async\" class=\"alignleft size-large wp-image-1676\" src=\"http:\/\/jackguichard.fr\/wp-content\/uploads\/2015\/01\/IMG_5872-copie-1024x1024.jpg\" alt=\"\" width=\"590\" height=\"590\" srcset=\"https:\/\/www.jackguichard.fr\/wp-content\/uploads\/2015\/01\/IMG_5872-copie-1024x1024.jpg 1024w, https:\/\/www.jackguichard.fr\/wp-content\/uploads\/2015\/01\/IMG_5872-copie-150x150.jpg 150w, https:\/\/www.jackguichard.fr\/wp-content\/uploads\/2015\/01\/IMG_5872-copie-300x300.jpg 300w, https:\/\/www.jackguichard.fr\/wp-content\/uploads\/2015\/01\/IMG_5872-copie-768x768.jpg 768w\" sizes=\"auto, (max-width: 590px) 100vw, 590px\" \/>Il a mis\u00a0en place d\u2019un r\u00e9seau \u00ab\u00a0d\u2019observateurs\u00a0\u00bb (familles ou particuliers) : <strong>les sentinelles de l\u2019estuaire<\/strong>,\u00a0pour transmettre des observations, des interrogations, \u00e9changer entre eux, \u00eatre au courant (apprendre) et tenir inform\u00e9 les autres habitants de l\u2019estuaire,\u00a0\u00eatre des acteurs de l\u2019environnement \u00e0 partir d&rsquo;actions concr\u00e8tes et r\u00e9guli\u00e8res sur le terrain&#8230;<\/p>\n<p>L&rsquo;objectif est de permettre \u00e0 chacun de se r\u00e9approprier son territoire (de vie, de promenade, de vacances) en devenant un acteur de son environnement naturel. Des ateliers ont lieu tous les quinze jours sur le terrain ou \u00e0 estuaire.<\/p>\n<p><strong><em><a href=\"http:\/\/estuaire.net\">Cette initiative est initi\u00e9e par le Groupe Associatif Estuaire (en savoir plus sur le GAE) <\/a>et est g\u00e9r\u00e9e par<a href=\"http:\/\/www.maisondelestuaire.fr\/?page_id=16\"> \u00ab\u00a0la maison de l&rsquo;estuaire\u00a0\u00bb<\/a><\/em><\/strong><\/p>\n<p><a href=\"http:\/\/jackguichard.fr\/?page_id=1850\">voir les actions des sentinelles dans la presse<\/a><\/p>\n","protected":false},"excerpt":{"rendered":"<p>Jack Guichard est responsable et cr\u00e9ateur de \u00ab\u00a0sentinelle de l\u2019estuaire\u00a0\u00bb mise en place dans le cadre du \u00ab\u00a0groupe associatif Estuaire\u00a0\u00bb, situ\u00e9 sur l&rsquo;estuaire du Payr\u00e9 en Vend\u00e9e Il a mis\u00a0en place d\u2019un r\u00e9seau \u00ab\u00a0d\u2019observateurs\u00a0\u00bb (familles ou particuliers) : les sentinelles de l\u2019estuaire,\u00a0pour transmettre des observations, des interrogations, \u00e9changer entre eux, \u00eatre au courant (apprendre) et &hellip;<br \/><a href=\"https:\/\/www.jackguichard.fr\/?page_id=1431\">Read more <span class=\"meta-nav\">&rarr;<\/span><\/a><\/p>\n","protected":false},"author":8,"featured_media":0,"parent":369,"menu_order":2,"comment_status":"closed","ping_status":"closed","template":"template-full.php","meta":{"footnotes":""},"class_list":["post-1431","page","type-page","status-publish","hentry"],"jetpack_sharing_enabled":true,"_links":{"self":[{"href":"https:\/\/www.jackguichard.fr\/index.php?rest_route=\/wp\/v2\/pages\/1431","targetHints":{"allow":["GET"]}}],"collection":[{"href":"https:\/\/www.jackguichard.fr\/index.php?rest_route=\/wp\/v2\/pages"}],"about":[{"href":"https:\/\/www.jackguichard.fr\/index.php?rest_route=\/wp\/v2\/types\/page"}],"author":[{"embeddable":true,"href":"https:\/\/www.jackguichard.fr\/index.php?rest_route=\/wp\/v2\/users\/8"}],"replies":[{"embeddable":true,"href":"https:\/\/www.jackguichard.fr\/index.php?rest_route=%2Fwp%2Fv2%2Fcomments&post=1431"}],"version-history":[{"count":9,"href":"https:\/\/www.jackguichard.fr\/index.php?rest_route=\/wp\/v2\/pages\/1431\/revisions"}],"predecessor-version":[{"id":2351,"href":"https:\/\/www.jackguichard.fr\/index.php?rest_route=\/wp\/v2\/pages\/1431\/revisions\/2351"}],"up":[{"embeddable":true,"href":"https:\/\/www.jackguichard.fr\/index.php?rest_route=\/wp\/v2\/pages\/369"}],"wp:attachment":[{"href":"https:\/\/www.jackguichard.fr\/index.php?rest_route=%2Fwp%2Fv2%2Fmedia&parent=1431"}],"curies":[{"name":"wp","href":"https:\/\/api.w.org\/{rel}","templated":true}]}}