{"id":1511,"date":"2016-02-28T14:24:34","date_gmt":"2016-02-28T13:24:34","guid":{"rendered":"http:\/\/jackguichard.fr\/?page_id=1511"},"modified":"2016-02-28T14:38:46","modified_gmt":"2016-02-28T13:38:46","slug":"collection-50-experiences-editeur-le-pommier","status":"publish","type":"page","link":"https:\/\/www.jackguichard.fr\/?page_id=1511","title":{"rendered":"collection \u00ab\u00a050 experiences&#8230;\u00a0\u00bb"},"content":{"rendered":"<p><a href=\"http:\/\/jackguichard.fr\/?page_id=1497\">Soir\u00e9e magie : 50 exp\u00e9riences<\/a><\/p>\n<p><a href=\"http:\/\/jackguichard.fr\/?page_id=482\">50 exp\u00e9riences pour \u00e9pater vos amis \u00e0 table<\/a><\/p>\n<p><a href=\"http:\/\/jackguichard.fr\/?page_id=1209\">50 exp\u00e9riences pour \u00e9pater vos amis au jardin<\/a><\/p>\n<p><a href=\"http:\/\/jackguichard.fr\/?page_id=1313\">exp\u00e9riences \u00e0 la plage<\/a><\/p>\n<p><a href=\"http:\/\/jackguichard.fr\/?page_id=1400\">exp\u00e9riences \u00e0 No\u00ebl<\/a><\/p>\n<p>&nbsp;<\/p>\n","protected":false},"excerpt":{"rendered":"<p>Soir\u00e9e magie : 50 exp\u00e9riences 50 exp\u00e9riences pour \u00e9pater vos amis \u00e0 table 50 exp\u00e9riences pour \u00e9pater vos amis au jardin exp\u00e9riences \u00e0 la plage exp\u00e9riences \u00e0 No\u00ebl &nbsp;<\/p>\n","protected":false},"author":8,"featured_media":0,"parent":33,"menu_order":0,"comment_status":"closed","ping_status":"closed","template":"template-full.php","meta":{"footnotes":""},"class_list":["post-1511","page","type-page","status-publish","hentry"],"jetpack_sharing_enabled":true,"_links":{"self":[{"href":"https:\/\/www.jackguichard.fr\/index.php?rest_route=\/wp\/v2\/pages\/1511","targetHints":{"allow":["GET"]}}],"collection":[{"href":"https:\/\/www.jackguichard.fr\/index.php?rest_route=\/wp\/v2\/pages"}],"about":[{"href":"https:\/\/www.jackguichard.fr\/index.php?rest_route=\/wp\/v2\/types\/page"}],"author":[{"embeddable":true,"href":"https:\/\/www.jackguichard.fr\/index.php?rest_route=\/wp\/v2\/users\/8"}],"replies":[{"embeddable":true,"href":"https:\/\/www.jackguichard.fr\/index.php?rest_route=%2Fwp%2Fv2%2Fcomments&post=1511"}],"version-history":[{"count":9,"href":"https:\/\/www.jackguichard.fr\/index.php?rest_route=\/wp\/v2\/pages\/1511\/revisions"}],"predecessor-version":[{"id":1521,"href":"https:\/\/www.jackguichard.fr\/index.php?rest_route=\/wp\/v2\/pages\/1511\/revisions\/1521"}],"up":[{"embeddable":true,"href":"https:\/\/www.jackguichard.fr\/index.php?rest_route=\/wp\/v2\/pages\/33"}],"wp:attachment":[{"href":"https:\/\/www.jackguichard.fr\/index.php?rest_route=%2Fwp%2Fv2%2Fmedia&parent=1511"}],"curies":[{"name":"wp","href":"https:\/\/api.w.org\/{rel}","templated":true}]}}