{"id":1522,"date":"2016-02-28T14:40:51","date_gmt":"2016-02-28T13:40:51","guid":{"rendered":"http:\/\/jackguichard.fr\/?page_id=1522"},"modified":"2018-02-17T20:36:32","modified_gmt":"2018-02-17T19:36:32","slug":"pedagogie-des-sciences","status":"publish","type":"page","link":"https:\/\/www.jackguichard.fr\/?page_id=1522","title":{"rendered":"livres scolaires"},"content":{"rendered":"<p><strong>livres scolaires \u00a0:\u00a0<\/strong><\/p>\n<p><a href=\"http:\/\/jackguichard.fr\/?page_id=1868\"><strong>&#8211; collection citadelle Hachette<\/strong> <\/a>(manuels CE2 et CM, cahier de sciences CE2, CM1, CM2, guide p\u00e9dagogique, 2018)<\/p>\n<p><a title=\"Dossiers Hachette\" href=\"http:\/\/jackguichard.fr\/?page_id=153\" target=\"_blank\" rel=\"noopener\">\u2013\u00a0<\/a><strong><a title=\"Dossiers Hachette\" href=\"http:\/\/jackguichard.fr\/?page_id=153\" target=\"_blank\" rel=\"noopener\">Dossiers hachette<\/a><\/strong>\u00a0: les plantes et les animaux (cycle2), l\u2019eau (cycle 3), corps et sant\u00e9 (cycle 3), mon corps, ma sant\u00e9 (cycle 2), le temps (cycle 2)<br \/>\n<a title=\"Collection \u00ab\u00a0les ateliers Hachette\u00a0\u00bb: les maths \u00e0 la d\u00e9couverte des sciences\" href=\"http:\/\/jackguichard.fr\/?page_id=197\" target=\"_blank\" rel=\"noopener\">\u2013\u00a0<\/a><a title=\"Collection \u00ab\u00a0les ateliers Hachette\u00a0\u00bb: les maths \u00e0 la d\u00e9couverte des sciences\" href=\"http:\/\/jackguichard.fr\/?page_id=197\" target=\"_blank\" rel=\"noopener\">Collection \u00ab\u00a0les ateliers Hachette\u00a0\u00bb: les maths \u00e0 la d\u00e9couverte des sciences<\/a><br \/>\n<a title=\"Les savoirs de l\u2019\u00e9cole : sciences et technologie\" href=\"http:\/\/jackguichard.fr\/?page_id=213\" target=\"_blank\" rel=\"noopener\">\u2013\u00a0Collection \u00ab\u00a0les savoirs de l\u2019\u00e9cole : sciences et technologie\u00a0\u00bb<\/a><\/p>\n<p><a title=\"Les Ateliers Hachette Sciences exp\u00e9rimentales et Technologie\" href=\"http:\/\/jackguichard.fr\/?page_id=106\" target=\"_blank\" rel=\"noopener\">\u2013\u00a0<\/a><a title=\"Les Ateliers Hachette Sciences exp\u00e9rimentales et Technologie\" href=\"http:\/\/jackguichard.fr\/?page_id=106\" target=\"_blank\" rel=\"noopener\">Collection \u00ab\u00a0ateliers sciences\u00a0\u00bb<\/a>,<strong>\u00a0<\/strong>(manuels CE2 et CM, carnet de chercheur CE2, CM1, CM2, guide p\u00e9dagogique), Hachette, 2011Mallettes p\u00e9dagogiques (mat\u00e9riel et guide p\u00e9dagogique) :<\/p>\n<p><a title=\"mallettes et guides p\u00e9dagogiques JEULIN\" href=\"http:\/\/jackguichard.fr\/?page_id=184\" target=\"_blank\" rel=\"noopener\">\u2013 <strong>Mallettes et guides p\u00e9dagogiques<\/strong> :<\/a>\u00a0\u00ab les sens \u00bb et \u00ab squelette et mouvement \u00bb, Jeulin\u2028, 2003<\/p>\n<p><strong>livres pour les enfants\u00a0apr\u00e8s l&rsquo;\u00e9cole :<\/strong><\/p>\n<p><strong><a href=\"http:\/\/jackguichard.fr\/?page_id=1335\">Pour comprendre toutes les mati\u00e8res , Hachette<\/a><\/strong><\/p>\n","protected":false},"excerpt":{"rendered":"<p>livres scolaires \u00a0:\u00a0 &#8211; collection citadelle Hachette (manuels CE2 et CM, cahier de sciences CE2, CM1, CM2, guide p\u00e9dagogique, 2018) \u2013\u00a0Dossiers hachette\u00a0: les plantes et les animaux (cycle2), l\u2019eau (cycle 3), corps et sant\u00e9 (cycle 3), mon corps, ma sant\u00e9 (cycle 2), le temps (cycle 2) \u2013\u00a0Collection \u00ab\u00a0les ateliers Hachette\u00a0\u00bb: les maths \u00e0 la d\u00e9couverte &hellip;<br \/><a href=\"https:\/\/www.jackguichard.fr\/?page_id=1522\">Read more <span class=\"meta-nav\">&rarr;<\/span><\/a><\/p>\n","protected":false},"author":8,"featured_media":0,"parent":33,"menu_order":4,"comment_status":"closed","ping_status":"closed","template":"","meta":{"footnotes":""},"class_list":["post-1522","page","type-page","status-publish","hentry"],"jetpack_sharing_enabled":true,"_links":{"self":[{"href":"https:\/\/www.jackguichard.fr\/index.php?rest_route=\/wp\/v2\/pages\/1522","targetHints":{"allow":["GET"]}}],"collection":[{"href":"https:\/\/www.jackguichard.fr\/index.php?rest_route=\/wp\/v2\/pages"}],"about":[{"href":"https:\/\/www.jackguichard.fr\/index.php?rest_route=\/wp\/v2\/types\/page"}],"author":[{"embeddable":true,"href":"https:\/\/www.jackguichard.fr\/index.php?rest_route=\/wp\/v2\/users\/8"}],"replies":[{"embeddable":true,"href":"https:\/\/www.jackguichard.fr\/index.php?rest_route=%2Fwp%2Fv2%2Fcomments&post=1522"}],"version-history":[{"count":13,"href":"https:\/\/www.jackguichard.fr\/index.php?rest_route=\/wp\/v2\/pages\/1522\/revisions"}],"predecessor-version":[{"id":1878,"href":"https:\/\/www.jackguichard.fr\/index.php?rest_route=\/wp\/v2\/pages\/1522\/revisions\/1878"}],"up":[{"embeddable":true,"href":"https:\/\/www.jackguichard.fr\/index.php?rest_route=\/wp\/v2\/pages\/33"}],"wp:attachment":[{"href":"https:\/\/www.jackguichard.fr\/index.php?rest_route=%2Fwp%2Fv2%2Fmedia&parent=1522"}],"curies":[{"name":"wp","href":"https:\/\/api.w.org\/{rel}","templated":true}]}}