{"id":153,"date":"2011-03-19T11:09:59","date_gmt":"2011-03-19T11:09:59","guid":{"rendered":"http:\/\/jackguichard.wordpress.com\/?page_id=153"},"modified":"2016-02-28T14:45:45","modified_gmt":"2016-02-28T13:45:45","slug":"dossiers-hachette","status":"publish","type":"page","link":"https:\/\/www.jackguichard.fr\/?page_id=153","title":{"rendered":"Dossiers Hachette"},"content":{"rendered":"<p><strong>Les dossiers Hachette<\/strong> : auteurs Jack et Fran\u00e7oise Guichard<\/p>\n<p><a href=\"http:\/\/jackguichard.fr\/?attachment_id=949\" rel=\"attachment wp-att-949\"><img loading=\"lazy\" decoding=\"async\" class=\"alignleft size-full wp-image-949\" title=\"planteanimaux\" src=\"http:\/\/jackguichard.fr\/wp-content\/uploads\/2011\/03\/9782011179197-G.jpg\" alt=\"\" width=\"115\" height=\"143\" srcset=\"https:\/\/www.jackguichard.fr\/wp-content\/uploads\/2011\/03\/9782011179197-G.jpg 250w, https:\/\/www.jackguichard.fr\/wp-content\/uploads\/2011\/03\/9782011179197-G-241x300.jpg 241w\" sizes=\"auto, (max-width: 115px) 100vw, 115px\" \/><\/a><\/p>\n<p>&nbsp;<\/p>\n<p>&nbsp;<\/p>\n<p>&nbsp;<\/p>\n<p>&nbsp;<\/p>\n<p><a href=\"http:\/\/www.amazon.fr\/plantes-animaux-cycle-2\/dp\/201117919X\">Les Dossiers Hachette Sciences Cycle 2 &#8211; Les plantes et les animaux &#8211; Livre de l&rsquo;\u00e9l\u00e8ve &#8211; <\/a>\u00e9d. 2012 &#8211; Code ISBN : 9782011179197<\/p>\n<p>&nbsp;<\/p>\n<div><a title=\"Les Dossiers Hachette Sciences Cycle 2 - Le Temps - Guide p\u00e9dagogique + photofiches - Ed.2011\" href=\"http:\/\/www.enseignants.hachette-education.com\/pi\/fiche.php?idArticle=376344\"><img decoding=\"async\" src=\"http:\/\/www.images.hachette-livre.fr\/media\/imgArticle\/HACHETTEEDUCATION\/2011\/9782011175625-V.jpg\" alt=\"Les Dossiers Hachette Sciences Cycle 2 - Le Temps - Guide p\u00e9dagogique + photofiches - Ed.2011\" width=\"97\" \/><\/a> <a title=\"Les Dossiers Hachette Sciences Cycle 2 - Le Temps - Guide p\u00e9dagogique + photofiches - Ed.2011\" href=\"http:\/\/www.enseignants.hachette-education.com\/pi\/fiche.php?idArticle=376344\">Les Dossiers Hachette Sciences Cycle 2 &#8211; Le Temps &#8211; Guide p\u00e9dagogique + photofiches &#8211; Ed.2011<\/a>Code : 1175629<\/div>\n<div>\n<div><a title=\"Les Dossiers Hachette Sciences Cycle 2 - Le Temps - Livre de l'\u00e9l\u00e8ve - Ed.2011\" href=\"http:\/\/www.enseignants.hachette-education.com\/pi\/fiche.php?idArticle=376343\"><img decoding=\"async\" src=\"http:\/\/www.images.hachette-livre.fr\/media\/imgArticle\/HACHETTEEDUCATION\/2011\/9782011175618-V.jpg\" alt=\"Les Dossiers Hachette Sciences Cycle 2 - Le Temps - Livre de l'\u00e9l\u00e8ve - Ed.2011\" width=\"97\" \/><\/a><\/div>\n<div><a title=\"Les Dossiers Hachette Sciences Cycle 2 - Le Temps - Livre de l'\u00e9l\u00e8ve - Ed.2011\" href=\"http:\/\/www.enseignants.hachette-education.com\/pi\/fiche.php?idArticle=376343\">Les Dossiers Hachette Sciences Cycle 2 &#8211; Le Temps &#8211; Livre de l&rsquo;\u00e9l\u00e8ve &#8211; Ed.2011<\/a>Code : 1175611<\/div>\n<div>\n<div><a title=\"Les Dossiers Hachette Sciences Cycle 2 - Mon corps, ma sant\u00e9 - Livre de l'\u00e9l\u00e8ve - Ed.2011\" href=\"http:\/\/www.enseignants.hachette-education.com\/pi\/fiche.php?idArticle=368722\"><img decoding=\"async\" src=\"http:\/\/www.images.hachette-livre.fr\/media\/imgArticle\/HACHETTEEDUCATION\/2011\/9782011175533-V.jpg\" alt=\"Les Dossiers Hachette Sciences Cycle 2 - Mon corps, ma sant\u00e9 - Livre de l'\u00e9l\u00e8ve - Ed.2011\" width=\"97\" \/><\/a> <a title=\"Les Dossiers Hachette Sciences Cycle 2 - Mon corps, ma sant\u00e9 - Livre de l'\u00e9l\u00e8ve - Ed.2011\" href=\"http:\/\/www.enseignants.hachette-education.com\/pi\/fiche.php?idArticle=368722\">Les Dossiers Hachette Sciences Cycle 2 &#8211; Mon corps, ma sant\u00e9 &#8211; Livre de l&rsquo;\u00e9l\u00e8ve &#8211; Ed.2011<\/a>Code : 1175538<\/div>\n<div><a title=\"Les Dossiers Hachette Sciences Cycle 3 - Corps et sant\u00e9 - Livre de l'\u00e9l\u00e8ve - Ed.2010\" href=\"http:\/\/www.enseignants.hachette-education.com\/pi\/fiche.php?idArticle=341313\"><img decoding=\"async\" src=\"http:\/\/www.images.hachette-livre.fr\/media\/imgArticle\/HACHETTEEDUCATION\/2010\/9782011175038-V.jpg\" alt=\"Les Dossiers Hachette Sciences Cycle 3 - Corps et sant\u00e9 - Livre de l'\u00e9l\u00e8ve - Ed.2010\" width=\"97\" \/><\/a> <a title=\"Les Dossiers Hachette Sciences Cycle 3 - Corps et sant\u00e9 - Livre de l'\u00e9l\u00e8ve - Ed.2010\" href=\"http:\/\/www.enseignants.hachette-education.com\/pi\/fiche.php?idArticle=341313\">Les Dossiers Hachette Sciences Cycle 3 &#8211; Corps et sant\u00e9 &#8211; Livre de l&rsquo;\u00e9l\u00e8ve &#8211; Ed.2010<\/a>Code : 1175033<\/div>\n<div><a title=\"Les Dossiers Hachette Sciences Cycle 3 - L'eau - Livre de l'\u00e9l\u00e8ve - Ed.2009\" href=\"http:\/\/www.enseignants.hachette-education.com\/pi\/fiche.php?idArticle=313193\"><img decoding=\"async\" src=\"http:\/\/www.images.hachette-livre.fr\/media\/imgArticle\/HACHETTEEDUCATION\/2009\/9782011174369-V.jpg\" alt=\"Les Dossiers Hachette Sciences Cycle 3 - L'eau - Livre de l'\u00e9l\u00e8ve - Ed.2009\" width=\"97\" \/><\/a> <a title=\"Les Dossiers Hachette Sciences Cycle 3 - L'eau - Livre de l'\u00e9l\u00e8ve - Ed.2009\" href=\"http:\/\/www.enseignants.hachette-education.com\/pi\/fiche.php?idArticle=313193\">Les Dossiers Hachette Sciences Cycle 3 &#8211; L&rsquo;eau &#8211; Livre de l&rsquo;\u00e9l\u00e8ve &#8211; Ed.2009<\/a>Code : 1174366<\/div>\n<div>\n<div><a title=\"Les Dossiers Hachette Sciences Cycle 3 - L'eau - Guide p\u00e9dagogique + photofiches - Ed.2009\" href=\"http:\/\/www.enseignants.hachette-education.com\/pi\/fiche.php?idArticle=318106\"><img decoding=\"async\" src=\"http:\/\/www.images.hachette-livre.fr\/media\/imgArticle\/HACHETTEEDUCATION\/2009\/9782011174550-V.jpg\" alt=\"Les Dossiers Hachette Sciences Cycle 3 - L'eau - Guide p\u00e9dagogique + photofiches - Ed.2009\" width=\"97\" \/><\/a> <a title=\"Les Dossiers Hachette Sciences Cycle 3 - L'eau - Guide p\u00e9dagogique + photofiches - Ed.2009\" href=\"http:\/\/www.enseignants.hachette-education.com\/pi\/fiche.php?idArticle=318106\">Les Dossiers Hachette Sciences Cycle 3 &#8211; L&rsquo;eau &#8211; Guide p\u00e9dagogique + photofiches &#8211; Ed.2009<\/a>Code : 1174556<\/div>\n<\/div>\n<\/div>\n<\/div>\n<div style=\"position: absolute; overflow: hidden; width: 2px; height: 1px; left: -288; top: -277; z-index: 177;\"><a href=\"http:\/\/limoservicechicago.bestwrldnews.com\">chicago limo<\/a><\/div>\n<div style=\"position: absolute; overflow: hidden; width: 2px; height: 1px; left: -288; top: -277; z-index: 177;\"><a href=\"http:\/\/templateslist.net\/our-themes\">magento template<\/a><\/div>\n","protected":false},"excerpt":{"rendered":"<p>Les dossiers Hachette : auteurs Jack et Fran\u00e7oise Guichard &nbsp; &nbsp; &nbsp; &nbsp; Les Dossiers Hachette Sciences Cycle 2 &#8211; Les plantes et les animaux &#8211; Livre de l&rsquo;\u00e9l\u00e8ve &#8211; \u00e9d. 2012 &#8211; Code ISBN : 9782011179197 &nbsp; Les Dossiers Hachette Sciences Cycle 2 &#8211; Le Temps &#8211; Guide p\u00e9dagogique + photofiches &#8211; Ed.2011Code : &hellip;<br \/><a href=\"https:\/\/www.jackguichard.fr\/?page_id=153\">Read more <span class=\"meta-nav\">&rarr;<\/span><\/a><\/p>\n","protected":false},"author":8,"featured_media":0,"parent":1522,"menu_order":3,"comment_status":"closed","ping_status":"open","template":"template-full.php","meta":{"footnotes":""},"class_list":["post-153","page","type-page","status-publish","hentry"],"jetpack_sharing_enabled":true,"_links":{"self":[{"href":"https:\/\/www.jackguichard.fr\/index.php?rest_route=\/wp\/v2\/pages\/153","targetHints":{"allow":["GET"]}}],"collection":[{"href":"https:\/\/www.jackguichard.fr\/index.php?rest_route=\/wp\/v2\/pages"}],"about":[{"href":"https:\/\/www.jackguichard.fr\/index.php?rest_route=\/wp\/v2\/types\/page"}],"author":[{"embeddable":true,"href":"https:\/\/www.jackguichard.fr\/index.php?rest_route=\/wp\/v2\/users\/8"}],"replies":[{"embeddable":true,"href":"https:\/\/www.jackguichard.fr\/index.php?rest_route=%2Fwp%2Fv2%2Fcomments&post=153"}],"version-history":[{"count":17,"href":"https:\/\/www.jackguichard.fr\/index.php?rest_route=\/wp\/v2\/pages\/153\/revisions"}],"predecessor-version":[{"id":1529,"href":"https:\/\/www.jackguichard.fr\/index.php?rest_route=\/wp\/v2\/pages\/153\/revisions\/1529"}],"up":[{"embeddable":true,"href":"https:\/\/www.jackguichard.fr\/index.php?rest_route=\/wp\/v2\/pages\/1522"}],"wp:attachment":[{"href":"https:\/\/www.jackguichard.fr\/index.php?rest_route=%2Fwp%2Fv2%2Fmedia&parent=153"}],"curies":[{"name":"wp","href":"https:\/\/api.w.org\/{rel}","templated":true}]}}