{"id":1572,"date":"2016-02-28T19:31:19","date_gmt":"2016-02-28T18:31:19","guid":{"rendered":"http:\/\/jackguichard.fr\/?page_id=1572"},"modified":"2022-11-25T20:47:01","modified_gmt":"2022-11-25T19:47:01","slug":"soiree-magie-scientifique","status":"publish","type":"page","link":"https:\/\/www.jackguichard.fr\/?page_id=1572","title":{"rendered":"Soiree magie&#8230; scientifique"},"content":{"rendered":"<p>\u00ab\u00a0<strong>Soir\u00e9e magie&#8230; scientifique\u00a0\u00bb<\/strong>\u00a0<span style=\"font-family: Calibri; font-size: medium;\"><b class=\"\">conf\u00e9rence grand public (de 7 \u00e0 97 ans) :\u00a0<\/b><\/span><span class=\"\">\u00a0<\/span><\/p>\n<p><span class=\"\">pr\u00e9sente quelques tours de magie\u2026 avec leur explication scientifique.<\/span><span class=\"\">..<\/span><span class=\"\">\u00a0<\/span><span class=\"\">pour faire prendre conscience et expliquer quelques ph\u00e9nom\u00e8nes scientifiques qui r\u00e9gissent notre vie quotidienne<\/span><span style=\"font-family: Calibri; font-size: medium;\"><b class=\"\">\u2026<\/b><\/span><\/p>\n<p>T<img loading=\"lazy\" decoding=\"async\" class=\"wp-image-1574 size-thumbnail alignright\" src=\"http:\/\/jackguichard.fr\/wp-content\/uploads\/2016\/02\/IMG_6284-150x150.jpeg\" alt=\"IMG_6284\" width=\"150\" height=\"150\" \/>our \u00e0 tour magicien, puis scientifique, Jack Guichard, va surprendre petits et grands avec des tours de magie plus \u00e9tonnants les uns que les autres.<\/p>\n<p>En cadeau de bienvenue, dans son habit de magicien, il ex\u00e9cutera une trentaine de tours de magie, de la multiplication des anneaux au billet en feu qui ne brule pas, en passant par la bouteille qui refuse de se vider ou la danse des ballons. Puis il vous apprendra \u00e0 les r\u00e9aliser vous m\u00eame pour \u00e9pater vos amis au cours d\u2019une soir\u00e9e m\u00e9morable.<\/p>\n<p><img loading=\"lazy\" decoding=\"async\" class=\"alignleft wp-image-1577 size-thumbnail\" src=\"http:\/\/jackguichard.fr\/wp-content\/uploads\/2016\/02\/IMG_6321-150x150.jpeg\" alt=\"IMG_6321\" width=\"150\" height=\"150\" \/><img loading=\"lazy\" decoding=\"async\" class=\"alignleft wp-image-1580 size-thumbnail\" src=\"http:\/\/jackguichard.fr\/wp-content\/uploads\/2016\/02\/P1370231-150x150.jpeg\" alt=\"P1370231\" width=\"150\" height=\"150\" \/>Mais surtout redevenu scientifique en bouse blanche, il d\u00e9voilera, en termes simples et compr\u00e9hensibles de tous, quels ph\u00e9nom\u00e8nes permettent de les r\u00e9aliser et comment on retrouve ses ph\u00e9nom\u00e8nes dans notre quotidien.<\/p>\n<p><img loading=\"lazy\" decoding=\"async\" class=\"wp-image-1478 size-medium alignright\" src=\"http:\/\/jackguichard.fr\/wp-content\/uploads\/2015\/08\/74651047_SoireeMagie-300x255.jpg\" alt=\"1-50EX3_16PAGES_150629.indd\" width=\"300\" height=\"255\" srcset=\"https:\/\/www.jackguichard.fr\/wp-content\/uploads\/2015\/08\/74651047_SoireeMagie-300x255.jpg 300w, https:\/\/www.jackguichard.fr\/wp-content\/uploads\/2015\/08\/74651047_SoireeMagie-1024x871.jpg 1024w\" sizes=\"auto, (max-width: 300px) 100vw, 300px\" \/>Enfin pour ceux qui voudront devenir magicien d\u2019un soir, il d\u00e9dicacera son livre \u201csoir\u00e9e magie, 50 exp\u00e9riences\u201d (\u00e9dition Le Pommier), qui indique en plus pour chacun des 50 tours de magie comment le pr\u00e9senter, le mat\u00e9riel \u00e0 pr\u00e9parer et les \u00e9tapes du tour illustr\u00e9es par des sch\u00e9mas afin de le r\u00e9ussir \u00e0 coup s\u00fbr.<\/p>\n<p>Jack Guichard est l\u2019auteur d\u2019une centaine de livres d\u2019\u00e9ducation de de vulgarisation scientifique. Il a \u00e9t\u00e9 Directeur du Palais de la d\u00e9couverte et le p\u00e8re de la cit\u00e9 des enfants de la cit\u00e9 des sciences \u00e0 La Villette. Ancien professeur des Universit\u00e9s et chercheur, il est \u00e0 la fois scientifique et sp\u00e9cialiste d\u2019\u00e9ducation et de communication.<\/p>\n<p>Cette conf\u00e9rence a d\u00e9j\u00e0 eu lieu \u00e0 Paris, \u00e0 <a href=\"http:\/\/www.leschampslibres.fr\/preparer-sa-visite\/agenda\/soiree-de-magie-scientifique\/90060288538609388a2c88ecb1b1b702\/\">Rennes<\/a>, \u00e0 Limoges, \u00e0 Valence, \u00e0 Nantes, \u00e0 Talmont, \u00e0 <a href=\"http:\/\/www.sudouest.fr\/2016\/10\/26\/une-magie-scientifique-2547521-1366.php\">Jarnac, <\/a>\u00e0 La Rochelle, aux Sables d&rsquo;Olonne, \u00e0 La Roche sur Yon.<\/p>\n<p><img loading=\"lazy\" decoding=\"async\" class=\"size-large wp-image-1581 aligncenter\" src=\"http:\/\/jackguichard.fr\/wp-content\/uploads\/2016\/02\/IMG_2801-1024x330.jpeg\" alt=\"IMG_2801\" width=\"590\" height=\"190\" srcset=\"https:\/\/www.jackguichard.fr\/wp-content\/uploads\/2016\/02\/IMG_2801-1024x330.jpeg 1024w, https:\/\/www.jackguichard.fr\/wp-content\/uploads\/2016\/02\/IMG_2801-300x97.jpeg 300w, https:\/\/www.jackguichard.fr\/wp-content\/uploads\/2016\/02\/IMG_2801-768x247.jpeg 768w, https:\/\/www.jackguichard.fr\/wp-content\/uploads\/2016\/02\/IMG_2801.jpeg 1280w\" sizes=\"auto, (max-width: 590px) 100vw, 590px\" \/><\/p>\n<p><img loading=\"lazy\" decoding=\"async\" class=\"alignleft wp-image-1778 size-large\" src=\"http:\/\/jackguichard.fr\/wp-content\/uploads\/2016\/02\/Article-Ouest-France-post-animation-1024x535.jpg\" alt=\"\" width=\"590\" height=\"308\" srcset=\"https:\/\/www.jackguichard.fr\/wp-content\/uploads\/2016\/02\/Article-Ouest-France-post-animation-1024x535.jpg 1024w, https:\/\/www.jackguichard.fr\/wp-content\/uploads\/2016\/02\/Article-Ouest-France-post-animation-300x157.jpg 300w, https:\/\/www.jackguichard.fr\/wp-content\/uploads\/2016\/02\/Article-Ouest-France-post-animation-768x401.jpg 768w, https:\/\/www.jackguichard.fr\/wp-content\/uploads\/2016\/02\/Article-Ouest-France-post-animation.jpg 1084w\" sizes=\"auto, (max-width: 590px) 100vw, 590px\" \/><\/p>\n<p><a href=\"http:\/\/jackguichard.fr\/wp-content\/uploads\/2016\/02\/conf-mordelles.docx\">conf mordelles<\/a> <a href=\"http:\/\/jackguichard.fr\/wp-content\/uploads\/2016\/02\/ouestfrancemordelle.docx\">ouestfrancemordelle<\/a> <img loading=\"lazy\" decoding=\"async\" class=\"alignleft wp-image-1781 size-large\" src=\"http:\/\/jackguichard.fr\/wp-content\/uploads\/2016\/02\/ouestfrancemordellered-723x1024.jpg\" alt=\"\" width=\"590\" height=\"836\" srcset=\"https:\/\/www.jackguichard.fr\/wp-content\/uploads\/2016\/02\/ouestfrancemordellered-723x1024.jpg 723w, https:\/\/www.jackguichard.fr\/wp-content\/uploads\/2016\/02\/ouestfrancemordellered-212x300.jpg 212w, https:\/\/www.jackguichard.fr\/wp-content\/uploads\/2016\/02\/ouestfrancemordellered-768x1087.jpg 768w, https:\/\/www.jackguichard.fr\/wp-content\/uploads\/2016\/02\/ouestfrancemordellered.jpg 1239w\" sizes=\"auto, (max-width: 590px) 100vw, 590px\" \/><\/p>\n<p><img loading=\"lazy\" decoding=\"async\" class=\"alignleft size-large wp-image-1718\" src=\"http:\/\/jackguichard.fr\/wp-content\/uploads\/2011\/10\/HS-06-10-17-F\u00eate-de-la-SCIENCE-MHS-985x1024.jpg\" alt=\"\" width=\"590\" height=\"613\" srcset=\"https:\/\/www.jackguichard.fr\/wp-content\/uploads\/2011\/10\/HS-06-10-17-F\u00eate-de-la-SCIENCE-MHS-985x1024.jpg 985w, https:\/\/www.jackguichard.fr\/wp-content\/uploads\/2011\/10\/HS-06-10-17-F\u00eate-de-la-SCIENCE-MHS-289x300.jpg 289w, https:\/\/www.jackguichard.fr\/wp-content\/uploads\/2011\/10\/HS-06-10-17-F\u00eate-de-la-SCIENCE-MHS-768x798.jpg 768w, https:\/\/www.jackguichard.fr\/wp-content\/uploads\/2011\/10\/HS-06-10-17-F\u00eate-de-la-SCIENCE-MHS.jpg 1625w\" sizes=\"auto, (max-width: 590px) 100vw, 590px\" \/><\/p>\n","protected":false},"excerpt":{"rendered":"<p>\u00ab\u00a0Soir\u00e9e magie&#8230; scientifique\u00a0\u00bb\u00a0conf\u00e9rence grand public (de 7 \u00e0 97 ans) :\u00a0\u00a0 pr\u00e9sente quelques tours de magie\u2026 avec leur explication scientifique&#8230;\u00a0pour faire prendre conscience et expliquer quelques ph\u00e9nom\u00e8nes scientifiques qui r\u00e9gissent notre vie quotidienne\u2026 Tour \u00e0 tour magicien, puis scientifique, Jack Guichard, va surprendre petits et grands avec des tours de magie plus \u00e9tonnants les uns &hellip;<br \/><a href=\"https:\/\/www.jackguichard.fr\/?page_id=1572\">Read more <span class=\"meta-nav\">&rarr;<\/span><\/a><\/p>\n","protected":false},"author":8,"featured_media":0,"parent":27,"menu_order":2,"comment_status":"closed","ping_status":"closed","template":"template-full.php","meta":{"footnotes":""},"class_list":["post-1572","page","type-page","status-publish","hentry"],"jetpack_sharing_enabled":true,"_links":{"self":[{"href":"https:\/\/www.jackguichard.fr\/index.php?rest_route=\/wp\/v2\/pages\/1572","targetHints":{"allow":["GET"]}}],"collection":[{"href":"https:\/\/www.jackguichard.fr\/index.php?rest_route=\/wp\/v2\/pages"}],"about":[{"href":"https:\/\/www.jackguichard.fr\/index.php?rest_route=\/wp\/v2\/types\/page"}],"author":[{"embeddable":true,"href":"https:\/\/www.jackguichard.fr\/index.php?rest_route=\/wp\/v2\/users\/8"}],"replies":[{"embeddable":true,"href":"https:\/\/www.jackguichard.fr\/index.php?rest_route=%2Fwp%2Fv2%2Fcomments&post=1572"}],"version-history":[{"count":17,"href":"https:\/\/www.jackguichard.fr\/index.php?rest_route=\/wp\/v2\/pages\/1572\/revisions"}],"predecessor-version":[{"id":2666,"href":"https:\/\/www.jackguichard.fr\/index.php?rest_route=\/wp\/v2\/pages\/1572\/revisions\/2666"}],"up":[{"embeddable":true,"href":"https:\/\/www.jackguichard.fr\/index.php?rest_route=\/wp\/v2\/pages\/27"}],"wp:attachment":[{"href":"https:\/\/www.jackguichard.fr\/index.php?rest_route=%2Fwp%2Fv2%2Fmedia&parent=1572"}],"curies":[{"name":"wp","href":"https:\/\/api.w.org\/{rel}","templated":true}]}}