{"id":1584,"date":"2016-02-28T19:40:49","date_gmt":"2016-02-28T18:40:49","guid":{"rendered":"http:\/\/jackguichard.fr\/?page_id=1584"},"modified":"2017-10-30T20:18:08","modified_gmt":"2017-10-30T19:18:08","slug":"la-vie-secrete-des-abeilles","status":"publish","type":"page","link":"https:\/\/www.jackguichard.fr\/?page_id=1584","title":{"rendered":"la vie secrete des abeilles"},"content":{"rendered":"<p>\u00ab\u00a0tout savoir sur l\u2019abeille\u00a0\u00bb, conf\u00e9rence pour\u00a0d\u00e9couvrir le secret de leur organisation et de leurs comportements tr\u00e8s \u00e9tonnants<\/p>\n<p>derni\u00e8re conf\u00e9rence en liaison avec la journ\u00e9e \u00e0 Finfarine de l&rsquo;ECSV en septembre 2017<\/p>\n<p>en liaison avec le livre\u00a0<a href=\"http:\/\/jackguichard.fr\/?page_id=1359\">\u00ab\u00a0tout savoir sur l\u2019abeille\u00a0\u00bb<\/a><\/p>\n<p><img loading=\"lazy\" decoding=\"async\" class=\"alignleft wp-image-1361 size-full\" src=\"http:\/\/jackguichard.fr\/wp-content\/uploads\/2014\/09\/74650732.jpg\" alt=\"\" width=\"255\" height=\"320\" srcset=\"https:\/\/www.jackguichard.fr\/wp-content\/uploads\/2014\/09\/74650732.jpg 255w, https:\/\/www.jackguichard.fr\/wp-content\/uploads\/2014\/09\/74650732-239x300.jpg 239w\" sizes=\"auto, (max-width: 255px) 100vw, 255px\" \/><\/p>\n","protected":false},"excerpt":{"rendered":"<p>\u00ab\u00a0tout savoir sur l\u2019abeille\u00a0\u00bb, conf\u00e9rence pour\u00a0d\u00e9couvrir le secret de leur organisation et de leurs comportements tr\u00e8s \u00e9tonnants derni\u00e8re conf\u00e9rence en liaison avec la journ\u00e9e \u00e0 Finfarine de l&rsquo;ECSV en septembre 2017 en liaison avec le livre\u00a0\u00ab\u00a0tout savoir sur l\u2019abeille\u00a0\u00bb<\/p>\n","protected":false},"author":8,"featured_media":0,"parent":27,"menu_order":4,"comment_status":"closed","ping_status":"closed","template":"template-full.php","meta":{"footnotes":""},"class_list":["post-1584","page","type-page","status-publish","hentry"],"jetpack_sharing_enabled":true,"_links":{"self":[{"href":"https:\/\/www.jackguichard.fr\/index.php?rest_route=\/wp\/v2\/pages\/1584","targetHints":{"allow":["GET"]}}],"collection":[{"href":"https:\/\/www.jackguichard.fr\/index.php?rest_route=\/wp\/v2\/pages"}],"about":[{"href":"https:\/\/www.jackguichard.fr\/index.php?rest_route=\/wp\/v2\/types\/page"}],"author":[{"embeddable":true,"href":"https:\/\/www.jackguichard.fr\/index.php?rest_route=\/wp\/v2\/users\/8"}],"replies":[{"embeddable":true,"href":"https:\/\/www.jackguichard.fr\/index.php?rest_route=%2Fwp%2Fv2%2Fcomments&post=1584"}],"version-history":[{"count":3,"href":"https:\/\/www.jackguichard.fr\/index.php?rest_route=\/wp\/v2\/pages\/1584\/revisions"}],"predecessor-version":[{"id":1790,"href":"https:\/\/www.jackguichard.fr\/index.php?rest_route=\/wp\/v2\/pages\/1584\/revisions\/1790"}],"up":[{"embeddable":true,"href":"https:\/\/www.jackguichard.fr\/index.php?rest_route=\/wp\/v2\/pages\/27"}],"wp:attachment":[{"href":"https:\/\/www.jackguichard.fr\/index.php?rest_route=%2Fwp%2Fv2%2Fmedia&parent=1584"}],"curies":[{"name":"wp","href":"https:\/\/api.w.org\/{rel}","templated":true}]}}