{"id":1592,"date":"2016-02-28T19:50:40","date_gmt":"2016-02-28T18:50:40","guid":{"rendered":"http:\/\/jackguichard.fr\/?page_id=1592"},"modified":"2020-01-27T18:15:36","modified_gmt":"2020-01-27T17:15:36","slug":"le-littoral-talmondais-au-fil-des-ages","status":"publish","type":"page","link":"https:\/\/www.jackguichard.fr\/?page_id=1592","title":{"rendered":"le littoral Talmondais au fil des ages"},"content":{"rendered":"<p><img loading=\"lazy\" decoding=\"async\" class=\"size-large wp-image-1595 alignright\" src=\"http:\/\/jackguichard.fr\/wp-content\/uploads\/2016\/02\/littoralred-724x1024.jpg\" alt=\"littoralred\" width=\"590\" height=\"834\" srcset=\"https:\/\/www.jackguichard.fr\/wp-content\/uploads\/2016\/02\/littoralred-724x1024.jpg 724w, https:\/\/www.jackguichard.fr\/wp-content\/uploads\/2016\/02\/littoralred-212x300.jpg 212w, https:\/\/www.jackguichard.fr\/wp-content\/uploads\/2016\/02\/littoralred-768x1086.jpg 768w\" sizes=\"auto, (max-width: 590px) 100vw, 590px\" \/>&#8211; \u00ab\u00a0le littoral Talmondais au fil des \u00e2ges\u00a0\u00bb&nbsp;Une r\u00e9trospective sur l\u2019\u00e9volution du littoral de&nbsp;vend\u00e9en de Talmont Saint-Hilaire&nbsp;depuis l\u2019\u00e9poque o\u00f9 les dinosaures hantaient la r\u00e9gion jusqu\u2019aux \u00e9volutions r\u00e9centes de la dune du Veillon.&nbsp;Une \u00e9vocation du Havre du Payr\u00e9 du Moyen-\u00e2ge \u00e0 nos jours\u2026 ainsi que des activit\u00e9s des hommes et des femmes qui vivaient sur la c\u00f4te.<\/p>\n<p><a href=\"http:\/\/www.dailymotion.com\/Zplage\">voir la conf\u00e9rence de jack Guichard, &nbsp;salle Louis Chaigne le 23 mars<\/a><\/p>\n<p><a href=\"http:\/\/www.talmondais.com\/blog\/conference-littoral\/\">un r\u00e9sum\u00e9 de la conf\u00e9rence<\/a><\/p>\n<p><a href=\"http:\/\/jackguichard.fr\/?page_id=1646\">voir le livre qui prolonge la conf\u00e9rence<\/a><\/p>\n<p><strong><a href=\"https:\/\/www.facebook.com\/Talmondais\/?hc_ref=ARQzdh9Bt-sHV6BgcIU1Y_HbshPILQKlB0WwZaIaGOWBBEqRKd-Eoj7aZyT85tfCQrk&amp;fref=nf\">d\u00e9couverte des traces de dinosaures du veillon<\/a><\/strong><\/p>\n<p>&nbsp;<\/p>\n<p>&nbsp;<\/p>\n<p><img loading=\"lazy\" decoding=\"async\" class=\"alignleft size-full wp-image-1787\" src=\"http:\/\/jackguichard.fr\/wp-content\/uploads\/2016\/02\/JdS_20170614.jpg\" alt=\"\" width=\"800\" height=\"331\" srcset=\"https:\/\/www.jackguichard.fr\/wp-content\/uploads\/2016\/02\/JdS_20170614.jpg 800w, https:\/\/www.jackguichard.fr\/wp-content\/uploads\/2016\/02\/JdS_20170614-300x124.jpg 300w, https:\/\/www.jackguichard.fr\/wp-content\/uploads\/2016\/02\/JdS_20170614-768x318.jpg 768w\" sizes=\"auto, (max-width: 800px) 100vw, 800px\" \/><img loading=\"lazy\" decoding=\"async\" class=\"alignleft size-medium wp-image-1649\" src=\"http:\/\/jackguichard.fr\/wp-content\/uploads\/2017\/05\/IMG_7161-225x300.jpg\" alt=\"\" width=\"225\" height=\"300\" srcset=\"https:\/\/www.jackguichard.fr\/wp-content\/uploads\/2017\/05\/IMG_7161-225x300.jpg 225w, https:\/\/www.jackguichard.fr\/wp-content\/uploads\/2017\/05\/IMG_7161-768x1024.jpg 768w\" sizes=\"auto, (max-width: 225px) 100vw, 225px\" \/><\/p>\n<p><img loading=\"lazy\" decoding=\"async\" class=\"alignleft wp-image-1782 size-full\" src=\"http:\/\/jackguichard.fr\/wp-content\/uploads\/2016\/02\/ouest-france_20170614.jpg\" alt=\"\" width=\"501\" height=\"800\" srcset=\"https:\/\/www.jackguichard.fr\/wp-content\/uploads\/2016\/02\/ouest-france_20170614.jpg 501w, https:\/\/www.jackguichard.fr\/wp-content\/uploads\/2016\/02\/ouest-france_20170614-188x300.jpg 188w\" sizes=\"auto, (max-width: 501px) 100vw, 501px\" \/><\/p>\n","protected":false},"excerpt":{"rendered":"<p>&#8211; \u00ab\u00a0le littoral Talmondais au fil des \u00e2ges\u00a0\u00bb&nbsp;Une r\u00e9trospective sur l\u2019\u00e9volution du littoral de&nbsp;vend\u00e9en de Talmont Saint-Hilaire&nbsp;depuis l\u2019\u00e9poque o\u00f9 les dinosaures hantaient la r\u00e9gion jusqu\u2019aux \u00e9volutions r\u00e9centes de la dune du Veillon.&nbsp;Une \u00e9vocation du Havre du Payr\u00e9 du Moyen-\u00e2ge \u00e0 nos jours\u2026 ainsi que des activit\u00e9s des hommes et des femmes qui vivaient sur la &hellip;<br \/><a href=\"https:\/\/www.jackguichard.fr\/?page_id=1592\">Read more <span class=\"meta-nav\">&rarr;<\/span><\/a><\/p>\n","protected":false},"author":8,"featured_media":0,"parent":27,"menu_order":6,"comment_status":"closed","ping_status":"closed","template":"template-full.php","meta":{"footnotes":""},"class_list":["post-1592","page","type-page","status-publish","hentry"],"jetpack_sharing_enabled":true,"_links":{"self":[{"href":"https:\/\/www.jackguichard.fr\/index.php?rest_route=\/wp\/v2\/pages\/1592","targetHints":{"allow":["GET"]}}],"collection":[{"href":"https:\/\/www.jackguichard.fr\/index.php?rest_route=\/wp\/v2\/pages"}],"about":[{"href":"https:\/\/www.jackguichard.fr\/index.php?rest_route=\/wp\/v2\/types\/page"}],"author":[{"embeddable":true,"href":"https:\/\/www.jackguichard.fr\/index.php?rest_route=\/wp\/v2\/users\/8"}],"replies":[{"embeddable":true,"href":"https:\/\/www.jackguichard.fr\/index.php?rest_route=%2Fwp%2Fv2%2Fcomments&post=1592"}],"version-history":[{"count":13,"href":"https:\/\/www.jackguichard.fr\/index.php?rest_route=\/wp\/v2\/pages\/1592\/revisions"}],"predecessor-version":[{"id":2049,"href":"https:\/\/www.jackguichard.fr\/index.php?rest_route=\/wp\/v2\/pages\/1592\/revisions\/2049"}],"up":[{"embeddable":true,"href":"https:\/\/www.jackguichard.fr\/index.php?rest_route=\/wp\/v2\/pages\/27"}],"wp:attachment":[{"href":"https:\/\/www.jackguichard.fr\/index.php?rest_route=%2Fwp%2Fv2%2Fmedia&parent=1592"}],"curies":[{"name":"wp","href":"https:\/\/api.w.org\/{rel}","templated":true}]}}