{"id":1652,"date":"2017-05-16T09:09:05","date_gmt":"2017-05-16T07:09:05","guid":{"rendered":"http:\/\/jackguichard.fr\/?page_id=1652"},"modified":"2018-02-01T19:35:51","modified_gmt":"2018-02-01T18:35:51","slug":"schwimmende-nahnadeln-oder-warum-schreien-zwolf-affen-gleichzeitig","status":"publish","type":"page","link":"https:\/\/www.jackguichard.fr\/?page_id=1652","title":{"rendered":"Schwimmende N\u00e4hnadeln oder warum schreien zw\u00f6lf Affen gleichzeitig"},"content":{"rendered":"<p id=\"title\" class=\"a-size-large a-spacing-none\"><a href=\"https:\/\/www.amazon.de\/Schwimmende-N\u00e4hnadeln-warum-schreien-gleichzeitig\/dp\/3897778696\"><span id=\"productTitle\" class=\"a-size-large\">Schwimmende N\u00e4hnadeln oder warum schreien zw\u00f6lf Affen gleichzeitig? &#8211; 500 R\u00e4tsel, verbl\u00fcffende Experimente, optische Illusionen und logische Herausforderungen f\u00fcr die grauen Zellen, Moses, 2017<\/span><\/a><\/p>\n<p>Mit diesem Buch sind intellektuelle Herausforderungen garantiert! Die grauen Zellen werden von 500 R\u00e4tseln, optischen Illusionen, verbl\u00fcffenden Experimenten und logischen Herausforderungen auf die Probe gestellt. Anhand von drei verschiedenen Schwierigkeitsgraden gelangt man hierbei vom Grad des Sch\u00fclers zum Logikmeister, den keine noch so schwierige Aufgabe mehr ins Schwimmen bringt. Und warum schreien die zw\u00f6lf Affen jetzt gleichzeitig? Autoren: Jack und Florence Guichard. Cover-Design: Melanie Dahmen. 4-farbig illustriert. 288 Seiten, Halbleinen, gebunden. F\u00fcr Jugendliche und Erwachsene.<img loading=\"lazy\" decoding=\"async\" class=\"alignleft size-medium wp-image-1653\" src=\"http:\/\/jackguichard.fr\/wp-content\/uploads\/2017\/05\/512GdD0QdaL-208x300.jpg\" alt=\"\" width=\"208\" height=\"300\" srcset=\"https:\/\/www.jackguichard.fr\/wp-content\/uploads\/2017\/05\/512GdD0QdaL-208x300.jpg 208w, https:\/\/www.jackguichard.fr\/wp-content\/uploads\/2017\/05\/512GdD0QdaL.jpg 346w\" sizes=\"auto, (max-width: 208px) 100vw, 208px\" \/> <img loading=\"lazy\" decoding=\"async\" class=\"size-full wp-image-1656 alignright\" src=\"http:\/\/jackguichard.fr\/wp-content\/uploads\/2017\/05\/6119-6wQQ9L._AC_SY75_CR007575_-1.jpg\" alt=\"\" width=\"75\" height=\"75\" \/> <img loading=\"lazy\" decoding=\"async\" class=\"size-full wp-image-1657 alignright\" src=\"http:\/\/jackguichard.fr\/wp-content\/uploads\/2017\/05\/71JhmTEWlzL._AC_SY75_CR007575_-1.jpg\" alt=\"\" width=\"75\" height=\"75\" \/><\/p>\n","protected":false},"excerpt":{"rendered":"<p>Schwimmende N\u00e4hnadeln oder warum schreien zw\u00f6lf Affen gleichzeitig? &#8211; 500 R\u00e4tsel, verbl\u00fcffende Experimente, optische Illusionen und logische Herausforderungen f\u00fcr die grauen Zellen, Moses, 2017 Mit diesem Buch sind intellektuelle Herausforderungen garantiert! Die grauen Zellen werden von 500 R\u00e4tseln, optischen Illusionen, verbl\u00fcffenden Experimenten und logischen Herausforderungen auf die Probe gestellt. Anhand von drei verschiedenen Schwierigkeitsgraden gelangt &hellip;<br \/><a href=\"https:\/\/www.jackguichard.fr\/?page_id=1652\">Read more <span class=\"meta-nav\">&rarr;<\/span><\/a><\/p>\n","protected":false},"author":8,"featured_media":0,"parent":33,"menu_order":10,"comment_status":"closed","ping_status":"closed","template":"template-full.php","meta":{"footnotes":""},"class_list":["post-1652","page","type-page","status-publish","hentry"],"jetpack_sharing_enabled":true,"_links":{"self":[{"href":"https:\/\/www.jackguichard.fr\/index.php?rest_route=\/wp\/v2\/pages\/1652","targetHints":{"allow":["GET"]}}],"collection":[{"href":"https:\/\/www.jackguichard.fr\/index.php?rest_route=\/wp\/v2\/pages"}],"about":[{"href":"https:\/\/www.jackguichard.fr\/index.php?rest_route=\/wp\/v2\/types\/page"}],"author":[{"embeddable":true,"href":"https:\/\/www.jackguichard.fr\/index.php?rest_route=\/wp\/v2\/users\/8"}],"replies":[{"embeddable":true,"href":"https:\/\/www.jackguichard.fr\/index.php?rest_route=%2Fwp%2Fv2%2Fcomments&post=1652"}],"version-history":[{"count":3,"href":"https:\/\/www.jackguichard.fr\/index.php?rest_route=\/wp\/v2\/pages\/1652\/revisions"}],"predecessor-version":[{"id":1660,"href":"https:\/\/www.jackguichard.fr\/index.php?rest_route=\/wp\/v2\/pages\/1652\/revisions\/1660"}],"up":[{"embeddable":true,"href":"https:\/\/www.jackguichard.fr\/index.php?rest_route=\/wp\/v2\/pages\/33"}],"wp:attachment":[{"href":"https:\/\/www.jackguichard.fr\/index.php?rest_route=%2Fwp%2Fv2%2Fmedia&parent=1652"}],"curies":[{"name":"wp","href":"https:\/\/api.w.org\/{rel}","templated":true}]}}