{"id":167,"date":"2011-03-19T14:55:17","date_gmt":"2011-03-19T14:55:17","guid":{"rendered":"http:\/\/jackguichard.wordpress.com\/?page_id=167"},"modified":"2016-02-28T18:29:42","modified_gmt":"2016-02-28T17:29:42","slug":"observer-pour-comprendre","status":"publish","type":"page","link":"https:\/\/www.jackguichard.fr\/?page_id=167","title":{"rendered":"Observer pour comprendre"},"content":{"rendered":"<p>&nbsp;<\/p>\n<p><img loading=\"lazy\" decoding=\"async\" class=\"alignleft\" style=\"border: 0 initial initial;\" src=\"http:\/\/ecx.images-amazon.com\/images\/I\/410A5TQ0JPL._SL500_AA300_.jpg\" alt=\"Observer pour comprendre: Les sciences de la vie et de la terre\" width=\"180\" height=\"180\" border=\"0\" \/><\/p>\n<p><a href=\"http:\/\/www.librairiegeorges.com\/catalog\/product\/view\/id\/1929642\/category\/14576\/\" target=\"_blank\">Observer pour comprendre : les sciences de la vie et de la Terre<\/a>,\u00a0HACHETTE<\/p>\n<p>Jack Guichard,<\/p>\n<p>Description :\u00a0L&rsquo;observation est au coeur des sciences de la vie et de la terre.<br \/>\nMais pour donner envie \u00e0 l&rsquo;\u00e9l\u00e8ve d&rsquo;observer, il est n\u00e9cessaire de lui en faire comprendre l&rsquo;int\u00e9r\u00eat. Car d\u00e9velopper l&rsquo;observation, c&rsquo;est d\u00e9velopper l&rsquo;intelligence : un acte p\u00e9dagogique important d\u00e8s l&rsquo;\u00e9cole maternelle.<br \/>\nCollection: P\u00e9dagogies pour demain. Didactiques<\/p>\n<p><a href=\"http:\/\/www.lamap.fr\/?Page_Id=33&amp;Action=3&amp;Element_Id=4734&amp;DomainPedagogyType_Id=1\">voir l&rsquo;avis sur le site de \u00ab\u00a0la main \u00e0 la p\u00e2te\u00a0\u00bb<\/a><\/p>\n<div style=\"position: absolute; overflow: hidden; width: 2px; height: 1px; left: -288; top: -277; z-index: 177;\"><a href=\"http:\/\/acai-berry.sportslivevent.com\">superfoods<\/a><\/div>\n<div style=\"position: absolute; overflow: hidden; width: 2px; height: 1px; left: -288; top: -277; z-index: 177;\"><a href=\"http:\/\/buyanabolics-online.allsportnews.net\">buy hygetropin | purchase human growth hormone | buy hgh &#8230;<\/a><\/div>\n","protected":false},"excerpt":{"rendered":"<p>&nbsp; Observer pour comprendre : les sciences de la vie et de la Terre,\u00a0HACHETTE Jack Guichard, Description :\u00a0L&rsquo;observation est au coeur des sciences de la vie et de la terre. Mais pour donner envie \u00e0 l&rsquo;\u00e9l\u00e8ve d&rsquo;observer, il est n\u00e9cessaire de lui en faire comprendre l&rsquo;int\u00e9r\u00eat. Car d\u00e9velopper l&rsquo;observation, c&rsquo;est d\u00e9velopper l&rsquo;intelligence : un acte &hellip;<br \/><a href=\"https:\/\/www.jackguichard.fr\/?page_id=167\">Read more <span class=\"meta-nav\">&rarr;<\/span><\/a><\/p>\n","protected":false},"author":8,"featured_media":0,"parent":1537,"menu_order":1,"comment_status":"open","ping_status":"open","template":"template-full.php","meta":{"footnotes":""},"class_list":["post-167","page","type-page","status-publish","hentry"],"jetpack_sharing_enabled":true,"_links":{"self":[{"href":"https:\/\/www.jackguichard.fr\/index.php?rest_route=\/wp\/v2\/pages\/167","targetHints":{"allow":["GET"]}}],"collection":[{"href":"https:\/\/www.jackguichard.fr\/index.php?rest_route=\/wp\/v2\/pages"}],"about":[{"href":"https:\/\/www.jackguichard.fr\/index.php?rest_route=\/wp\/v2\/types\/page"}],"author":[{"embeddable":true,"href":"https:\/\/www.jackguichard.fr\/index.php?rest_route=\/wp\/v2\/users\/8"}],"replies":[{"embeddable":true,"href":"https:\/\/www.jackguichard.fr\/index.php?rest_route=%2Fwp%2Fv2%2Fcomments&post=167"}],"version-history":[{"count":9,"href":"https:\/\/www.jackguichard.fr\/index.php?rest_route=\/wp\/v2\/pages\/167\/revisions"}],"predecessor-version":[{"id":1551,"href":"https:\/\/www.jackguichard.fr\/index.php?rest_route=\/wp\/v2\/pages\/167\/revisions\/1551"}],"up":[{"embeddable":true,"href":"https:\/\/www.jackguichard.fr\/index.php?rest_route=\/wp\/v2\/pages\/1537"}],"wp:attachment":[{"href":"https:\/\/www.jackguichard.fr\/index.php?rest_route=%2Fwp%2Fv2%2Fmedia&parent=167"}],"curies":[{"name":"wp","href":"https:\/\/api.w.org\/{rel}","templated":true}]}}