{"id":1691,"date":"2017-08-05T19:54:30","date_gmt":"2017-08-05T17:54:30","guid":{"rendered":"http:\/\/jackguichard.fr\/?page_id=1691"},"modified":"2018-12-07T18:12:21","modified_gmt":"2018-12-07T17:12:21","slug":"defiez-votre-cerveau","status":"publish","type":"page","link":"https:\/\/www.jackguichard.fr\/?page_id=1691","title":{"rendered":"Defiez votre cerveau"},"content":{"rendered":"<div class=\"notice-media\">\n<div class=\"center\">\n<div class=\"notice-media\">\n<div id=\"2bb5ec93-055c-4a12-b00d-a76ad5a70309\" class=\"ajax-search-produit-cover\" data-ajax=\"true\" data-ajax-url=\"\/Recherche\/GetProduitCover?id=2066655\" data-ajax-cache=\"true\" data-ajax-update=\"#2bb5ec93-055c-4a12-b00d-a76ad5a70309\" data-ajax-mode=\"replace\" data-ajax-result-can-redirect=\"False\" data-ajax-with-credentials=\"False\"><img loading=\"lazy\" decoding=\"async\" class=\"alignnone\" src=\"https:\/\/mollatcommon.blob.core.windows.net\/notices47\/2066655_medium.jpg\" alt=\"\" width=\"200\" height=\"268\" \/>Pourquoi parle-t-on de cerveau droit et de cerveau gauche ? Comment notre cerveau interpr\u00e8te-t-il les illusions d&rsquo;optique ? Pourquoi a-t-on moins de go\u00fbt quand on a le nez bouch\u00e9 ? Comment nager, faire du v\u00e9lo ou tout simplement marcher deviennent-ils des automatismes ? Peut-on entra\u00eener sa m\u00e9moire ? Quels sont les diff\u00e9rents types d&rsquo;intelligence et lequel pr\u00e9domine chez vous ? Les r\u00e9ponses \u00e0 ces questions, &#8211; et encore plein d&rsquo;autres -, se trouvent dans ce livre. Gr\u00e2ce \u00e0 des jeux, que vous pouvez faire seul ou avec vos amis, d\u00e9couvrez les capacit\u00e9s incroyables du cerveau ! Chaque exercice ludique est suivi d&rsquo;une explication scientifique qui vous permettra de comprendre le fonctionnement de l&rsquo;organe le plus myst\u00e9rieux du corps humain. Apprenez tout sur votre cerveau, en jouant avec lui\u00a0!<\/div>\n<\/div>\n<\/div>\n<\/div>\n<div class=\"notice-content center\">\n<h3 class=\"notice-title\"><a href=\"https:\/\/www.mollat.com\/livres\/2066655\/jack-guichard-defiez-votre-cerveau\">Defiez votre cerveau<\/a><\/h3>\n<div class=\"notice-author\">Auteur : <a class=\"search-rebond\" href=\"https:\/\/www.mollat.com\/Recherche\/Auteur\/0-1241692\/jack-guichard\">Jack Guichard<\/a><\/div>\n<div class=\"notice-editor\">\u00c9diteur : <a class=\"search-rebond\" href=\"https:\/\/www.mollat.com\/Recherche\/Editeur\/0-71627\/larousse\">Larousse<\/a><\/div>\n<div class=\"notice-tag center\"><\/div>\n<div class=\"notice-desription\">Plus de cent tests, jeux et illusions d&rsquo;optique pour d\u00e9couvrir les capacit\u00e9s \u00e9tonnantes du cerveau : perception sensorielle, \u00e9quilibre, m\u00e9moire et \u00e9motions sont pr\u00e9sent\u00e9s de fa\u00e7on ludique. \u00a9Electre<\/div>\n<div class=\"notice-price\">15,95 \u20ac<\/div>\n<\/div>\n","protected":false},"excerpt":{"rendered":"<p>Pourquoi parle-t-on de cerveau droit et de cerveau gauche ? Comment notre cerveau interpr\u00e8te-t-il les illusions d&rsquo;optique ? Pourquoi a-t-on moins de go\u00fbt quand on a le nez bouch\u00e9 ? Comment nager, faire du v\u00e9lo ou tout simplement marcher deviennent-ils des automatismes ? Peut-on entra\u00eener sa m\u00e9moire ? Quels sont les diff\u00e9rents types d&rsquo;intelligence et &hellip;<br \/><a href=\"https:\/\/www.jackguichard.fr\/?page_id=1691\">Read more <span class=\"meta-nav\">&rarr;<\/span><\/a><\/p>\n","protected":false},"author":8,"featured_media":0,"parent":33,"menu_order":0,"comment_status":"closed","ping_status":"closed","template":"template-full.php","meta":{"footnotes":""},"class_list":["post-1691","page","type-page","status-publish","hentry"],"jetpack_sharing_enabled":true,"_links":{"self":[{"href":"https:\/\/www.jackguichard.fr\/index.php?rest_route=\/wp\/v2\/pages\/1691","targetHints":{"allow":["GET"]}}],"collection":[{"href":"https:\/\/www.jackguichard.fr\/index.php?rest_route=\/wp\/v2\/pages"}],"about":[{"href":"https:\/\/www.jackguichard.fr\/index.php?rest_route=\/wp\/v2\/types\/page"}],"author":[{"embeddable":true,"href":"https:\/\/www.jackguichard.fr\/index.php?rest_route=\/wp\/v2\/users\/8"}],"replies":[{"embeddable":true,"href":"https:\/\/www.jackguichard.fr\/index.php?rest_route=%2Fwp%2Fv2%2Fcomments&post=1691"}],"version-history":[{"count":4,"href":"https:\/\/www.jackguichard.fr\/index.php?rest_route=\/wp\/v2\/pages\/1691\/revisions"}],"predecessor-version":[{"id":1944,"href":"https:\/\/www.jackguichard.fr\/index.php?rest_route=\/wp\/v2\/pages\/1691\/revisions\/1944"}],"up":[{"embeddable":true,"href":"https:\/\/www.jackguichard.fr\/index.php?rest_route=\/wp\/v2\/pages\/33"}],"wp:attachment":[{"href":"https:\/\/www.jackguichard.fr\/index.php?rest_route=%2Fwp%2Fv2%2Fmedia&parent=1691"}],"curies":[{"name":"wp","href":"https:\/\/api.w.org\/{rel}","templated":true}]}}