{"id":1697,"date":"2017-08-05T20:00:14","date_gmt":"2017-08-05T18:00:14","guid":{"rendered":"http:\/\/jackguichard.fr\/?page_id=1697"},"modified":"2025-11-07T15:43:59","modified_gmt":"2025-11-07T14:43:59","slug":"patrimoine","status":"publish","type":"page","link":"https:\/\/www.jackguichard.fr\/?page_id=1697","title":{"rendered":"PATRIMOINE"},"content":{"rendered":"\n<p>Jack Guichard participe \u00e0 la&nbsp;<a href=\"http:\/\/www.sentinelledelestuaire.fr\">d\u00e9fense du patrimoine historique et naturel<\/a>&nbsp;local comme membre de la commission \u00ab&nbsp;patrimoine&nbsp;\u00bb de la mairie de Talmont saint-Hilaire et en le faisant d\u00e9couvrir et appr\u00e9cier par des articles et des livres, ainsi que des&nbsp;<a href=\"http:\/\/www.sentinelledelestuaire.fr\">visites<\/a>, des&nbsp;<a href=\"http:\/\/jackguichard.fr\/?page_id=1890\">vid\u00e9os<\/a>&nbsp;et des&nbsp;<a href=\"http:\/\/jackguichard.fr\/?page_id=1697\">conf\u00e9rences<\/a>.<\/p>\n\n\n\n<p><strong>une \u00e9mission hebdomadaire sur TV3Provinces<\/strong> <a href=\"http:\/\/jackguichard.fr\/?page_id=2577\"><strong>les balades de Jack<\/strong>&#8230; pour d\u00e9couvrir le sud vend\u00e9e<\/a><\/p>\n\n\n\n<p><strong><a href=\"https:\/\/www.youtube.com\/@LesSentiersduLittoral-2023\">la s\u00e9rie de vid\u00e9os des \u00ab\u00a0sentiers du littoral\u00a0\u00bb <\/a>: <\/strong><\/p>\n\n\n\n<p>20 juillet 2023 :&nbsp;<a href=\"https:\/\/www.youtube.com\/watch?v=AJjsojppY4c\">vid\u00e9o Port Bourgenay dans la s\u00e9rie \u00ab&nbsp;les sentiers du littoral&nbsp;\u00bb<\/a><\/p>\n\n\n\n<p><a href=\"https:\/\/youtu.be\/7JEtXm7v4H4\">les p\u00eacheries et les conches de l\u2019anse de la R\u00e9publique \u00e0 Talmont<\/a>.<\/p>\n\n\n\n<p><a href=\"https:\/\/vimeo.com\/651032052\">Les marais salants de La Guitti\u00e8re<\/a><\/p>\n\n\n\n<p><a href=\"https:\/\/vimeo.com\/353317827\">La dune du Veillon et <\/a><a href=\"https:\/\/vimeo.com\/channels\/sentiers\/557062906\">Le bourg de Saint-Hilaire<\/a><\/p>\n\n\n\n<p><a href=\"https:\/\/vimeo.com\/578534541\">L\u2019abbaye royale du Lieu-Dieu \u00e0 Jard sur Mer<\/a><\/p>\n\n\n\n<p><a href=\"https:\/\/vimeo.com\/channels\/sentiers\/557062906\">Le bourg de Saint-Hilaire<\/a><\/p>\n\n\n\n<p><strong>Une s\u00e9rie TV hebdomadaire sur TV3Provinces :<\/strong><a href=\"http:\/\/jackguichard.fr\/?page_id=2577\"> Les balades de jack\u00a0\u00bb (saison 2022-2023)<\/a><br><br>nouvelle <a href=\"https:\/\/www.youtube.com\/@LesSentiersduLittoral-2023\">chaine youtube : les sentiers du littoral<\/a><\/p>\n\n\n<div class=\"wp-block-image\">\n<figure class=\"aligncenter\"><a href=\"https:\/\/www.youtube.com\/@LesSentiersduLittoral-2023\"><img decoding=\"async\" src=\"https:\/\/www.sentinelledelestuaire.fr\/wp-content\/uploads\/2023\/07\/Capture-decran-2023-07-20-a-18.05.23.png\" alt=\"\" class=\"wp-image-3165\"\/><\/a><\/figure><\/div>\n\n\n<p><\/p>\n\n\n\n<p><strong>Une<\/strong>&nbsp;<strong>s\u00e9rie d\u2019\u00e9missions hebdomadaires produites par Philippe Gouraud pour TV 3&nbsp;Provinces sur l&rsquo;histoire du talmondais<\/strong><a href=\"http:\/\/jackguichard.fr\/?page_id=2181\"> <\/a>avec Jack Guichard et ses invit\u00e9s (saison 2020-2022)<a href=\"http:\/\/jackguichard.fr\/?page_id=2181\"> : \u00ab\u00a0M\u00e9moires talmondaise\u00a0\u00bb<\/a><br><\/p>\n\n\n\n<p><\/p>\n\n\n\n<p><strong>des livres<\/strong> et des articles : <\/p>\n\n\n\n<p><strong>articles <\/strong><a href=\"https:\/\/talmont-saint-hilaire.fr\/vivre-a-talmont\/culture\/cahiers-du-patrimoine-talmondais\/\">dans la revue : les cahiers du patrimoine talmondais<\/a><br><br><\/p>\n\n\n\n<figure class=\"wp-block-image\"><img loading=\"lazy\" decoding=\"async\" width=\"215\" height=\"300\" src=\"http:\/\/jackguichard.fr\/wp-content\/uploads\/2022\/11\/image.jpeg\" alt=\"\" class=\"wp-image-2617\"\/><\/figure>\n\n\n\n<p><strong>des livres<\/strong> : <br>Le Talmondais, plus de 5000 ans d&rsquo;histoire<br>le littoral talmondais<br>Talmont-Saint-Hilaire, le guide du visiteur <\/p>\n\n\n\n<p><strong><a href=\"http:\/\/jackguichard.fr\/?page_id=2344\">Le guide touristique de Talmont Saint-Hilaire <\/a><\/strong>une publication de 88 pages des amis du patrimoine talmondais par Jack Guichard et Johny Lenormand<\/p>\n\n\n\n<figure class=\"wp-block-image\"><img loading=\"lazy\" decoding=\"async\" width=\"221\" height=\"300\" src=\"http:\/\/jackguichard.fr\/wp-content\/uploads\/2021\/06\/guide-talmont-couv1-221x300.jpg\" alt=\"\" class=\"wp-image-2347\" srcset=\"https:\/\/www.jackguichard.fr\/wp-content\/uploads\/2021\/06\/guide-talmont-couv1-221x300.jpg 221w, https:\/\/www.jackguichard.fr\/wp-content\/uploads\/2021\/06\/guide-talmont-couv1-768x1044.jpg 768w, https:\/\/www.jackguichard.fr\/wp-content\/uploads\/2021\/06\/guide-talmont-couv1-753x1024.jpg 753w, https:\/\/www.jackguichard.fr\/wp-content\/uploads\/2021\/06\/guide-talmont-couv1.jpg 842w\" sizes=\"auto, (max-width: 221px) 100vw, 221px\" \/><\/figure>\n\n\n\n<p><strong>Le Talmondais, plus de 5000 ans d&rsquo;histoire<\/strong><\/p>\n\n\n\n<figure class=\"wp-block-image\"><img loading=\"lazy\" decoding=\"async\" width=\"225\" height=\"300\" src=\"http:\/\/jackguichard.fr\/wp-content\/uploads\/2020\/06\/talmondaisred-225x300.jpg\" alt=\"\" class=\"wp-image-2137\" srcset=\"https:\/\/www.jackguichard.fr\/wp-content\/uploads\/2020\/06\/talmondaisred-225x300.jpg 225w, https:\/\/www.jackguichard.fr\/wp-content\/uploads\/2020\/06\/talmondaisred-768x1024.jpg 768w\" sizes=\"auto, (max-width: 225px) 100vw, 225px\" \/><figcaption class=\"wp-element-caption\">Vous avez aim\u00e9 d\u00e9couvrir l\u2019an dernier \u00ab&nbsp;le littoral talmondais&nbsp;\u00bb, vous allez adorer \u00ab&nbsp;le Talmondais, plus de 5000 ans d\u2019histoire&nbsp;\u00bb. Liliane Richard et son association \u00ab&nbsp;les amis du ch\u00e2teau et du patrimoine talmondais&nbsp;\u00bb renouvelle l\u2019exp\u00e9rience du livre pr\u00e9c\u00e9dent qui a s\u00e9duit 2500 lecteurs. Sur 68 pages, Jack Guichard nous fait revivre, avec des photographies et des documents uniques cr\u00e9\u00e9s et superbement mis en page par Johny Lenormand, l\u2019histoire de Talmont et du territoire de \u00ab&nbsp;Vend\u00e9e Grand Littoral&nbsp;\u00bb.<br>Vous y d\u00e9couvrirez que le Talmondais fut le Carnac vend\u00e9en 4000 ans avant-J-C, lle n\u0153ud commercial du Poitou par ses ports et ses chemins depuis les gaulois jusqu&rsquo;au XVIe si\u00e8cle, un fief de Richard C\u0153ur de Lion, le pourvoyeur de l\u2019or blanc des abbayes.&nbsp;<br>Le Talmondais est une fronti\u00e8re naturelle entre le massif armoricain avec son bocage au nord-ouest et la plaine calcaire du bassin aquitain avec son grenier \u00e0 bl\u00e9\u0301 au sud-est. Il est situ\u00e9 sur la ligne de d\u00e9marcation entre les pays celtes et le Golfe des Pictons, une zone tampon entre catholiques et protestants, le th\u00e9\u00e2tre de conflits entre les royalistes du bocage et les r\u00e9volutionnaires de la c\u00f4te, une confrontation entre activit\u00e9s agricole et touristique depuis pr\u00e8s d\u2019un si\u00e8cle.&nbsp;<br>Avec un nouvel \u00e9clairage sur plus d\u2019une cinquantaine de lieux historiques du territoire talmondais, de Talmont \u00e0 Saint-Benoist, en passant par Jard, Avrill\u00e9 et Moutiers et bien d\u2019autres communes, vous pourrez revivre plus de 5000 ans l\u2019histoire et comprendre comment ce pays a \u00e9volu\u00e9 contre vents et mar\u00e9es, de son importance int\u00e9r\u00eat \u00e0 l\u2019\u00e9poque m\u00e9galithique \u00e0 son ouverture au tourisme depuis un si\u00e8cle, sans oublier son int\u00e9r\u00eat strat\u00e9gique et \u00e9conomique au Moyen-\u00e2ge \u00e0 l\u2019\u00e9poque de Richard C\u0153ur de Lion.<\/figcaption><\/figure>\n\n\n<p><img loading=\"lazy\" decoding=\"async\" class=\"alignleft wp-image-1930 size-medium\" src=\"http:\/\/jackguichard.fr\/wp-content\/uploads\/2018\/12\/livre-219x300.jpg\" alt=\"\" width=\"219\" height=\"300\" srcset=\"https:\/\/www.jackguichard.fr\/wp-content\/uploads\/2018\/12\/livre-219x300.jpg 219w, https:\/\/www.jackguichard.fr\/wp-content\/uploads\/2018\/12\/livre-768x1051.jpg 768w, https:\/\/www.jackguichard.fr\/wp-content\/uploads\/2018\/12\/livre-748x1024.jpg 748w, https:\/\/www.jackguichard.fr\/wp-content\/uploads\/2018\/12\/livre.jpg 1122w\" sizes=\"auto, (max-width: 219px) 100vw, 219px\" \/><strong>Le littoral Talmondais, une longue et passionnante histoire<\/strong>, Amis du chateau et du patrimoine talmondais, 2017&nbsp;<\/p>\n<p>Un guide pour d\u00e9couvrir le littoral Talmondais et son histoire, de la baie de Cayola \u00e0 Saint-Vincent de Jard.&nbsp;Vous y d\u00e9couvrirez que les dinosaures hantaient jadis le Veillon,&nbsp;que les navires remontaient jusqu\u2019au ch\u00e2teau de Talmont \u00e0 l\u2019\u00e9poque de Richard C\u0153ur de lion,&nbsp;que les moines ont model\u00e9 les paysages pour r\u00e9colter l\u2019or blanc,&nbsp;que pendant des si\u00e8cles les populations locales ont v\u00e9cu sur les conches et les p\u00eacheries,&nbsp;que le littoral s\u2019est consid\u00e9rablement modifi\u00e9 au gr\u00e9 des courants et des temp\u00eates\u2026En particulier vous comprendrez comment la dune du Veillon a \u00e9t\u00e9 cr\u00e9\u00e9e et s\u2019est \u00e9rod\u00e9e ces derni\u00e8res ann\u00e9es.<\/p>\n<p>Apr\u00e8s 2 000 exemplaires vendus &nbsp;ce livre \u201cLe littoral talmondais\u201d, \u00e9crit par Jack Guichard et mis en page par Jony Lenormand, est \u00e9puis\u00e9. L\u2019association \u00e9ditrice de ce livre, \u201cLes Amis du Ch\u00e2teau et du Patrimoine Talmondais\u201d, le met \u00e0 votre disposition en format pdf.&nbsp;<a href=\"https:\/\/www.talmondais.com\/divers\/lieu_dieu\/littoral_talmondais_V2b.pdf\">Cliquez ici pour t\u00e9l\u00e9charger \u201cLe littoral talmondais\u201d en pdf.<\/a><\/p>\n<\/p>\n<p><strong><a href=\"https:\/\/vimeo.com\/channels\/sentiers\">Une s\u00e9rie vid\u00e9o : sur les sentiers du littoral<\/a><\/strong><\/p>\n<p>Pour d\u00e9couvrir &nbsp;le patrimoine Talmondais sur le terrain :<\/p>\n<p><a href=\"http:\/\/www.sentinelledelestuaire.fr\">participez aux sorties organis\u00e9es par \u00ab\u00a0les sentinelles de l&rsquo;estuaire\u00a0\u00bb cr\u00e9\u00e9es par Jack Guichard depuis fin 2016<\/a><\/p>\n<p><a href=\"http:\/\/jackguichard.fr\/wp-admin\/post.php?post=1850&amp;action=edit\">Les mentions dans la presse<\/a><\/p>\n<p>et <a href=\"https:\/\/www.facebook.com\/VilleTalmontSaintHilaire\/posts\/le-n8-des-cahiers-du-patrimoine-talmondais-est-sorti-toujours-attendus-avec-impa\/1808570046098998\/\">dans \u00ab\u00a0les cahiers du patrimoine\u00a0\u00bb<\/a><\/p>\n<p><a href=\"https:\/\/vimeo.com\/user83746441\"><strong>Vid\u00e9o \u00ab&nbsp;les sentiers du littoral&nbsp;\u00bb sur le chaine Vim\u00e9o<\/strong><\/a><\/p>\n<p>Une s\u00e9rie de vid\u00e9o pr\u00e9sentant le patrimoine historique et naturel du littoral vend\u00e9en<\/p>\n<p><img loading=\"lazy\" decoding=\"async\" class=\"alignleft size-full wp-image-1703\" src=\"http:\/\/jackguichard.fr\/wp-content\/uploads\/2017\/08\/payr\u00e9-2-300x225.jpg\" alt=\"\" width=\"300\" height=\"225\"><\/p>\n\n\n<figure class=\"wp-block-gallery has-nested-images columns-default is-cropped wp-block-gallery-1 is-layout-flex wp-block-gallery-is-layout-flex\"><\/figure>\n","protected":false},"excerpt":{"rendered":"<p>Jack Guichard participe \u00e0 la&nbsp;d\u00e9fense du patrimoine historique et naturel&nbsp;local comme membre de la commission \u00ab&nbsp;patrimoine&nbsp;\u00bb de la mairie de Talmont saint-Hilaire et en le faisant d\u00e9couvrir et appr\u00e9cier par des articles et des livres, ainsi que des&nbsp;visites, des&nbsp;vid\u00e9os&nbsp;et des&nbsp;conf\u00e9rences. une \u00e9mission hebdomadaire sur TV3Provinces les balades de Jack&#8230; pour d\u00e9couvrir le sud vend\u00e9e la &hellip;<br \/><a href=\"https:\/\/www.jackguichard.fr\/?page_id=1697\">Read more <span class=\"meta-nav\">&rarr;<\/span><\/a><\/p>\n","protected":false},"author":8,"featured_media":0,"parent":0,"menu_order":5,"comment_status":"closed","ping_status":"closed","template":"template-full.php","meta":{"footnotes":""},"class_list":["post-1697","page","type-page","status-publish","hentry"],"jetpack_sharing_enabled":true,"_links":{"self":[{"href":"https:\/\/www.jackguichard.fr\/index.php?rest_route=\/wp\/v2\/pages\/1697","targetHints":{"allow":["GET"]}}],"collection":[{"href":"https:\/\/www.jackguichard.fr\/index.php?rest_route=\/wp\/v2\/pages"}],"about":[{"href":"https:\/\/www.jackguichard.fr\/index.php?rest_route=\/wp\/v2\/types\/page"}],"author":[{"embeddable":true,"href":"https:\/\/www.jackguichard.fr\/index.php?rest_route=\/wp\/v2\/users\/8"}],"replies":[{"embeddable":true,"href":"https:\/\/www.jackguichard.fr\/index.php?rest_route=%2Fwp%2Fv2%2Fcomments&post=1697"}],"version-history":[{"count":47,"href":"https:\/\/www.jackguichard.fr\/index.php?rest_route=\/wp\/v2\/pages\/1697\/revisions"}],"predecessor-version":[{"id":3052,"href":"https:\/\/www.jackguichard.fr\/index.php?rest_route=\/wp\/v2\/pages\/1697\/revisions\/3052"}],"wp:attachment":[{"href":"https:\/\/www.jackguichard.fr\/index.php?rest_route=%2Fwp%2Fv2%2Fmedia&parent=1697"}],"curies":[{"name":"wp","href":"https:\/\/api.w.org\/{rel}","templated":true}]}}