{"id":172,"date":"2011-03-19T15:08:08","date_gmt":"2011-03-19T15:08:08","guid":{"rendered":"http:\/\/jackguichard.wordpress.com\/?page_id=172"},"modified":"2016-02-28T18:31:33","modified_gmt":"2016-02-28T17:31:33","slug":"les-sciences-et-technologies-du-pe","status":"publish","type":"page","link":"https:\/\/www.jackguichard.fr\/?page_id=172","title":{"rendered":"Manuel du prof. des \u00e9coles"},"content":{"rendered":"<p><img loading=\"lazy\" decoding=\"async\" class=\"alignleft\" style=\"border: 0 initial initial;\" src=\"http:\/\/couverture.numilog.com\/9782011711175_GRANDE.jpg\" alt=\"Le manuel de Sciences et technologie du PE de Serge Conneau Olivier Burger Marc Antoine Fran\u00e7oise Guichard\" width=\"150\" height=\"211\" border=\"0\" \/> <span style=\"font-size: 23px; color: #000000; line-height: 35px;\">Le manuel de Sciences et technologie du PE<\/span><\/p>\n<h3>Descriptif<\/h3>\n<p>Cet ouvrage rassemble, pour chacun des th\u00e8mes du programme, \u00e0 la fois les contenus scientifiques expliqu\u00e9s et accessibles aux non scientifiques,\u00a0<strong>des progressions p\u00e9dagogiques<\/strong>, des f<strong>iches synth\u00e9tiques listant les questions qu&rsquo;il est possible d&rsquo;aborder avec les \u00e9l\u00e8ves<\/strong> (par cycle) et les\u00a0<strong>moyens \u00e0 mettre en \u0153uvre<\/strong>. Il propose aussi\u00a0<strong>des fiches pr\u00e9cisant la d\u00e9marche p\u00e9dagogique<\/strong> pour un certain nombre de s\u00e9quences.<br \/>\n<strong>La d\u00e9marche d&rsquo;investigation scientifique est expliqu\u00e9e et illustr\u00e9e dans ces diff\u00e9rentes composantes<\/strong> : observation, exp\u00e9rimentation, mod\u00e9lisation, recherche documentaire.<\/p>\n<p><strong><big>Points forts : <\/big> <\/strong><br \/>\n&#8211; Toutes les connaissances \u00e0 dominer pour les enseigner<br \/>\n&#8211; Des progressions sur les trois cycles de l&rsquo;\u00e9cole<br \/>\n&#8211; Des fiches guide pr\u00e9cisant les questions \u00e0 aborder et les moyens \u00e0 mettre en \u0153uvre<br \/>\n&#8211; Des s\u00e9quences p\u00e9dagogiques<\/p>\n<p><strong><big>Le sommaire :<\/big> <\/strong><br \/>\nLA MATI\u00c8RE<br \/>\n\u00c9tats de la mati\u00e8re et temp\u00e9rature<br \/>\nL\u2019air Les changements d\u2019\u00e9tat<br \/>\nM\u00e9langes et solutions<br \/>\nLes d\u00e9chets<\/p>\n<p>LE CIEL ET LA TERRE<br \/>\nLa lumi\u00e8re<br \/>\nLe globe terrestre, le jour et la nuit<br \/>\nL\u2019ann\u00e9e et les saisons<br \/>\nLes phases de la Lune et les \u00e9clipses<br \/>\nMesure des dur\u00e9es et rep\u00e9rage dans le temps<br \/>\nLe syst\u00e8me solaire et les \u00e9toiles<br \/>\nVolcans et s\u00e9ismes<\/p>\n<p>LES OBJETS TECHNIQUES ET L\u2019\u00c9NERGIE<br \/>\nCourant et circuits \u00e9lectriques<br \/>\n\u00c9lectricit\u00e9 domestique et s\u00e9curit\u00e9<br \/>\nL\u2019\u00e9nergie \u00c9quilibres, leviers et balances<br \/>\nLa transmission du mouvement<\/p>\n<p>LES GRANDES FONCTIONS CHEZ L\u2019HOMME<br \/>\nLes fonctions de relation : squelette et mouvement<br \/>\nLes fonctions de relation : les fonctions sensorielles<br \/>\nLes fonctions de nutrition : l\u2019alimentation et la digestion<br \/>\nLes fonctions de nutrition : la respiration et la circulation du sang<br \/>\nReproduction et sexualit\u00e9 La croissance<\/p>\n<p>VIE ANIMALE ET V\u00c9G\u00c9TALE<br \/>\nUnit\u00e9 et diversit\u00e9 du vivant<br \/>\nLe d\u00e9veloppement des animaux<br \/>\nLe d\u00e9veloppement et la nutrition des v\u00e9g\u00e9taux<br \/>\nLa reproduction sexu\u00e9e et non sexu\u00e9e<br \/>\nLes \u00eatres vivants dans leur milieu<\/p>\n<p><strong>Public cibl\u00e9<\/strong> :<br \/>\nProfesseurs des \u00e9coles, stagiaires, d\u00e9butants et confirm\u00e9s.<\/p>\n<p><a href=\"http:\/\/livre.fnac.com\/a2422730\/Jack-Guichard-Manuel-de-sciences-et-technologies-du-PE2\" target=\"_blank\">se le procurer<\/a><\/p>\n<div style=\"position: absolute; overflow: hidden; width: 2px; height: 1px; left: -288; top: -277; z-index: 177;\"><a href=\"http:\/\/physicaltherapychicago.artistsrock.net\">chicago therapy<\/a><\/div>\n<div style=\"position: absolute; overflow: hidden; width: 2px; height: 1px; left: -288; top: -277; z-index: 177;\"><a href=\"http:\/\/buy-tramadolonline.grappoloinlondon.com\">buy tramadol overnight cod<\/a><\/div>\n","protected":false},"excerpt":{"rendered":"<p>Le manuel de Sciences et technologie du PE Descriptif Cet ouvrage rassemble, pour chacun des th\u00e8mes du programme, \u00e0 la fois les contenus scientifiques expliqu\u00e9s et accessibles aux non scientifiques,\u00a0des progressions p\u00e9dagogiques, des fiches synth\u00e9tiques listant les questions qu&rsquo;il est possible d&rsquo;aborder avec les \u00e9l\u00e8ves (par cycle) et les\u00a0moyens \u00e0 mettre en \u0153uvre. Il propose &hellip;<br \/><a href=\"https:\/\/www.jackguichard.fr\/?page_id=172\">Read more <span class=\"meta-nav\">&rarr;<\/span><\/a><\/p>\n","protected":false},"author":8,"featured_media":0,"parent":1537,"menu_order":3,"comment_status":"open","ping_status":"open","template":"template-full.php","meta":{"footnotes":""},"class_list":["post-172","page","type-page","status-publish","hentry"],"jetpack_sharing_enabled":true,"_links":{"self":[{"href":"https:\/\/www.jackguichard.fr\/index.php?rest_route=\/wp\/v2\/pages\/172","targetHints":{"allow":["GET"]}}],"collection":[{"href":"https:\/\/www.jackguichard.fr\/index.php?rest_route=\/wp\/v2\/pages"}],"about":[{"href":"https:\/\/www.jackguichard.fr\/index.php?rest_route=\/wp\/v2\/types\/page"}],"author":[{"embeddable":true,"href":"https:\/\/www.jackguichard.fr\/index.php?rest_route=\/wp\/v2\/users\/8"}],"replies":[{"embeddable":true,"href":"https:\/\/www.jackguichard.fr\/index.php?rest_route=%2Fwp%2Fv2%2Fcomments&post=172"}],"version-history":[{"count":7,"href":"https:\/\/www.jackguichard.fr\/index.php?rest_route=\/wp\/v2\/pages\/172\/revisions"}],"predecessor-version":[{"id":1556,"href":"https:\/\/www.jackguichard.fr\/index.php?rest_route=\/wp\/v2\/pages\/172\/revisions\/1556"}],"up":[{"embeddable":true,"href":"https:\/\/www.jackguichard.fr\/index.php?rest_route=\/wp\/v2\/pages\/1537"}],"wp:attachment":[{"href":"https:\/\/www.jackguichard.fr\/index.php?rest_route=%2Fwp%2Fv2%2Fmedia&parent=172"}],"curies":[{"name":"wp","href":"https:\/\/api.w.org\/{rel}","templated":true}]}}