{"id":1723,"date":"2017-10-17T15:17:03","date_gmt":"2017-10-17T13:17:03","guid":{"rendered":"http:\/\/jackguichard.fr\/?page_id=1723"},"modified":"2020-01-27T19:16:42","modified_gmt":"2020-01-27T18:16:42","slug":"conference-etranges-inventions","status":"publish","type":"page","link":"https:\/\/www.jackguichard.fr\/?page_id=1723","title":{"rendered":"Etranges inventions"},"content":{"rendered":"<p>Une heure de rires et sourires par la pr\u00e9sentation d\u2019inventions \u00e9tonnantes, par Jack Guichard, qui vous racontera l\u2019histoire d\u2019inventions \u00e9tonnantes et \u00e9tranges, inutiles pour tout le monde sauf pour leur inventeur, sans oublier des inventions rat\u00e9es ou rocambolesques. Vous d\u00e9couvrirer les maillots de bain en bois pour ne pas se noyer, le wc pour conducteur de voiture dans les embouteillages, le casque ventouse pour dormir debout dans le m\u00e9tro, le slip au radium, le v\u00e9lo machine \u00e0 coudre, le parapluie \u00e0 chaussure, le navire anti-mal de mer ou la diligence \u00e0 jambes\u2026 et beaucoup d\u2019autres id\u00e9es plus invraisemblables les unes que les autres et pourtant brevet\u00e9es\u00a0!<\/p>\n<p><em>conf\u00e9rence \u00e0 Talmont Saint-Hilaire le 20 octobre \u00e0 18h<\/em><\/p>\n<p><a href=\"http:\/\/www.tvvendee.fr\/la-grande-emission\/les-300-inventions-auxquelles-vous-avez-echappe-ou-pas_09112017\">la grande \u00e9mission sur TV Vend\u00e9e sur le th\u00e8me \u00ab\u00a0des inventions \u00e9tonnantes auxquelles vos avez \u00e9chapp\u00e9\u2026 ou pas\u00a0\u00bb le 09\/11\/2017<\/a><\/p>\n<p><img loading=\"lazy\" decoding=\"async\" class=\"alignleft wp-image-1745 size-full\" src=\"http:\/\/jackguichard.fr\/wp-content\/uploads\/2011\/10\/IMG_8881red.jpg\" alt=\"\" width=\"3179\" height=\"2386\" srcset=\"https:\/\/www.jackguichard.fr\/wp-content\/uploads\/2011\/10\/IMG_8881red.jpg 3179w, https:\/\/www.jackguichard.fr\/wp-content\/uploads\/2011\/10\/IMG_8881red-300x225.jpg 300w, https:\/\/www.jackguichard.fr\/wp-content\/uploads\/2011\/10\/IMG_8881red-768x576.jpg 768w, https:\/\/www.jackguichard.fr\/wp-content\/uploads\/2011\/10\/IMG_8881red-1024x769.jpg 1024w\" sizes=\"auto, (max-width: 3179px) 100vw, 3179px\" \/><\/p>\n<p><img loading=\"lazy\" decoding=\"async\" class=\"alignright wp-image-1826 size-large\" src=\"http:\/\/jackguichard.fr\/wp-content\/uploads\/2018\/01\/inventionvendejournal-552x1024.jpg\" alt=\"\" width=\"552\" height=\"1024\" srcset=\"https:\/\/www.jackguichard.fr\/wp-content\/uploads\/2018\/01\/inventionvendejournal-552x1024.jpg 552w, https:\/\/www.jackguichard.fr\/wp-content\/uploads\/2018\/01\/inventionvendejournal-162x300.jpg 162w, https:\/\/www.jackguichard.fr\/wp-content\/uploads\/2018\/01\/inventionvendejournal-768x1426.jpg 768w, https:\/\/www.jackguichard.fr\/wp-content\/uploads\/2018\/01\/inventionvendejournal.jpg 1734w\" sizes=\"auto, (max-width: 552px) 100vw, 552px\" \/><\/p>\n<p>\u00a0<\/p>\n\n\n<div class=\"wp-block-image\"><figure class=\"alignleft\"><img loading=\"lazy\" decoding=\"async\" width=\"300\" height=\"233\" src=\"http:\/\/jackguichard.fr\/wp-content\/uploads\/2019\/12\/image001-300x233.jpg\" alt=\"\" class=\"wp-image-2021\" srcset=\"https:\/\/www.jackguichard.fr\/wp-content\/uploads\/2019\/12\/image001-300x233.jpg 300w, https:\/\/www.jackguichard.fr\/wp-content\/uploads\/2019\/12\/image001.jpg 618w\" sizes=\"auto, (max-width: 300px) 100vw, 300px\" \/><\/figure><\/div>\n\n\n\n<div class=\"wp-block-media-text alignwide\"><figure class=\"wp-block-media-text__media\"><img loading=\"lazy\" decoding=\"async\" width=\"244\" height=\"300\" src=\"http:\/\/jackguichard.fr\/wp-content\/uploads\/2017\/10\/9782035932822-001-T-244x300.jpeg\" alt=\"\" class=\"wp-image-1733\"\/><\/figure><div class=\"wp-block-media-text__content\">\n<p class=\"has-small-font-size\">Par Jack Guichard qui d\u00e9dicacera ensuite son livre \u00ab&nbsp;Best-off des inventions rat\u00e9es&nbsp;\u00bb Larousse \u00e9diteur<\/p>\n<\/div><\/div>\n\n\n\n<p><br><\/p>\n","protected":false},"excerpt":{"rendered":"<p>Une heure de rires et sourires par la pr\u00e9sentation d\u2019inventions \u00e9tonnantes, par Jack Guichard, qui vous racontera l\u2019histoire d\u2019inventions \u00e9tonnantes et \u00e9tranges, inutiles pour tout le monde sauf pour leur inventeur, sans oublier des inventions rat\u00e9es ou rocambolesques. Vous d\u00e9couvrirer les maillots de bain en bois pour ne pas se noyer, le wc pour conducteur &hellip;<br \/><a href=\"https:\/\/www.jackguichard.fr\/?page_id=1723\">Read more <span class=\"meta-nav\">&rarr;<\/span><\/a><\/p>\n","protected":false},"author":8,"featured_media":0,"parent":27,"menu_order":3,"comment_status":"closed","ping_status":"closed","template":"template-full.php","meta":{"footnotes":""},"class_list":["post-1723","page","type-page","status-publish","hentry"],"jetpack_sharing_enabled":true,"_links":{"self":[{"href":"https:\/\/www.jackguichard.fr\/index.php?rest_route=\/wp\/v2\/pages\/1723","targetHints":{"allow":["GET"]}}],"collection":[{"href":"https:\/\/www.jackguichard.fr\/index.php?rest_route=\/wp\/v2\/pages"}],"about":[{"href":"https:\/\/www.jackguichard.fr\/index.php?rest_route=\/wp\/v2\/types\/page"}],"author":[{"embeddable":true,"href":"https:\/\/www.jackguichard.fr\/index.php?rest_route=\/wp\/v2\/users\/8"}],"replies":[{"embeddable":true,"href":"https:\/\/www.jackguichard.fr\/index.php?rest_route=%2Fwp%2Fv2%2Fcomments&post=1723"}],"version-history":[{"count":17,"href":"https:\/\/www.jackguichard.fr\/index.php?rest_route=\/wp\/v2\/pages\/1723\/revisions"}],"predecessor-version":[{"id":2076,"href":"https:\/\/www.jackguichard.fr\/index.php?rest_route=\/wp\/v2\/pages\/1723\/revisions\/2076"}],"up":[{"embeddable":true,"href":"https:\/\/www.jackguichard.fr\/index.php?rest_route=\/wp\/v2\/pages\/27"}],"wp:attachment":[{"href":"https:\/\/www.jackguichard.fr\/index.php?rest_route=%2Fwp%2Fv2%2Fmedia&parent=1723"}],"curies":[{"name":"wp","href":"https:\/\/api.w.org\/{rel}","templated":true}]}}