{"id":1737,"date":"2017-10-17T15:30:49","date_gmt":"2017-10-17T13:30:49","guid":{"rendered":"http:\/\/jackguichard.fr\/?page_id=1737"},"modified":"2018-06-09T17:03:38","modified_gmt":"2018-06-09T15:03:38","slug":"300-inventions-auxquelles-vous-avez-echappe-ou-pas","status":"publish","type":"page","link":"https:\/\/www.jackguichard.fr\/?page_id=1737","title":{"rendered":"300 inventions auxquelles vous avez echappe ou pas&#8230;"},"content":{"rendered":"<pre class=\"field field-name-title-field field-type-text field-label-hidden\"><strong>300 inventions auxquelles vous avez \u00e9chapp\u00e9 ou pas..., Jack Guichard Larousse, 2017<\/strong><\/pre>\n<div class=\"field field-name-hw-intervenants field-type-entityreference field-label-hidden\"><\/div>\n<div class=\"field field-name-hw-presentation-editoriale field-type-text-long field-label-hidden\">\n<div class=\"field-items\">\n<div class=\"field-item even\">\n<p>Dans le domaine des inventions, certaines d\u2019entre elles ont r\u00e9volutionn\u00e9 l\u2019histoire de l\u2019humanit\u00e9 et notre quotidien. Mais toutes n\u2019ont pas connu le m\u00eame sort et certaines d\u2019entre elles se sont m\u00eame av\u00e9r\u00e9es totalement rat\u00e9es voire inutiles.<\/p>\n<p>En effet, que penser d\u2019une lampe torche solaire qui ne fonctionne qu\u2019en plein jour\u00a0 ? Ou encore d\u2019un projet de bateau con\u00e7u pour \u00e9viter le mal de mer\u00a0 ? Ou d\u2019un parapluie pour chaussures\u00a0 ? Ou enfin d\u2019un miroir servant \u00e0 regarder derri\u00e8re soi\u00a0 ?<br \/>\n<img loading=\"lazy\" decoding=\"async\" class=\"alignleft size-full wp-image-1733\" src=\"http:\/\/jackguichard.fr\/wp-content\/uploads\/2017\/10\/9782035932822-001-T.jpeg\" alt=\"\" width=\"245\" height=\"301\" \/><br \/>\nD\u00e9couvrez l\u2019histoire de chacune de ces inventions insolites, farfelues ou tout simplement compl\u00e8tement rat\u00e9es et de leurs incroyables concepteurs.<\/p>\n<\/div>\n<div><a href=\"http:\/\/www.editions-larousse.fr\/300-inventions-auxquelles-vous-avez-echappe-ou-pas-9782035932822\">voir le livre<\/a><\/div>\n<div>\n<div class=\"field field-name-hw-livre-ean field-type-text field-label-inline clearfix\">\n<div class=\"field-label\">EAN :<\/div>\n<div class=\"field-items\">\n<div class=\"field-item even\">9782035932822<\/div>\n<\/div>\n<\/div>\n<div class=\"field field-name-hw-livre-date-parution field-type-datetime field-label-inline clearfix\">\n<div class=\"field-label\">Parution :<\/div>\n<div class=\"field-items\">\n<div class=\"field-item even\"><span class=\"date-display-single\">25\/10\/2017<\/span><\/div>\n<p><img loading=\"lazy\" decoding=\"async\" class=\"size-full wp-image-1809 alignright\" src=\"http:\/\/jackguichard.fr\/wp-content\/uploads\/2011\/12\/capture_0.jpg\" alt=\"\" width=\"296\" height=\"166\" \/><\/p>\n<\/div>\n<\/div>\n<div class=\"field field-name-hw-livre-nb-pages field-type-number-integer field-label-inline clearfix\">\n<div class=\"field-label\">Pages :<\/div>\n<div class=\"field-items\">\n<div class=\"field-item even\">304<\/div>\n<\/div>\n<\/div>\n<div class=\"field field-name-hw-livre-prix field-type-number-decimal field-label-inline clearfix\">\n<div class=\"field-label\">Prix :<\/div>\n<div class=\"field-items\">\n<div class=\"field-item even\">17.99 \u20ac<\/div>\n<\/div>\n<\/div>\n<\/div>\n<\/div>\n<\/div>\n<div><\/div>\n<div><a href=\"http:\/\/www.tvvendee.fr\/la-grande-emission\/les-300-inventions-auxquelles-vous-avez-echappe-ou-pas_09112017\">30 minutes de pr\u00e9sentation sur TV-Vend\u00e9e \u00ab\u00a0la grande \u00e9mission\u00a0\u00bb du 9 novembre 2017<\/a><\/div>\n<div><\/div>\n<div><\/div>\n<div><\/div>\n<div><\/div>\n<div><\/div>\n<div><\/div>\n<div><\/div>\n<div><\/div>\n<div><a href=\"https:\/\/www.ouest-france.fr\/pays-de-la-loire\/les-sables-dolonne-85100\/il-presente-les-300-inventions-les-plus-etranges-5349192\">sur Ouest-France le 29 octobre 2017<\/a><\/div>\n<div><img loading=\"lazy\" decoding=\"async\" class=\"alignleft size-full wp-image-1745\" src=\"http:\/\/jackguichard.fr\/wp-content\/uploads\/2011\/10\/IMG_8881red.jpg\" alt=\"\" width=\"3179\" height=\"2386\" srcset=\"https:\/\/www.jackguichard.fr\/wp-content\/uploads\/2011\/10\/IMG_8881red.jpg 3179w, https:\/\/www.jackguichard.fr\/wp-content\/uploads\/2011\/10\/IMG_8881red-300x225.jpg 300w, https:\/\/www.jackguichard.fr\/wp-content\/uploads\/2011\/10\/IMG_8881red-768x576.jpg 768w, https:\/\/www.jackguichard.fr\/wp-content\/uploads\/2011\/10\/IMG_8881red-1024x769.jpg 1024w\" sizes=\"auto, (max-width: 3179px) 100vw, 3179px\" \/><\/div>\n","protected":false},"excerpt":{"rendered":"<p>300 inventions auxquelles vous avez \u00e9chapp\u00e9 ou pas&#8230;, Jack Guichard Larousse, 2017 Dans le domaine des inventions, certaines d\u2019entre elles ont r\u00e9volutionn\u00e9 l\u2019histoire de l\u2019humanit\u00e9 et notre quotidien. Mais toutes n\u2019ont pas connu le m\u00eame sort et certaines d\u2019entre elles se sont m\u00eame av\u00e9r\u00e9es totalement rat\u00e9es voire inutiles. En effet, que penser d\u2019une lampe torche &hellip;<br \/><a href=\"https:\/\/www.jackguichard.fr\/?page_id=1737\">Read more <span class=\"meta-nav\">&rarr;<\/span><\/a><\/p>\n","protected":false},"author":8,"featured_media":0,"parent":33,"menu_order":0,"comment_status":"closed","ping_status":"closed","template":"template-full.php","meta":{"footnotes":""},"class_list":["post-1737","page","type-page","status-publish","hentry"],"jetpack_sharing_enabled":true,"_links":{"self":[{"href":"https:\/\/www.jackguichard.fr\/index.php?rest_route=\/wp\/v2\/pages\/1737","targetHints":{"allow":["GET"]}}],"collection":[{"href":"https:\/\/www.jackguichard.fr\/index.php?rest_route=\/wp\/v2\/pages"}],"about":[{"href":"https:\/\/www.jackguichard.fr\/index.php?rest_route=\/wp\/v2\/types\/page"}],"author":[{"embeddable":true,"href":"https:\/\/www.jackguichard.fr\/index.php?rest_route=\/wp\/v2\/users\/8"}],"replies":[{"embeddable":true,"href":"https:\/\/www.jackguichard.fr\/index.php?rest_route=%2Fwp%2Fv2%2Fcomments&post=1737"}],"version-history":[{"count":13,"href":"https:\/\/www.jackguichard.fr\/index.php?rest_route=\/wp\/v2\/pages\/1737\/revisions"}],"predecessor-version":[{"id":1888,"href":"https:\/\/www.jackguichard.fr\/index.php?rest_route=\/wp\/v2\/pages\/1737\/revisions\/1888"}],"up":[{"embeddable":true,"href":"https:\/\/www.jackguichard.fr\/index.php?rest_route=\/wp\/v2\/pages\/33"}],"wp:attachment":[{"href":"https:\/\/www.jackguichard.fr\/index.php?rest_route=%2Fwp%2Fv2%2Fmedia&parent=1737"}],"curies":[{"name":"wp","href":"https:\/\/api.w.org\/{rel}","templated":true}]}}