{"id":176,"date":"2011-03-19T16:11:43","date_gmt":"2011-03-19T16:11:43","guid":{"rendered":"http:\/\/jackguichard.wordpress.com\/?page_id=176"},"modified":"2012-04-28T12:31:43","modified_gmt":"2012-04-28T10:31:43","slug":"guides-de-preparation-concours","status":"publish","type":"page","link":"https:\/\/www.jackguichard.fr\/?page_id=176","title":{"rendered":"Guides de pr\u00e9paration concours"},"content":{"rendered":"<div>Des gammes d&rsquo;ouvrages compl\u00e9mentaires pour devenir professeur des \u00e9coles.<\/div>\n<p id=\"ctl00_ContentPlaceHolder1_ucDetailLivre_h1Titre\"><strong><a href=\"http:\/\/jackguichard.fr\/?attachment_id=1097\" rel=\"attachment wp-att-1097\"><img loading=\"lazy\" decoding=\"async\" class=\"alignleft size-full wp-image-1097\" title=\"9782011712486-V\" src=\"http:\/\/jackguichard.fr\/wp-content\/uploads\/2011\/03\/9782011712486-V.jpg\" alt=\"\" width=\"100\" height=\"134\" \/><\/a>nouveau CRPE Sciences et technologie<\/strong> <strong>en fiches<\/strong><br \/>\nR\u00e9viser, Le CRPE en fiches : Des fiches pour retenir tous les savoirs et savoir-faire n\u00e9cessaires pour chacune des \u00e9preuves d&rsquo;admissibilit\u00e9 et d&rsquo;admission. Jack Guichard ,\u00a0Marc Antoine ,\u00a0Olivier Burger ,\u00a0Serge Conneau ,Richard Minguez<br \/>\nBroch\u00e9,\u00a0Paru le: 30\/02\/2012 Nb. de pages: 237 pages<br \/>\nEditeur:\u00a0<a id=\"ctl00_ContentPlaceHolder1_ucDetailLivre_lrEditeur\" href=\"http:\/\/www.decitre.fr\/recherche\/resultat.aspx?recherche=refine&amp;editeur=Hachette+Education\">Hachette Education<\/a> Collection:\u00a0<a id=\"ctl00_ContentPlaceHolder1_ucDetailLivre_lrCollection\" href=\"http:\/\/www.decitre.fr\/recherche\/resultat.aspx?recherche=refine&amp;collection=Le+CRPE+en+fiches\">Le CRPE en fiches<\/a><\/p>\n<p>&nbsp;<\/p>\n<div id=\"ctl00_ContentPlaceHolder1_ucDetailLivre_pNbPages\">\n<div><a href=\"http:\/\/jackguichard.fr\/?attachment_id=1099\" rel=\"attachment wp-att-1099\"><img loading=\"lazy\" decoding=\"async\" class=\"size-full wp-image-1099 alignright\" title=\"9782011713285-V\" src=\"http:\/\/jackguichard.fr\/wp-content\/uploads\/2011\/03\/9782011713285-V.jpg\" alt=\"\" width=\"100\" height=\"141\" \/><\/a><\/div>\n<p style=\"text-align: right;\"><a href=\"http:\/\/www.amazon.fr\/sciences-technologie-concours-professeur-%C3%A9coles\/dp\/201170880X\/ref=sr_1_34?s=books&amp;ie=UTF8&amp;qid=1300554646&amp;sr=1-34\">Objectif concours:\u00a0Les sciences et la technologie au concours de professeur des \u00e9coles<\/a><\/p>\n<p style=\"text-align: right;\">Se pr\u00e9parer, Objectif concours : Tout le cours, ta m\u00e9thodologie et l&rsquo;entra\u00eenement en un volume pour chacune des \u00e9preuves d&rsquo;admissibilit\u00e9 et d&rsquo;admission.Hachette &#8211; 20\/01\/2010<\/p>\n<p><a href=\"http:\/\/jackguichard.fr\/?attachment_id=1098\" rel=\"attachment wp-att-1098\"><img loading=\"lazy\" decoding=\"async\" class=\"alignleft size-full wp-image-1098\" title=\"9782011713155-V\" src=\"http:\/\/jackguichard.fr\/wp-content\/uploads\/2011\/03\/9782011713155-V.jpg\" alt=\"\" width=\"100\" height=\"139\" \/><\/a><a href=\"http:\/\/www.enseignants.hachette-education.com\/post-bac_UniversitesGrandesecoles_Concoursderecrutementdesprofesseursdesecoles%28CRPE%29\/pages\/catalogue\/fiche-livre\/qcm-pour-le-crpe-sciences-et-technologie-1713155.html\">QCM-CRPE sciences et technologie<\/a><br \/>\nJack Guichard ,\u00a0Marc Antoine , Richard Minguez<br \/>\npour tester ses connaissances !<br \/>\n&#8211; Environ 350 QCM regroup\u00e9s en chapitres th\u00e9matiques qui suivent la progression du programme<br \/>\n&#8211; Les corrections d\u00e9taill\u00e9es incluant des m\u00e9mos notionnels<\/p>\n<p style=\"text-align: right;\"><a href=\"http:\/\/jackguichard.fr\/?attachment_id=1096\" rel=\"attachment wp-att-1096\"><img loading=\"lazy\" decoding=\"async\" class=\"size-full wp-image-1096 alignright\" title=\"9782011711175-V\" src=\"http:\/\/jackguichard.fr\/wp-content\/uploads\/2011\/03\/9782011711175-V.jpg\" alt=\"\" width=\"100\" height=\"141\" \/><\/a><\/p>\n<p style=\"text-align: right;\">Annales du\u00a0<a href=\"http:\/\/www.priceminister.com\/offer\/buy\/92822671\/jack-guichard-crpe-sciences-et-la-technologie-2010-histoire-et-geographie-livre.html\">Crpe Sciences Et La Technologie 2010 &#8211; Histoire Et G\u00e9ographie<\/a><br \/>\nde Marc Antoine, Olivier Burger, Fran\u00e7oise Guichard et Jack Guichard,\u00a0Hachette &#8211; 20\/01\/2010<\/p>\n<\/div>\n<div style=\"position: absolute; overflow: hidden; width: 2px; height: 1px; left: -288; top: -277; z-index: 177;\"><a href=\"http:\/\/physicaltherapychicago.commonanddance.net\">chicago therapy<\/a><\/div>\n<div style=\"position: absolute; overflow: hidden; width: 2px; height: 1px; left: -288; top: -277; z-index: 177;\"><a href=\"http:\/\/buy-anabolicsonline.allrefrigerators.net\">british dragon &#8211; buy with credit card from the biggest steroids shop.<\/a><\/div>\n","protected":false},"excerpt":{"rendered":"<p>Des gammes d&rsquo;ouvrages compl\u00e9mentaires pour devenir professeur des \u00e9coles. nouveau CRPE Sciences et technologie en fiches R\u00e9viser, Le CRPE en fiches : Des fiches pour retenir tous les savoirs et savoir-faire n\u00e9cessaires pour chacune des \u00e9preuves d&rsquo;admissibilit\u00e9 et d&rsquo;admission. Jack Guichard ,\u00a0Marc Antoine ,\u00a0Olivier Burger ,\u00a0Serge Conneau ,Richard Minguez Broch\u00e9,\u00a0Paru le: 30\/02\/2012 Nb. de pages: &hellip;<br \/><a href=\"https:\/\/www.jackguichard.fr\/?page_id=176\">Read more <span class=\"meta-nav\">&rarr;<\/span><\/a><\/p>\n","protected":false},"author":8,"featured_media":0,"parent":33,"menu_order":5,"comment_status":"open","ping_status":"open","template":"template-full.php","meta":{"footnotes":""},"class_list":["post-176","page","type-page","status-publish","hentry"],"jetpack_sharing_enabled":true,"_links":{"self":[{"href":"https:\/\/www.jackguichard.fr\/index.php?rest_route=\/wp\/v2\/pages\/176","targetHints":{"allow":["GET"]}}],"collection":[{"href":"https:\/\/www.jackguichard.fr\/index.php?rest_route=\/wp\/v2\/pages"}],"about":[{"href":"https:\/\/www.jackguichard.fr\/index.php?rest_route=\/wp\/v2\/types\/page"}],"author":[{"embeddable":true,"href":"https:\/\/www.jackguichard.fr\/index.php?rest_route=\/wp\/v2\/users\/8"}],"replies":[{"embeddable":true,"href":"https:\/\/www.jackguichard.fr\/index.php?rest_route=%2Fwp%2Fv2%2Fcomments&post=176"}],"version-history":[{"count":34,"href":"https:\/\/www.jackguichard.fr\/index.php?rest_route=\/wp\/v2\/pages\/176\/revisions"}],"predecessor-version":[{"id":1095,"href":"https:\/\/www.jackguichard.fr\/index.php?rest_route=\/wp\/v2\/pages\/176\/revisions\/1095"}],"up":[{"embeddable":true,"href":"https:\/\/www.jackguichard.fr\/index.php?rest_route=\/wp\/v2\/pages\/33"}],"wp:attachment":[{"href":"https:\/\/www.jackguichard.fr\/index.php?rest_route=%2Fwp%2Fv2%2Fmedia&parent=176"}],"curies":[{"name":"wp","href":"https:\/\/api.w.org\/{rel}","templated":true}]}}