{"id":1843,"date":"2018-02-01T19:33:14","date_gmt":"2018-02-01T18:33:14","guid":{"rendered":"http:\/\/jackguichard.fr\/?page_id=1843"},"modified":"2019-12-12T16:51:36","modified_gmt":"2019-12-12T15:51:36","slug":"300-inventions","status":"publish","type":"page","link":"https:\/\/www.jackguichard.fr\/?page_id=1843","title":{"rendered":"300 inventions"},"content":{"rendered":"<p><strong>300 inventions auxquelles vous avez \u00e9chapp\u00e9\u2026 ou pas&nbsp;!<\/strong><\/p>\n<p>Par Jack Guichard, Larousse \u00e9diteur<img loading=\"lazy\" decoding=\"async\" class=\"alignleft size-full wp-image-1733\" src=\"http:\/\/jackguichard.fr\/wp-content\/uploads\/2017\/10\/9782035932822-001-T.jpeg\" alt=\"\" width=\"245\" height=\"301\"><\/p>\n<p>Une heure de rires et sourires par la pr\u00e9sentation d\u2019inventions \u00e9tonnantes, par Jack Guichard, qui nous pr\u00e9sente l\u2019histoire d\u2019inventions \u00e9tonnantes et \u00e9tranges, inutiles pour tout le monde sauf pour leur inventeur, sans oublier des inventions rat\u00e9es ou rocambolesques.<\/p>\n<p>Vous d\u00e9couvrirer les maillots de bain en bois pour ne pas se noyer, le wc pour conducteur de voiture dans les embouteillages, le casque ventouse pour dormir debout dans le m\u00e9tro, le slip au radium, le v\u00e9lo machine \u00e0 coudre, le parapluie \u00e0 chaussure, le navire anti-mal de mer ou la diligence \u00e0 jambes\u2026 et beaucoup d\u2019autres id\u00e9es plus invraisemblables les unes que les autres et pourtant brevet\u00e9es&nbsp;!<\/p>\n<p><a href=\"http:\/\/www.tvvendee.fr\/la-grande-emission\/les-300-inventions-auxquelles-vous-avez-echappe-ou-pas_09112017\"><em>pr\u00e9sentation \u00e0 la t\u00e9l\u00e9vision<\/em><\/a><\/p>\n<p><img loading=\"lazy\" decoding=\"async\" class=\"alignleft wp-image-1745 size-full\" src=\"http:\/\/jackguichard.fr\/wp-content\/uploads\/2011\/10\/IMG_8881red.jpg\" alt=\"\" width=\"3179\" height=\"2386\" srcset=\"https:\/\/www.jackguichard.fr\/wp-content\/uploads\/2011\/10\/IMG_8881red.jpg 3179w, https:\/\/www.jackguichard.fr\/wp-content\/uploads\/2011\/10\/IMG_8881red-300x225.jpg 300w, https:\/\/www.jackguichard.fr\/wp-content\/uploads\/2011\/10\/IMG_8881red-768x576.jpg 768w, https:\/\/www.jackguichard.fr\/wp-content\/uploads\/2011\/10\/IMG_8881red-1024x769.jpg 1024w\" sizes=\"auto, (max-width: 3179px) 100vw, 3179px\" \/><\/p>\n","protected":false},"excerpt":{"rendered":"<p>300 inventions auxquelles vous avez \u00e9chapp\u00e9\u2026 ou pas&nbsp;! Par Jack Guichard, Larousse \u00e9diteur Une heure de rires et sourires par la pr\u00e9sentation d\u2019inventions \u00e9tonnantes, par Jack Guichard, qui nous pr\u00e9sente l\u2019histoire d\u2019inventions \u00e9tonnantes et \u00e9tranges, inutiles pour tout le monde sauf pour leur inventeur, sans oublier des inventions rat\u00e9es ou rocambolesques. Vous d\u00e9couvrirer les maillots &hellip;<br \/><a href=\"https:\/\/www.jackguichard.fr\/?page_id=1843\">Read more <span class=\"meta-nav\">&rarr;<\/span><\/a><\/p>\n","protected":false},"author":8,"featured_media":0,"parent":33,"menu_order":20,"comment_status":"closed","ping_status":"closed","template":"template-full.php","meta":{"footnotes":""},"class_list":["post-1843","page","type-page","status-publish","hentry"],"jetpack_sharing_enabled":true,"_links":{"self":[{"href":"https:\/\/www.jackguichard.fr\/index.php?rest_route=\/wp\/v2\/pages\/1843","targetHints":{"allow":["GET"]}}],"collection":[{"href":"https:\/\/www.jackguichard.fr\/index.php?rest_route=\/wp\/v2\/pages"}],"about":[{"href":"https:\/\/www.jackguichard.fr\/index.php?rest_route=\/wp\/v2\/types\/page"}],"author":[{"embeddable":true,"href":"https:\/\/www.jackguichard.fr\/index.php?rest_route=\/wp\/v2\/users\/8"}],"replies":[{"embeddable":true,"href":"https:\/\/www.jackguichard.fr\/index.php?rest_route=%2Fwp%2Fv2%2Fcomments&post=1843"}],"version-history":[{"count":4,"href":"https:\/\/www.jackguichard.fr\/index.php?rest_route=\/wp\/v2\/pages\/1843\/revisions"}],"predecessor-version":[{"id":2037,"href":"https:\/\/www.jackguichard.fr\/index.php?rest_route=\/wp\/v2\/pages\/1843\/revisions\/2037"}],"up":[{"embeddable":true,"href":"https:\/\/www.jackguichard.fr\/index.php?rest_route=\/wp\/v2\/pages\/33"}],"wp:attachment":[{"href":"https:\/\/www.jackguichard.fr\/index.php?rest_route=%2Fwp%2Fv2%2Fmedia&parent=1843"}],"curies":[{"name":"wp","href":"https:\/\/api.w.org\/{rel}","templated":true}]}}