{"id":1882,"date":"2018-04-30T13:11:27","date_gmt":"2018-04-30T11:11:27","guid":{"rendered":"http:\/\/jackguichard.fr\/?page_id=1882"},"modified":"2022-10-04T19:48:53","modified_gmt":"2022-10-04T17:48:53","slug":"serie-video-les-sentiers-du-littoral","status":"publish","type":"page","link":"https:\/\/www.jackguichard.fr\/?page_id=1882","title":{"rendered":"Serie video : les sentiers du littoral"},"content":{"rendered":"<p><a href=\"https:\/\/vimeo.com\/channels\/sentiers\">S\u00e9rie vid\u00e9os sur le littoral talmondais<\/a>: son histoire, son patrimoine, sa g\u00e9ologie et sa bio-diversit\u00e9. Produit par les Sentinelles de l&rsquo;Estuaire,<br \/>\u00e9crit par Jack Guichard, r\u00e9alis\u00e9 par Jean-pierre Boye, images de Johny Lenormand et Jean-Pierre Boye, avec la collaboration de Alain Dory<\/p>\n<div class=\"gmail_default\"><em><strong>Sentiers du littoral est en ligne sur la cha\u00eene Vimeo<\/strong><\/em>\n<p>\u00a0<\/p>\n<p>\u00a0<\/p>\n<p>nouveaut\u00e9s 2022<\/p>\n<p><a href=\"https:\/\/youtu.be\/n1iownqccmw\">\u00a0\u00ab\u00a0La Guitti\u00e8re, port ostr\u00e9icole\u00a0\u00bb<\/a><\/p>\n<p><a href=\"https:\/\/youtu.be\/7JEtXm7v4H4\">les p\u00eacheries et les conches de l\u2019anse de la R\u00e9publique \u00e0 Talmont<\/a>.<\/p>\n<p><a href=\"https:\/\/vimeo.com\/651032052\">Les marais salants de La Guitti\u00e8re<\/a><\/p>\n<p><a href=\"https:\/\/vimeo.com\/552317283\">La dune du Veillon <\/a><\/p>\n<p><a href=\"https:\/\/vimeo.com\/channels\/sentiers\/557062906\">Le bourg de Saint-Hilaire<\/a><\/p>\n<p><a href=\"https:\/\/vimeo.com\/578534541\">L\u2019abbaye royale du Lieu-Dieu \u00e0 Jard sur Mer<\/a><\/p>\n<p><a href=\"https:\/\/vimeo.com\/channels\/sentiers\/557062906\">Le bourg de Saint-Hilaire<\/a><\/p>\n<p>mai 2021<\/p>\n<p><a href=\"https:\/\/vimeo.com\/552317283\"><img loading=\"lazy\" decoding=\"async\" class=\"alignright wp-image-2515 size-full\" src=\"http:\/\/www.sentinelledelestuaire.fr\/wp-content\/uploads\/2021\/05\/dune_intro.jpg\" alt=\"\" width=\"1828\" height=\"1025\" \/><\/a><\/p>\n<p>\u00a0<\/p>\n<p>\u00a0<\/p>\n<p><a href=\"https:\/\/vimeo.com\/channels\/sentiers\">https:\/\/vimeo.com\/channels\/sentiers<\/a><\/p>\n<\/div>\n<div class=\"gmail_default\">ainsi que sur la page Facebook du Talmondais\n<p>\u00a0<\/p>\n<p>\u00a0<\/p>\n<p>\u00a0<\/p>\n<p><a href=\"https:\/\/www.facebook.com\/Talmondais\/\">https:\/\/www.facebook.com\/Talmondais\/<\/a><\/p>\n<\/div>\n<div>liste des \u00e9pisodes en ligne :<\/div>\n<p><a href=\"https:\/\/vimeo.com\/channels\/sentiers\">\u00a0Quand les dinosaures hantaient la plage du Veillon<\/a><br \/><a href=\"https:\/\/vimeo.com\/267206946\">Des dinosaures au veillon il y a 200 millions d&rsquo;ann\u00e9es<\/a><br \/><a href=\"https:\/\/vimeo.com\/327358624\">La mine des sarts<\/a><br \/><a href=\"https:\/\/vimeo.com\/274695025\">Le bois du Veillon (premi\u00e8res d\u00e9couvertes)<\/a><br \/><a href=\"https:\/\/vimeo.com\/307306789\">Le bois du Veillon : une for\u00eat m\u00e9diterran\u00e9enne en Vend\u00e9e<\/a><br \/><a href=\"https:\/\/vimeo.com\/292342273\">Port Jur\u00e9 dans la baie de Cayola<\/a><br \/><a href=\"https:\/\/vimeo.com\/297042067\">La baie de Cayola : sur le sentier des douaniers<\/a><br \/><a href=\"https:\/\/vimeo.com\/552317283\">La dune du Veillon<\/a><br \/><a href=\"https:\/\/vimeo.com\/channels\/sentiers\/557062906\">Le bourg de Saint-Hilaire<\/a><\/p>\n<p>Les \u00ab\u00a0Sentinelles de l\u2019Estuaire\u00a0\u00bb et \u00ab\u00a0Talmondais.com\u00a0\u00bb relancent, apr\u00e8s un an d\u2019interruption, la s\u00e9rie \u00ab\u00a0Les sentiers du littoral\u00a0\u00bb afin de partager leurs d\u00e9couvertes du patrimoine historique et culturel du Talmondais en Vend\u00e9e.<\/p>\n<p>Ainsi vous pouvez d\u00e9couvrir une nouvelle vid\u00e9o sur \u00ab\u00a0La dune du Veillon\u00a0\u00bb. Un sujet qui passionnera tous les talmondais tant attach\u00e9s \u00e0 leur plage et \u00e0 sa dune \u00e0 l\u2019entr\u00e9e de l\u2019estuaire.<\/p>\n<p>Johny Lenormand et Jack Guichard se sont encore associ\u00e9s afin de nous pr\u00e9senter en vid\u00e9o l\u2019histoire et l\u2019\u00e9volution de cette belle dune du Veillon. Ils pr\u00e9sentent en images l\u2019origine et l\u2019\u00e9volution de ce cordon dunaire qui n\u2019a cess\u00e9 de se raccourcir sous l\u2019effet des temp\u00eates lors des grandes mar\u00e9es, surtout entre 2014 et 2017, la mer \u00e9talant des millions de m\u00e8tres cubes de sable qui ont \u00e9largi la plage et modifi\u00e9 l\u2019estuaire. Ils vous feront d\u00e9couvrir une hypoth\u00e8se qui explique ce ph\u00e9nom\u00e8ne et le r\u00e9tablissement actuel d\u2019un embryon de cordon dunaire.\u00a0 Depuis le vent a remodel\u00e9 la dune qui reste fragile et est prot\u00e9g\u00e9e contre le pi\u00e9tinement pour en limiter son \u00e9rosion. Ainsi les plantes comme l\u2019oyat, le chardon bleu et les liserons de sables se d\u00e9veloppent en retenant le sable pour fixer la dune.<\/p>\n<p>Ce documentaire est racont\u00e9 par Jack Guichard, illustr\u00e9 avec des s\u00e9quences drone de Thierry Perchat, des photos a\u00e9riennes de Fran\u00e7ois Gaulier, et r\u00e9alis\u00e9 par Johny Lenormand.<\/p>\n<p>Pour en savoir plus, <a href=\"https:\/\/vimeo.com\/552317283\">visionnez la vid\u00e9o<\/a><\/p>\n<p>\u00a0<\/p>\n<p>\u00a0<\/p>\n<p>\u00a0<\/p>\n\n\n<figure class=\"wp-block-image\"><img loading=\"lazy\" decoding=\"async\" width=\"660\" height=\"1024\" src=\"http:\/\/jackguichard.fr\/wp-content\/uploads\/2021\/05\/ouestfrance27052021filmsentinelle-660x1024.jpeg\" alt=\"\" class=\"wp-image-2293\" srcset=\"https:\/\/www.jackguichard.fr\/wp-content\/uploads\/2021\/05\/ouestfrance27052021filmsentinelle-660x1024.jpeg 660w, https:\/\/www.jackguichard.fr\/wp-content\/uploads\/2021\/05\/ouestfrance27052021filmsentinelle-193x300.jpeg 193w, https:\/\/www.jackguichard.fr\/wp-content\/uploads\/2021\/05\/ouestfrance27052021filmsentinelle-768x1192.jpeg 768w, https:\/\/www.jackguichard.fr\/wp-content\/uploads\/2021\/05\/ouestfrance27052021filmsentinelle.jpeg 833w\" sizes=\"auto, (max-width: 660px) 100vw, 660px\" \/><\/figure>\n\n\n\n\n\n<p><\/p>\n","protected":false},"excerpt":{"rendered":"<p>S\u00e9rie vid\u00e9os sur le littoral talmondais: son histoire, son patrimoine, sa g\u00e9ologie et sa bio-diversit\u00e9. Produit par les Sentinelles de l&rsquo;Estuaire,\u00e9crit par Jack Guichard, r\u00e9alis\u00e9 par Jean-pierre Boye, images de Johny Lenormand et Jean-Pierre Boye, avec la collaboration de Alain Dory Sentiers du littoral est en ligne sur la cha\u00eene Vimeo \u00a0 \u00a0 nouveaut\u00e9s 2022 &hellip;<br \/><a href=\"https:\/\/www.jackguichard.fr\/?page_id=1882\">Read more <span class=\"meta-nav\">&rarr;<\/span><\/a><\/p>\n","protected":false},"author":8,"featured_media":0,"parent":1697,"menu_order":1,"comment_status":"closed","ping_status":"closed","template":"template-full.php","meta":{"footnotes":""},"class_list":["post-1882","page","type-page","status-publish","hentry"],"jetpack_sharing_enabled":true,"_links":{"self":[{"href":"https:\/\/www.jackguichard.fr\/index.php?rest_route=\/wp\/v2\/pages\/1882","targetHints":{"allow":["GET"]}}],"collection":[{"href":"https:\/\/www.jackguichard.fr\/index.php?rest_route=\/wp\/v2\/pages"}],"about":[{"href":"https:\/\/www.jackguichard.fr\/index.php?rest_route=\/wp\/v2\/types\/page"}],"author":[{"embeddable":true,"href":"https:\/\/www.jackguichard.fr\/index.php?rest_route=\/wp\/v2\/users\/8"}],"replies":[{"embeddable":true,"href":"https:\/\/www.jackguichard.fr\/index.php?rest_route=%2Fwp%2Fv2%2Fcomments&post=1882"}],"version-history":[{"count":16,"href":"https:\/\/www.jackguichard.fr\/index.php?rest_route=\/wp\/v2\/pages\/1882\/revisions"}],"predecessor-version":[{"id":2586,"href":"https:\/\/www.jackguichard.fr\/index.php?rest_route=\/wp\/v2\/pages\/1882\/revisions\/2586"}],"up":[{"embeddable":true,"href":"https:\/\/www.jackguichard.fr\/index.php?rest_route=\/wp\/v2\/pages\/1697"}],"wp:attachment":[{"href":"https:\/\/www.jackguichard.fr\/index.php?rest_route=%2Fwp%2Fv2%2Fmedia&parent=1882"}],"curies":[{"name":"wp","href":"https:\/\/api.w.org\/{rel}","templated":true}]}}