{"id":1890,"date":"2018-06-09T17:09:21","date_gmt":"2018-06-09T15:09:21","guid":{"rendered":"http:\/\/jackguichard.fr\/?page_id=1890"},"modified":"2022-06-29T19:49:59","modified_gmt":"2022-06-29T17:49:59","slug":"sentiers-du-littoral","status":"publish","type":"page","link":"https:\/\/www.jackguichard.fr\/?page_id=1890","title":{"rendered":"sentiers du littoral"},"content":{"rendered":"<p><a href=\"https:\/\/vimeo.com\/user83746441\"><strong>Sentiers du littoral : chaine vid\u00e9o de pr\u00e9sentation du patrimoine historique et naturel de la r\u00e9gion du Talmondais<\/strong><\/a><\/p>\n<div class=\"iris_thumbnail iris_thumbnail iris_thumbnail-explore iris_thumbnail--16-9\">\n<div class=\"iris-annotation-layer iris_annotation iris_annotation--videovitals iris_annotation--sm\">\n<div class=\"iris_annotation__content\">\n<div>29 juin : nouvel \u00e9pisode des \u00ab\u00a0sentiers du littoral\u00a0\u00bb : <a href=\"https:\/\/youtu.be\/Veyo_Mznuak\">L&rsquo;\u00e9glise de Jard\/mer<\/a><\/div>\n<div class=\"iris_video-vital__chips\"><\/div>\n<div class=\"iris_video-vital__chips--right\">\n<div class=\"iris_chip iris_chip-icon iris_chip--watch iris_chip--browse iris_chip--right\" title=\"Ajouter \u00e0 la liste Regarder plus tard\" data-custom=\"{&quot;user_id&quot;:83746441,&quot;clip_id&quot;:263658051,&quot;active&quot;:false}\">Liste des premiers \u00e9pisodes:<\/div>\n<div title=\"Ajouter \u00e0 la liste Regarder plus tard\" data-custom=\"{&quot;user_id&quot;:83746441,&quot;clip_id&quot;:263658051,&quot;active&quot;:false}\"><a href=\"https:\/\/vimeo.com\/267206946\">&#8211; Quand les dinosaures hantaient la plage du veillon 1 et 2<\/a><\/div>\n<div title=\"Ajouter \u00e0 la liste Regarder plus tard\" data-custom=\"{&quot;user_id&quot;:83746441,&quot;clip_id&quot;:263658051,&quot;active&quot;:false}\"><a href=\"https:\/\/vimeo.com\/channels\/sentiers\">&#8211; Le bois du veillon<\/a><\/div>\n<\/div>\n<div class=\"iris-annotation-layer iris_annotation iris_annotation--videovitals iris_annotation--sm\">\n<div class=\"iris_chip iris_chip-playbutton iris_playbutton\" title=\"Lire\" data-custom=\"{}\">\u00e9crit par Jack Guichard, vid\u00e9os drone et montage de Jean-Pierre Boeye, prises de son par Alain Dory, vid\u00e9os terrestres animations de Johny Lenormand<\/div>\n<\/div>\n<\/div>\n<\/div>\n<\/div>\n","protected":false},"excerpt":{"rendered":"<p>Sentiers du littoral : chaine vid\u00e9o de pr\u00e9sentation du patrimoine historique et naturel de la r\u00e9gion du Talmondais 29 juin : nouvel \u00e9pisode des \u00ab\u00a0sentiers du littoral\u00a0\u00bb : L&rsquo;\u00e9glise de Jard\/mer Liste des premiers \u00e9pisodes: &#8211; Quand les dinosaures hantaient la plage du veillon 1 et 2 &#8211; Le bois du veillon \u00e9crit par Jack &hellip;<br \/><a href=\"https:\/\/www.jackguichard.fr\/?page_id=1890\">Read more <span class=\"meta-nav\">&rarr;<\/span><\/a><\/p>\n","protected":false},"author":8,"featured_media":0,"parent":369,"menu_order":0,"comment_status":"closed","ping_status":"closed","template":"","meta":{"footnotes":""},"class_list":["post-1890","page","type-page","status-publish","hentry"],"jetpack_sharing_enabled":true,"_links":{"self":[{"href":"https:\/\/www.jackguichard.fr\/index.php?rest_route=\/wp\/v2\/pages\/1890","targetHints":{"allow":["GET"]}}],"collection":[{"href":"https:\/\/www.jackguichard.fr\/index.php?rest_route=\/wp\/v2\/pages"}],"about":[{"href":"https:\/\/www.jackguichard.fr\/index.php?rest_route=\/wp\/v2\/types\/page"}],"author":[{"embeddable":true,"href":"https:\/\/www.jackguichard.fr\/index.php?rest_route=\/wp\/v2\/users\/8"}],"replies":[{"embeddable":true,"href":"https:\/\/www.jackguichard.fr\/index.php?rest_route=%2Fwp%2Fv2%2Fcomments&post=1890"}],"version-history":[{"count":7,"href":"https:\/\/www.jackguichard.fr\/index.php?rest_route=\/wp\/v2\/pages\/1890\/revisions"}],"predecessor-version":[{"id":2527,"href":"https:\/\/www.jackguichard.fr\/index.php?rest_route=\/wp\/v2\/pages\/1890\/revisions\/2527"}],"up":[{"embeddable":true,"href":"https:\/\/www.jackguichard.fr\/index.php?rest_route=\/wp\/v2\/pages\/369"}],"wp:attachment":[{"href":"https:\/\/www.jackguichard.fr\/index.php?rest_route=%2Fwp%2Fv2%2Fmedia&parent=1890"}],"curies":[{"name":"wp","href":"https:\/\/api.w.org\/{rel}","templated":true}]}}