{"id":1896,"date":"2018-09-11T09:46:17","date_gmt":"2018-09-11T07:46:17","guid":{"rendered":"http:\/\/jackguichard.fr\/?page_id=1896"},"modified":"2022-06-06T10:12:37","modified_gmt":"2022-06-06T08:12:37","slug":"je-fais-des-sciences","status":"publish","type":"page","link":"https:\/\/www.jackguichard.fr\/?page_id=1896","title":{"rendered":"Je fais des sciences"},"content":{"rendered":"<div id=\"FPNJ-barretitres\">\n<div id=\"FPNJ-titre\">Je fais des sciences &#8211; Dok\u00e9o d\u00e8s 4 ans<\/div>\n<\/div>\n<div id=\"FPNJ-barresoustitres\"><img loading=\"lazy\" decoding=\"async\" class=\"alignleft wp-image-1897 size-medium\" src=\"http:\/\/jackguichard.fr\/wp-content\/uploads\/2018\/09\/9782092579411-276x300.jpg\" alt=\"\" width=\"276\" height=\"300\" srcset=\"https:\/\/www.jackguichard.fr\/wp-content\/uploads\/2018\/09\/9782092579411-276x300.jpg 276w, https:\/\/www.jackguichard.fr\/wp-content\/uploads\/2018\/09\/9782092579411-768x835.jpg 768w, https:\/\/www.jackguichard.fr\/wp-content\/uploads\/2018\/09\/9782092579411.jpg 800w\" sizes=\"auto, (max-width: 276px) 100vw, 276px\" \/><\/div>\n<div id=\"FPNJ-barrecollection\">\n<div id=\"FPNJ-collection\">Collection : <a href=\"http:\/\/www.nathan.fr\/catalogue\/resultat.asp?entite=NATHAN%20Jeunesse&amp;ordre=date_parution&amp;x=47&amp;y=3&amp;collection=3925\">Dok\u00e9o<\/a><\/div>\n<\/div>\n<div id=\"FPNJ-auteurs\">Auteur : <a href=\"http:\/\/www.nathan.fr\/catalogue\/fiche-produit.asp?ean13=9782092579411#rubrique_auteurs104530\">C. Jugla, Jack Guichard<\/a><\/div>\n<div id=\"FPNJ-accroche\"><strong>La science \u00e0 la port\u00e9e des petits !<\/strong><\/div>\n<div id=\"FPNJ-presinternet\">\n<p>Avec des exp\u00e9riences faciles \u00e0 faire \u00e0 la maison !<\/p>\n<p>L\u2019air a-t-il un poids ? L\u2019eau est-elle toujours liquide ? Peut-on construire avec du papier ? Nos yeux nous trompent-ils ?<br \/>\n\u00c0 travers 38 questions d\u2019enfants, ce livre propose de d\u00e9couvrir des principes scientifiques \u00e9l\u00e9mentaires, de fa\u00e7on simple et ludique.<br \/>\nDe grandes illustrations \u00e0 observer, des activit\u00e9s pas \u00e0 pas, des BD, des jeux et une multitude de mini-exp\u00e9riences : faire danser des raisins secs dans de l\u2019eau p\u00e9tillante, fabriquer un volcan, former un arc en ciel avec le jet d\u2019eau du jardin\u2026<\/p>\n<p>Un jeu et des exp\u00e9riences \u00e0 chaque page, 6 grandes parties pour une premi\u00e8re approche de la science<\/p>\n<p><em>il existe une version en langue russe depuis janvier 2020<\/em><\/p>\n<p><img loading=\"lazy\" decoding=\"async\" class=\"alignleft size-medium wp-image-2081\" src=\"http:\/\/jackguichard.fr\/wp-content\/uploads\/2020\/03\/jefaisdesciences-russe-264x300.jpg\" alt=\"\" width=\"264\" height=\"300\" srcset=\"https:\/\/www.jackguichard.fr\/wp-content\/uploads\/2020\/03\/jefaisdesciences-russe-264x300.jpg 264w, https:\/\/www.jackguichard.fr\/wp-content\/uploads\/2020\/03\/jefaisdesciences-russe-768x874.jpg 768w, https:\/\/www.jackguichard.fr\/wp-content\/uploads\/2020\/03\/jefaisdesciences-russe-900x1024.jpg 900w, https:\/\/www.jackguichard.fr\/wp-content\/uploads\/2020\/03\/jefaisdesciences-russe.jpg 1620w\" sizes=\"auto, (max-width: 264px) 100vw, 264px\" \/><\/p>\n<\/div>\n<p>et en espagnol, catalan, cor\u00e9en, estonien et polonais en 2022<\/p>\n<p><img loading=\"lazy\" decoding=\"async\" class=\"alignleft size-large wp-image-2518\" src=\"http:\/\/jackguichard.fr\/wp-content\/uploads\/2022\/06\/livrefaitdessciencecoreen-1024x768.jpg\" alt=\"\" width=\"590\" height=\"443\" srcset=\"https:\/\/www.jackguichard.fr\/wp-content\/uploads\/2022\/06\/livrefaitdessciencecoreen-1024x768.jpg 1024w, https:\/\/www.jackguichard.fr\/wp-content\/uploads\/2022\/06\/livrefaitdessciencecoreen-300x225.jpg 300w, https:\/\/www.jackguichard.fr\/wp-content\/uploads\/2022\/06\/livrefaitdessciencecoreen-768x576.jpg 768w\" sizes=\"auto, (max-width: 590px) 100vw, 590px\" \/><\/p>\n","protected":false},"excerpt":{"rendered":"<p>Je fais des sciences &#8211; Dok\u00e9o d\u00e8s 4 ans Collection : Dok\u00e9o Auteur : C. Jugla, Jack Guichard La science \u00e0 la port\u00e9e des petits ! Avec des exp\u00e9riences faciles \u00e0 faire \u00e0 la maison ! L\u2019air a-t-il un poids ? L\u2019eau est-elle toujours liquide ? Peut-on construire avec du papier ? Nos yeux nous &hellip;<br \/><a href=\"https:\/\/www.jackguichard.fr\/?page_id=1896\">Read more <span class=\"meta-nav\">&rarr;<\/span><\/a><\/p>\n","protected":false},"author":8,"featured_media":0,"parent":33,"menu_order":1,"comment_status":"closed","ping_status":"closed","template":"template-full.php","meta":{"footnotes":""},"class_list":["post-1896","page","type-page","status-publish","hentry"],"jetpack_sharing_enabled":true,"_links":{"self":[{"href":"https:\/\/www.jackguichard.fr\/index.php?rest_route=\/wp\/v2\/pages\/1896","targetHints":{"allow":["GET"]}}],"collection":[{"href":"https:\/\/www.jackguichard.fr\/index.php?rest_route=\/wp\/v2\/pages"}],"about":[{"href":"https:\/\/www.jackguichard.fr\/index.php?rest_route=\/wp\/v2\/types\/page"}],"author":[{"embeddable":true,"href":"https:\/\/www.jackguichard.fr\/index.php?rest_route=\/wp\/v2\/users\/8"}],"replies":[{"embeddable":true,"href":"https:\/\/www.jackguichard.fr\/index.php?rest_route=%2Fwp%2Fv2%2Fcomments&post=1896"}],"version-history":[{"count":5,"href":"https:\/\/www.jackguichard.fr\/index.php?rest_route=\/wp\/v2\/pages\/1896\/revisions"}],"predecessor-version":[{"id":2520,"href":"https:\/\/www.jackguichard.fr\/index.php?rest_route=\/wp\/v2\/pages\/1896\/revisions\/2520"}],"up":[{"embeddable":true,"href":"https:\/\/www.jackguichard.fr\/index.php?rest_route=\/wp\/v2\/pages\/33"}],"wp:attachment":[{"href":"https:\/\/www.jackguichard.fr\/index.php?rest_route=%2Fwp%2Fv2%2Fmedia&parent=1896"}],"curies":[{"name":"wp","href":"https:\/\/api.w.org\/{rel}","templated":true}]}}