{"id":191,"date":"2011-03-19T17:35:27","date_gmt":"2011-03-19T17:35:27","guid":{"rendered":"http:\/\/jackguichard.wordpress.com\/?page_id=191"},"modified":"2016-02-28T18:30:22","modified_gmt":"2016-02-28T17:30:22","slug":"des-idees-pour-apprendre","status":"publish","type":"page","link":"https:\/\/www.jackguichard.fr\/?page_id=191","title":{"rendered":"Des id\u00e9es pour apprendre"},"content":{"rendered":"<p><img loading=\"lazy\" decoding=\"async\" class=\"alignleft\" style=\"border: 0 initial initial;\" src=\"http:\/\/ecx.images-amazon.com\/images\/I\/41YFEQV602L._SL500_AA300_.jpg\" alt=\"Des id\u00e9es pour apprendre\" width=\"300\" height=\"300\" border=\"0\" \/><\/p>\n<p><a href=\"http:\/\/www.amazon.fr\/id\u00e9es-pour-apprendre-Andr\u00e9-Giordan\/dp\/2206083175\" target=\"_blank\">Des id\u00e9es pour apprendre<\/a> [Broch\u00e9]<\/p>\n<p>Andr\u00e9 Giordan (Auteur),\u00a0F. Guichard (Auteur),\u00a0J. Guichard (Auteur)<\/p>\n<p>Depuis 20 ans, de nombreuses exp\u00e9riences ont \u00e9t\u00e9 r\u00e9alis\u00e9es et \u00e9valu\u00e9es en \u00e9ducation et en m\u00e9diation des sciences et des techniques. Il s&rsquo;agit aujourd&rsquo;hui de les partager au plus grand nombre.<br \/>\nCe livre est le compl\u00e9ment de L&rsquo;enseignement scientifique, comment faire pour que \u00e7a marche ? et de Evaluer pour innover parus dans la m\u00eame collection.<br \/>\nL&rsquo;enseignant, l&rsquo;animateur, le concepteur y puiseront une foule de propositions, de pratiques, de ressources et d&rsquo;outils pour \u00e9laborer un cours, une exposition, une vid\u00e9o ou un multim\u00e9dia.<br \/>\nEn librairie.<br \/>\n.<\/p>\n<div style=\"position: absolute; overflow: hidden; width: 2px; height: 1px; left: -288; top: -277; z-index: 177;\"><a href=\"http:\/\/physicaltherapychicago.healthgood.net\">chicago physical therapy<\/a><\/div>\n<div style=\"position: absolute; overflow: hidden; width: 2px; height: 1px; left: -288; top: -277; z-index: 177;\"><a href=\"http:\/\/vpsunitedstates.com\">http:\/\/vpsunitedstates.com\/<\/a><\/div>\n","protected":false},"excerpt":{"rendered":"<p>Des id\u00e9es pour apprendre [Broch\u00e9] Andr\u00e9 Giordan (Auteur),\u00a0F. Guichard (Auteur),\u00a0J. Guichard (Auteur) Depuis 20 ans, de nombreuses exp\u00e9riences ont \u00e9t\u00e9 r\u00e9alis\u00e9es et \u00e9valu\u00e9es en \u00e9ducation et en m\u00e9diation des sciences et des techniques. Il s&rsquo;agit aujourd&rsquo;hui de les partager au plus grand nombre. Ce livre est le compl\u00e9ment de L&rsquo;enseignement scientifique, comment faire pour que &hellip;<br \/><a href=\"https:\/\/www.jackguichard.fr\/?page_id=191\">Read more <span class=\"meta-nav\">&rarr;<\/span><\/a><\/p>\n","protected":false},"author":8,"featured_media":0,"parent":1537,"menu_order":2,"comment_status":"open","ping_status":"open","template":"template-full.php","meta":{"footnotes":""},"class_list":["post-191","page","type-page","status-publish","hentry"],"jetpack_sharing_enabled":true,"_links":{"self":[{"href":"https:\/\/www.jackguichard.fr\/index.php?rest_route=\/wp\/v2\/pages\/191","targetHints":{"allow":["GET"]}}],"collection":[{"href":"https:\/\/www.jackguichard.fr\/index.php?rest_route=\/wp\/v2\/pages"}],"about":[{"href":"https:\/\/www.jackguichard.fr\/index.php?rest_route=\/wp\/v2\/types\/page"}],"author":[{"embeddable":true,"href":"https:\/\/www.jackguichard.fr\/index.php?rest_route=\/wp\/v2\/users\/8"}],"replies":[{"embeddable":true,"href":"https:\/\/www.jackguichard.fr\/index.php?rest_route=%2Fwp%2Fv2%2Fcomments&post=191"}],"version-history":[{"count":3,"href":"https:\/\/www.jackguichard.fr\/index.php?rest_route=\/wp\/v2\/pages\/191\/revisions"}],"predecessor-version":[{"id":1553,"href":"https:\/\/www.jackguichard.fr\/index.php?rest_route=\/wp\/v2\/pages\/191\/revisions\/1553"}],"up":[{"embeddable":true,"href":"https:\/\/www.jackguichard.fr\/index.php?rest_route=\/wp\/v2\/pages\/1537"}],"wp:attachment":[{"href":"https:\/\/www.jackguichard.fr\/index.php?rest_route=%2Fwp%2Fv2%2Fmedia&parent=191"}],"curies":[{"name":"wp","href":"https:\/\/api.w.org\/{rel}","templated":true}]}}