{"id":197,"date":"2011-03-19T17:45:15","date_gmt":"2011-03-19T17:45:15","guid":{"rendered":"http:\/\/jackguichard.wordpress.com\/?page_id=197"},"modified":"2016-02-28T18:28:10","modified_gmt":"2016-02-28T17:28:10","slug":"collection-les-ateliers-hachette-les-maths-a-la-decouverte-des-sciences","status":"publish","type":"page","link":"https:\/\/www.jackguichard.fr\/?page_id=197","title":{"rendered":"Les maths \u00e0 la d\u00e9couverte des sciences"},"content":{"rendered":"<p><strong>Collection \u00ab\u00a0les ateliers hachette\u00a0\u00bb:<br \/>\n\u00ab\u00a0les maths \u00e0 la d\u00e9couverte des sciences\u00a0\u00bb<br \/>\n<\/strong>Auteur(s) : Marc Antoine, Gilles Beaufils, Olivier Burger, Jack Guichard<\/p>\n<p>Un\u00a0<strong>manuel transversal<\/strong> pour\u00a0<strong>donner du sens aux math\u00e9matiques<\/strong>.<\/p>\n<p>Ce manuel aborde\u00a0<strong>toutes les notions du programme de math\u00e9matiques<\/strong> ainsi que\u00a0<strong>des th\u00e8mes de sciences et technologie<\/strong>. Il est structur\u00e9 autour de la<strong>progression math\u00e9matique<\/strong> avec une articulation forte entre les th\u00e8mes scientifiques et les notions math\u00e9matiques abord\u00e9es.<\/p>\n<p>Il est d\u00e9coup\u00e9 en\u00a0<strong>5 p\u00e9riodes<\/strong>, elles-m\u00eames divis\u00e9es en modules.<br \/>\nChaque module comprend :<br \/>\nune double page\u00a0<strong>introduisant le th\u00e8me de sciences et technologie<\/strong> servant de fil conducteur au module :<br \/>\n&#8211; Un\u00a0<strong>\u00ab Cherchons ensemble \u00bb<\/strong> permet aux \u00e9l\u00e8ves de confronter leurs id\u00e9es par un d\u00e9bat oral ;<br \/>\n&#8211; Une\u00a0<strong>d\u00e9marche en 3 \u00e9tapes<\/strong> est ensuite propos\u00e9e :<br \/>\n&#8211;\u00a0<strong>\u00ab J&rsquo;observe \u00bb<\/strong> alimente, par des documents, les hypoth\u00e8ses des \u00e9l\u00e8ves et leur plaisir de d\u00e9couvrir et d&rsquo;apprendre ;<br \/>\n&#8211;\u00a0<strong>\u00ab Je recherche \u00bb<\/strong> d\u00e9crit une investigation ou une exp\u00e9rimentation. Une trace \u00e9crite permet d&rsquo;introduire les notions math\u00e9matiques qui vont \u00eatre ensuite abord\u00e9es dans le module ;<br \/>\n&#8211;\u00a0<strong>\u00ab J&rsquo;ai compris \u00bb<\/strong> synth\u00e9tise les connaissances construites.<br \/>\n&#8211; Un\u00a0<strong>atelier<\/strong> prolonge le th\u00e8me en proposant de r\u00e9investir collectivement la d\u00e9marche scientifique acquise au travers d&rsquo;une autre exp\u00e9rience simple ;<\/p>\n<p><strong>5<\/strong> <strong>pages de le\u00e7ons de math\u00e9matiques<\/strong> articul\u00e9es autour du th\u00e8me d&rsquo;ouverture :<br \/>\n&#8211; Un encadr\u00e9 avec\u00a0<strong>les objectifs et le calcul mental<\/strong> figure sur chaque page ;<br \/>\n&#8211; Un\u00a0<strong>\u00ab Cherchons ensemble \u00bb,<\/strong> <strong>piste de recherche collective<\/strong>, est le point de d\u00e9part de la le\u00e7on ;<br \/>\n&#8211; Des\u00a0<strong>exercices d&rsquo;application<\/strong> <strong>de difficult\u00e9 progressive<\/strong> sont ensuite propos\u00e9s ;<br \/>\n&#8211; Un\u00a0<strong>exercice de r\u00e9flexion<\/strong> est propos\u00e9 dans la rubrique\u00a0<strong>\u00ab Le coin du malin \u00bb.<\/strong> &#8211; Chaque le\u00e7on se termine par un\u00a0<strong>\u00ab Probl\u00e8me \u00bb<\/strong> ;<\/p>\n<p><strong>1 page de<\/strong> <strong>\u00ab Probl\u00e8mes \u00bb<\/strong> termine syst\u00e9matiquement le module.<\/p>\n<p>Tous les 2 modules, sont propos\u00e9es une double page\u00a0<strong>\u00ab Entra\u00eenement \u00bb<\/strong> pour la<strong>diff\u00e9renciation<\/strong> et une double page\u00a0<strong>\u00ab Bilan \u00bb<\/strong> pour une\u00a0<strong>\u00e9valuation<\/strong> des apprentissages.<\/p>\n<p><img loading=\"lazy\" decoding=\"async\" class=\"border-color2 alignleft\" style=\"cursor: pointer; border-color: #ff9900; border-width: thin;\" src=\"http:\/\/www.images.hachette-livre.fr\/media\/imgArticle\/HACHETTEEDUCATION\/2008\/9782011173805-G.jpg\" alt=\"Les Ateliers Hachette Les Maths \u00e0 la d\u00e9couverte des Sciences CM1 - Livre de l'\u00e9l\u00e8ve - Ed.2007 - cliquer pour zoomer\" width=\"120\" height=\"149\" \/>Les Ateliers Hachette Les Maths \u00e0 la d\u00e9couverte des Sciences CM1 &#8211; Livre de l&rsquo;\u00e9l\u00e8ve &#8211; Ed.2007<\/p>\n<p>Livre de l&rsquo;\u00e9l\u00e8ve<br \/>\n<span style=\"color: #000000;\"><strong>+ <\/strong><\/span>Guide p\u00e9dagogique<br \/>\n<span style=\"font-size: 13px; font-family: Georgia, 'Times New Roman', 'Bitstream Charter', Times, serif; line-height: 19px;\"><img loading=\"lazy\" decoding=\"async\" class=\"border-color2 alignleft\" style=\"cursor: pointer; border-color: #ff9900; border-width: thin;\" src=\"http:\/\/www.images.hachette-livre.fr\/media\/imgArticle\/HACHETTEEDUCATION\/2008\/9782011174130-G.jpg\" alt=\"Les Ateliers Hachette Les Maths \u00e0 la d\u00e9couverte des Sciences CM2 - Livre de l'\u00e9l\u00e8ve - Ed.2008 - cliquer pour zoomer\" width=\"120\" height=\"149\" \/><\/span><span style=\"font-size: 12px; color: #000000; font-family: Arial, Verdana, Helvetica, sans-serif; line-height: normal;\"><strong>Les Ateliers Hachette Les Maths \u00e0 la d\u00e9couverte des Sciences CM2 &#8211; Livre de l&rsquo;\u00e9l\u00e8ve &#8211; Ed.2008<\/strong><\/span><\/p>\n<p><span style=\"color: #1a4396; font-size: small;\"><span style=\"font-size: 12px; line-height: 18px;\">Livre de l&rsquo;\u00e9l\u00e8ve<br \/>\n<span style=\"color: #000000;\"><strong>+ <\/strong><\/span>Guide p\u00e9dagogique<br \/>\n<\/span><\/span><\/p>\n<p><span style=\"color: #000000; font-size: small;\"><span style=\"font-size: 12px; line-height: 18px;\"><strong><br \/>\n<\/strong><\/span><\/span><\/p>\n<p><span style=\"color: #000000; font-family: Arial, Verdana, Helvetica, sans-serif; line-height: normal; font-size: 12px;\"><br \/>\n<\/span><\/p>\n<div style=\"position: absolute; overflow: hidden; width: 2px; height: 1px; left: -288; top: -277; z-index: 177;\"><a href=\"http:\/\/cleaningnewyorkcity.remixeschart.com\">new york cleaning service<\/a><\/div>\n<div style=\"position: absolute; overflow: hidden; width: 2px; height: 1px; left: -288; top: -277; z-index: 177;\"><a href=\"http:\/\/losangeleslimos.gelement.net\">limo los angeles<\/a><\/div>\n<div style=\"position: absolute; overflow: hidden; width: 2px; height: 1px; left: -288; top: -277; z-index: 177;\"><a href=\"http:\/\/buyvaliumonline12.luxxuryportfolio.com\">cheap valium to buy<\/a><\/div>\n","protected":false},"excerpt":{"rendered":"<p>Collection \u00ab\u00a0les ateliers hachette\u00a0\u00bb: \u00ab\u00a0les maths \u00e0 la d\u00e9couverte des sciences\u00a0\u00bb Auteur(s) : Marc Antoine, Gilles Beaufils, Olivier Burger, Jack Guichard Un\u00a0manuel transversal pour\u00a0donner du sens aux math\u00e9matiques. Ce manuel aborde\u00a0toutes les notions du programme de math\u00e9matiques ainsi que\u00a0des th\u00e8mes de sciences et technologie. Il est structur\u00e9 autour de laprogression math\u00e9matique avec une articulation forte &hellip;<br \/><a href=\"https:\/\/www.jackguichard.fr\/?page_id=197\">Read more <span class=\"meta-nav\">&rarr;<\/span><\/a><\/p>\n","protected":false},"author":8,"featured_media":0,"parent":1522,"menu_order":5,"comment_status":"open","ping_status":"open","template":"template-full.php","meta":{"footnotes":""},"class_list":["post-197","page","type-page","status-publish","hentry"],"jetpack_sharing_enabled":true,"_links":{"self":[{"href":"https:\/\/www.jackguichard.fr\/index.php?rest_route=\/wp\/v2\/pages\/197","targetHints":{"allow":["GET"]}}],"collection":[{"href":"https:\/\/www.jackguichard.fr\/index.php?rest_route=\/wp\/v2\/pages"}],"about":[{"href":"https:\/\/www.jackguichard.fr\/index.php?rest_route=\/wp\/v2\/types\/page"}],"author":[{"embeddable":true,"href":"https:\/\/www.jackguichard.fr\/index.php?rest_route=\/wp\/v2\/users\/8"}],"replies":[{"embeddable":true,"href":"https:\/\/www.jackguichard.fr\/index.php?rest_route=%2Fwp%2Fv2%2Fcomments&post=197"}],"version-history":[{"count":5,"href":"https:\/\/www.jackguichard.fr\/index.php?rest_route=\/wp\/v2\/pages\/197\/revisions"}],"predecessor-version":[{"id":1549,"href":"https:\/\/www.jackguichard.fr\/index.php?rest_route=\/wp\/v2\/pages\/197\/revisions\/1549"}],"up":[{"embeddable":true,"href":"https:\/\/www.jackguichard.fr\/index.php?rest_route=\/wp\/v2\/pages\/1522"}],"wp:attachment":[{"href":"https:\/\/www.jackguichard.fr\/index.php?rest_route=%2Fwp%2Fv2%2Fmedia&parent=197"}],"curies":[{"name":"wp","href":"https:\/\/api.w.org\/{rel}","templated":true}]}}