{"id":1999,"date":"2019-10-03T20:43:39","date_gmt":"2019-10-03T18:43:39","guid":{"rendered":"http:\/\/jackguichard.fr\/?page_id=1999"},"modified":"2022-08-10T12:46:19","modified_gmt":"2022-08-10T10:46:19","slug":"la-science-est-dans-loeuf","status":"publish","type":"page","link":"https:\/\/www.jackguichard.fr\/?page_id=1999","title":{"rendered":"La science est&#8230; dans l&rsquo;oeuf"},"content":{"rendered":"\n<p>10 exp\u00e9riences d\u00e8s 4 ans<\/p>\n\n\n\n<p>Collection :&nbsp;<a href=\"http:\/\/www.nathan.fr\/catalogue\/resultat.asp?entite=NATHAN%20Jeunesse&amp;ordre=date_parution&amp;x=47&amp;y=3&amp;collection=97480\">La science est dans &#8230;<\/a><br>Auteur :&nbsp;<a href=\"https:\/\/www.nathan.fr\/catalogue\/fiche-produit.asp?ean13=9782092587942#rubrique_auteurs104530\">C. Jugla<\/a>,&nbsp;<a href=\"https:\/\/www.nathan.fr\/catalogue\/fiche-produit.asp?ean13=9782092587942#rubrique_auteurs538456\">J. Guichard<\/a><br>Illustrateur :&nbsp;<a href=\"https:\/\/www.nathan.fr\/catalogue\/fiche-produit.asp?ean13=9782092587942#rubrique_auteurs430916\">L. Simon<\/a><br><strong>10 exp\u00e9riences faciles et amusantes avec\u2026 un \u0153uf !<\/strong><br>Pourquoi l\u2019\u0153uf flotte-t-il quand il est vieux ? La mayonnaise est-elle une \u00e9mulsion ? Quel principe permet de faire des \u0153ufs en neige ? Comment faire rebondir un \u0153uf sans le casser ?&#8230;&nbsp;<br>10 exp\u00e9riences faciles et \u00e9tonnantes pour d\u00e9couvrir de grands principes scientifiques gr\u00e2ce \u00e0\u2026 un \u0153uf !<\/p>\n\n\n\n<p>Un livre pour faire des exp\u00e9riences avec son enfant d\u00e8s 4 ans<br><strong>7,95&nbsp;\u20ac<\/strong><br>32 Pages<br>Disponible<br><strong>Parution :&nbsp;juillet 2019<\/strong><\/p>\n\n\n\n<p>voir la vid\u00e9o sur TV3P : \u00a0<a href=\"http:\/\/www.tv-3p.fr\/voir_video.php?id=3710\ufeff\">La science est dans l\u2019\u0153uf\u00a0<\/a>.<\/p>\n\n\n\n<figure class=\"wp-block-image\"><img loading=\"lazy\" decoding=\"async\" width=\"800\" height=\"899\" src=\"http:\/\/jackguichard.fr\/wp-content\/uploads\/2019\/10\/9782092587942-4.jpg\" alt=\"\" class=\"wp-image-1990\" srcset=\"https:\/\/www.jackguichard.fr\/wp-content\/uploads\/2019\/10\/9782092587942-4.jpg 800w, https:\/\/www.jackguichard.fr\/wp-content\/uploads\/2019\/10\/9782092587942-4-267x300.jpg 267w, https:\/\/www.jackguichard.fr\/wp-content\/uploads\/2019\/10\/9782092587942-4-768x863.jpg 768w\" sizes=\"auto, (max-width: 800px) 100vw, 800px\" \/><\/figure>\n","protected":false},"excerpt":{"rendered":"<p>10 exp\u00e9riences d\u00e8s 4 ans Collection :&nbsp;La science est dans &#8230;Auteur :&nbsp;C. Jugla,&nbsp;J. GuichardIllustrateur :&nbsp;L. Simon10 exp\u00e9riences faciles et amusantes avec\u2026 un \u0153uf !Pourquoi l\u2019\u0153uf flotte-t-il quand il est vieux ? La mayonnaise est-elle une \u00e9mulsion ? Quel principe permet de faire des \u0153ufs en neige ? Comment faire rebondir un \u0153uf sans le casser &hellip;<br \/><a href=\"https:\/\/www.jackguichard.fr\/?page_id=1999\">Read more <span class=\"meta-nav\">&rarr;<\/span><\/a><\/p>\n","protected":false},"author":8,"featured_media":0,"parent":2148,"menu_order":0,"comment_status":"closed","ping_status":"closed","template":"template-full.php","meta":{"footnotes":""},"class_list":["post-1999","page","type-page","status-publish","hentry"],"jetpack_sharing_enabled":true,"_links":{"self":[{"href":"https:\/\/www.jackguichard.fr\/index.php?rest_route=\/wp\/v2\/pages\/1999","targetHints":{"allow":["GET"]}}],"collection":[{"href":"https:\/\/www.jackguichard.fr\/index.php?rest_route=\/wp\/v2\/pages"}],"about":[{"href":"https:\/\/www.jackguichard.fr\/index.php?rest_route=\/wp\/v2\/types\/page"}],"author":[{"embeddable":true,"href":"https:\/\/www.jackguichard.fr\/index.php?rest_route=\/wp\/v2\/users\/8"}],"replies":[{"embeddable":true,"href":"https:\/\/www.jackguichard.fr\/index.php?rest_route=%2Fwp%2Fv2%2Fcomments&post=1999"}],"version-history":[{"count":6,"href":"https:\/\/www.jackguichard.fr\/index.php?rest_route=\/wp\/v2\/pages\/1999\/revisions"}],"predecessor-version":[{"id":2572,"href":"https:\/\/www.jackguichard.fr\/index.php?rest_route=\/wp\/v2\/pages\/1999\/revisions\/2572"}],"up":[{"embeddable":true,"href":"https:\/\/www.jackguichard.fr\/index.php?rest_route=\/wp\/v2\/pages\/2148"}],"wp:attachment":[{"href":"https:\/\/www.jackguichard.fr\/index.php?rest_route=%2Fwp%2Fv2%2Fmedia&parent=1999"}],"curies":[{"name":"wp","href":"https:\/\/api.w.org\/{rel}","templated":true}]}}