{"id":2010,"date":"2019-11-10T19:44:27","date_gmt":"2019-11-10T18:44:27","guid":{"rendered":"http:\/\/jackguichard.fr\/?page_id=2010"},"modified":"2020-01-27T18:08:41","modified_gmt":"2020-01-27T17:08:41","slug":"le-best-of-des-inventions-ratees","status":"publish","type":"page","link":"https:\/\/www.jackguichard.fr\/?page_id=2010","title":{"rendered":"le Best-of des inventions rat\u00e9es"},"content":{"rendered":"\n<p>Larousse, Jack Guichard, 2019<\/p>\n\n\n\n<p><\/p>\n\n\n\n<p>Des heures de rires et sourires par la lecture \u00ab&nbsp;Best-of des inventions rat\u00e9es&nbsp;\u00bb chez Larousse.<\/p>\n\n\n\n<p>Jack Guichard, vous y fait l\u2019inventaire desinventions le splus loufoques de tous les temps. Il nous conte l\u2019histoire d\u2019inventions \u00e9tonnantes et \u00e9tranges, rat\u00e9es ou rocambolesques, inutiles pour tout le monde sauf pour leur inventeur.&nbsp;<\/p>\n\n\n\n<p>Vous d\u00e9couvrirer les maillots de bain en bois pour ne pas se noyer, le wc pour conducteur de voiture dans les embouteillages, le casque ventouse pour dormir debout dans le m\u00e9tro, le slip au radium avec lequel on risquait surtout de devenir st\u00e9rile, le v\u00e9lo machine \u00e0 coudre pour que madame ne perde pas de temps pendant la balade du week-end, le parapluie \u00e0 chaussure, le navire anti-mal de mer ou la diligence \u00e0 jambes\u2026 et beaucoup d\u2019autres id\u00e9es plus invraisemblables les unes que les autres et pourtant brevet\u00e9es.<div><br><\/div><\/p>\n\n\n\n<figure class=\"wp-block-image\"><img loading=\"lazy\" decoding=\"async\" width=\"807\" height=\"482\" src=\"http:\/\/jackguichard.fr\/wp-content\/uploads\/2019\/11\/bestoffinventions.jpg\" alt=\"\" class=\"wp-image-2014\" srcset=\"https:\/\/www.jackguichard.fr\/wp-content\/uploads\/2019\/11\/bestoffinventions.jpg 807w, https:\/\/www.jackguichard.fr\/wp-content\/uploads\/2019\/11\/bestoffinventions-300x179.jpg 300w, https:\/\/www.jackguichard.fr\/wp-content\/uploads\/2019\/11\/bestoffinventions-768x459.jpg 768w\" sizes=\"auto, (max-width: 807px) 100vw, 807px\" \/><\/figure>\n\n\n\n<figure class=\"wp-block-image\"><img loading=\"lazy\" decoding=\"async\" width=\"1024\" height=\"795\" src=\"http:\/\/jackguichard.fr\/wp-content\/uploads\/2019\/11\/jack-ouestfranceextrait2019-1024x795.jpg\" alt=\"\" class=\"wp-image-2016\" srcset=\"https:\/\/www.jackguichard.fr\/wp-content\/uploads\/2019\/11\/jack-ouestfranceextrait2019-1024x795.jpg 1024w, https:\/\/www.jackguichard.fr\/wp-content\/uploads\/2019\/11\/jack-ouestfranceextrait2019-300x233.jpg 300w, https:\/\/www.jackguichard.fr\/wp-content\/uploads\/2019\/11\/jack-ouestfranceextrait2019-768x597.jpg 768w, https:\/\/www.jackguichard.fr\/wp-content\/uploads\/2019\/11\/jack-ouestfranceextrait2019.jpg 1828w\" sizes=\"auto, (max-width: 1024px) 100vw, 1024px\" \/><\/figure>\n","protected":false},"excerpt":{"rendered":"<p>Larousse, Jack Guichard, 2019 Des heures de rires et sourires par la lecture \u00ab&nbsp;Best-of des inventions rat\u00e9es&nbsp;\u00bb chez Larousse. Jack Guichard, vous y fait l\u2019inventaire desinventions le splus loufoques de tous les temps. Il nous conte l\u2019histoire d\u2019inventions \u00e9tonnantes et \u00e9tranges, rat\u00e9es ou rocambolesques, inutiles pour tout le monde sauf pour leur inventeur.&nbsp; Vous d\u00e9couvrirer &hellip;<br \/><a href=\"https:\/\/www.jackguichard.fr\/?page_id=2010\">Read more <span class=\"meta-nav\">&rarr;<\/span><\/a><\/p>\n","protected":false},"author":8,"featured_media":0,"parent":33,"menu_order":3,"comment_status":"closed","ping_status":"closed","template":"template-full.php","meta":{"footnotes":""},"class_list":["post-2010","page","type-page","status-publish","hentry"],"jetpack_sharing_enabled":true,"_links":{"self":[{"href":"https:\/\/www.jackguichard.fr\/index.php?rest_route=\/wp\/v2\/pages\/2010","targetHints":{"allow":["GET"]}}],"collection":[{"href":"https:\/\/www.jackguichard.fr\/index.php?rest_route=\/wp\/v2\/pages"}],"about":[{"href":"https:\/\/www.jackguichard.fr\/index.php?rest_route=\/wp\/v2\/types\/page"}],"author":[{"embeddable":true,"href":"https:\/\/www.jackguichard.fr\/index.php?rest_route=\/wp\/v2\/users\/8"}],"replies":[{"embeddable":true,"href":"https:\/\/www.jackguichard.fr\/index.php?rest_route=%2Fwp%2Fv2%2Fcomments&post=2010"}],"version-history":[{"count":4,"href":"https:\/\/www.jackguichard.fr\/index.php?rest_route=\/wp\/v2\/pages\/2010\/revisions"}],"predecessor-version":[{"id":2017,"href":"https:\/\/www.jackguichard.fr\/index.php?rest_route=\/wp\/v2\/pages\/2010\/revisions\/2017"}],"up":[{"embeddable":true,"href":"https:\/\/www.jackguichard.fr\/index.php?rest_route=\/wp\/v2\/pages\/33"}],"wp:attachment":[{"href":"https:\/\/www.jackguichard.fr\/index.php?rest_route=%2Fwp%2Fv2%2Fmedia&parent=2010"}],"curies":[{"name":"wp","href":"https:\/\/api.w.org\/{rel}","templated":true}]}}