{"id":2127,"date":"2020-05-30T10:24:07","date_gmt":"2020-05-30T08:24:07","guid":{"rendered":"http:\/\/jackguichard.fr\/?page_id=2127"},"modified":"2020-08-04T09:39:52","modified_gmt":"2020-08-04T07:39:52","slug":"la-science-est-dans-2","status":"publish","type":"page","link":"https:\/\/www.jackguichard.fr\/?page_id=2127","title":{"rendered":"La science est dans&#8230;"},"content":{"rendered":"\n<p><strong>La Science est dans le papier<\/strong> <br><em>10 exp\u00e9riences faciles \u00e0 faire \u00e0 la maison &#8211; D\u00e8s 4 ans<\/em><\/p>\n\n\n\n<p><\/p>\n\n\n\n<figure class=\"wp-block-image\"><img loading=\"lazy\" decoding=\"async\" width=\"800\" height=\"899\" src=\"http:\/\/jackguichard.fr\/wp-content\/uploads\/2020\/05\/image.png\" alt=\"\" class=\"wp-image-2097\" srcset=\"https:\/\/www.jackguichard.fr\/wp-content\/uploads\/2020\/05\/image.png 800w, https:\/\/www.jackguichard.fr\/wp-content\/uploads\/2020\/05\/image-267x300.png 267w, https:\/\/www.jackguichard.fr\/wp-content\/uploads\/2020\/05\/image-768x863.png 768w\" sizes=\"auto, (max-width: 800px) 100vw, 800px\" \/><\/figure>\n\n\n\n<p>Collection :&nbsp;<a href=\"http:\/\/www.nathan.fr\/catalogue\/resultat.asp?entite=NATHAN%20Jeunesse&amp;ordre=date_parution&amp;x=47&amp;y=3&amp;collection=97480\">La science est dans &#8230;<\/a><br>Auteur :&nbsp;<a href=\"https:\/\/www.nathan.fr\/catalogue\/fiche-produit.asp?ean13=9782092591710#rubrique_auteurs104530\">C. Jugla<\/a>,&nbsp;<a href=\"https:\/\/www.nathan.fr\/catalogue\/fiche-produit.asp?ean13=9782092591710#rubrique_auteurs538456\">J. Guichard<\/a><br>Illustrateur :&nbsp;<a href=\"https:\/\/www.nathan.fr\/catalogue\/fiche-produit.asp?ean13=9782092591710#rubrique_auteurs430916\">L. Simon<\/a><strong>10 exp\u00e9riences faciles et amusantes avec\u2026 le papier !<\/strong>La collection qui permet aux plus jeunes de d\u00e9velopper leur esprit curieux et scientifique.<br>Au programme: Faire \u00e9clore des feuilles de papier et comprendre la capillarit\u00e9, fabriquer un message secret et ma\u00eetriser l\u2019opacit\u00e9, rendre deux livres ins\u00e9parables gr\u00e2ce \u00e0 la force de frottement, couper une banane par cisaillement\u2026<\/p>\n\n\n\n<p><strong>10 exp\u00e9riences simples et \u00e9tonnantes autour du papier pour d\u00e9couvrir de grands principes scientifiques.<\/strong><\/p>\n\n\n\n<p>Livre d&rsquo;exp\u00e9riences scientifique d\u00e8s 4 ans<\/p>\n\n\n\n<p><strong>7,95&nbsp;\u20ac<\/strong><br>32 Pages<br>Nouveaut\u00e9 \u00e0 paraitre le 01\/06\/2020<br>ISBN&nbsp;:&nbsp;978-2-09-259171-0<\/p>\n","protected":false},"excerpt":{"rendered":"<p>La Science est dans le papier 10 exp\u00e9riences faciles \u00e0 faire \u00e0 la maison &#8211; D\u00e8s 4 ans Collection :&nbsp;La science est dans &#8230;Auteur :&nbsp;C. Jugla,&nbsp;J. GuichardIllustrateur :&nbsp;L. Simon10 exp\u00e9riences faciles et amusantes avec\u2026 le papier !La collection qui permet aux plus jeunes de d\u00e9velopper leur esprit curieux et scientifique.Au programme: Faire \u00e9clore des feuilles &hellip;<br \/><a href=\"https:\/\/www.jackguichard.fr\/?page_id=2127\">Read more <span class=\"meta-nav\">&rarr;<\/span><\/a><\/p>\n","protected":false},"author":8,"featured_media":2097,"parent":2148,"menu_order":0,"comment_status":"closed","ping_status":"closed","template":"template-full.php","meta":{"footnotes":""},"class_list":["post-2127","page","type-page","status-publish","has-post-thumbnail","hentry"],"jetpack_sharing_enabled":true,"_links":{"self":[{"href":"https:\/\/www.jackguichard.fr\/index.php?rest_route=\/wp\/v2\/pages\/2127","targetHints":{"allow":["GET"]}}],"collection":[{"href":"https:\/\/www.jackguichard.fr\/index.php?rest_route=\/wp\/v2\/pages"}],"about":[{"href":"https:\/\/www.jackguichard.fr\/index.php?rest_route=\/wp\/v2\/types\/page"}],"author":[{"embeddable":true,"href":"https:\/\/www.jackguichard.fr\/index.php?rest_route=\/wp\/v2\/users\/8"}],"replies":[{"embeddable":true,"href":"https:\/\/www.jackguichard.fr\/index.php?rest_route=%2Fwp%2Fv2%2Fcomments&post=2127"}],"version-history":[{"count":2,"href":"https:\/\/www.jackguichard.fr\/index.php?rest_route=\/wp\/v2\/pages\/2127\/revisions"}],"predecessor-version":[{"id":2129,"href":"https:\/\/www.jackguichard.fr\/index.php?rest_route=\/wp\/v2\/pages\/2127\/revisions\/2129"}],"up":[{"embeddable":true,"href":"https:\/\/www.jackguichard.fr\/index.php?rest_route=\/wp\/v2\/pages\/2148"}],"wp:featuredmedia":[{"embeddable":true,"href":"https:\/\/www.jackguichard.fr\/index.php?rest_route=\/wp\/v2\/media\/2097"}],"wp:attachment":[{"href":"https:\/\/www.jackguichard.fr\/index.php?rest_route=%2Fwp%2Fv2%2Fmedia&parent=2127"}],"curies":[{"name":"wp","href":"https:\/\/api.w.org\/{rel}","templated":true}]}}