{"id":213,"date":"2011-03-20T08:49:41","date_gmt":"2011-03-20T08:49:41","guid":{"rendered":"http:\/\/jackguichard.wordpress.com\/?page_id=213"},"modified":"2016-02-28T18:32:31","modified_gmt":"2016-02-28T17:32:31","slug":"les-savoirs-de-lecole-sciences-et-technologie","status":"publish","type":"page","link":"https:\/\/www.jackguichard.fr\/?page_id=213","title":{"rendered":"Les savoirs de l&rsquo;\u00e9cole"},"content":{"rendered":"<div><strong>Collection \u00ab\u00a0les savoirs de l&rsquo;\u00e9cole\u00a0\u00bb: sciences et technologie<\/strong><\/div>\n<div>Auteur(s) : Jack Guichard, Brigitte Zana<\/div>\n<div><a title=\"Les savoirs de l'\u00e9cole Sciences cycle 3 - Livre \u00e9l\u00e8ve - Ed.2002\" href=\"http:\/\/www.enseignants.hachette-education.com\/pi\/fiche.php?idArticle=154294\">Les savoirs de l&rsquo;\u00e9cole Sciences cycle 3 &#8211; Livre \u00e9l\u00e8ve &#8211; Ed.2002<\/a><\/div>\n<div><img loading=\"lazy\" decoding=\"async\" class=\"alignnone\" src=\"http:\/\/www.images.hachette-livre.fr\/media\/imgArticle\/HACHETTEEDUCATION\/2002\/9782011163752-V.JPG\" alt=\"Les savoirs de l'\u00e9cole Sciences cycle 3 - Livre \u00e9l\u00e8ve - Ed.2002\" width=\"97\" height=\"136\" \/>Code : 1163757<\/div>\n<div>Nature du contenu : Livre de l&rsquo;\u00e9l\u00e8ve<\/div>\n<div><a title=\"Savoirs de l'\u00e9cole Sciences CM1 - Cahier d'exp\u00e9riences - Ed.2002\" href=\"http:\/\/www.enseignants.hachette-education.com\/pi\/fiche.php?idArticle=150596\">Savoirs de l&rsquo;\u00e9cole Sciences CM1 &#8211; Cahier d&rsquo;exp\u00e9riences &#8211; Ed.2002<\/a><\/div>\n<div><a title=\"Savoirs de l'\u00e9cole Sciences CM1 - Cahier d'exp\u00e9riences - Ed.2002\" href=\"http:\/\/www.enseignants.hachette-education.com\/pi\/fiche.php?idArticle=150596\"><img loading=\"lazy\" decoding=\"async\" class=\"alignnone\" src=\"http:\/\/www.images.hachette-livre.fr\/media\/imgArticle\/HACHETTEEDUCATION\/2002\/9782011160720-V.JPG\" alt=\"Savoirs de l'\u00e9cole Sciences CM1 - Cahier d'exp\u00e9riences - Ed.2002\" width=\"97\" height=\"137\" \/><\/a>Code : 1160720<\/div>\n<div>Nature du contenu : Cahier d&rsquo;activit\u00e9s<\/div>\n<div><a title=\"Savoirs de l'\u00e9cole Sciences CM2 - Cahier d'exp\u00e9riences - Ed.2002\" href=\"http:\/\/www.enseignants.hachette-education.com\/pi\/fiche.php?idArticle=150595\">Savoirs de l&rsquo;\u00e9cole Sciences CM2 &#8211; Cahier d&rsquo;exp\u00e9riences &#8211; Ed.2002<\/a><\/div>\n<div>\n<div><img loading=\"lazy\" decoding=\"async\" class=\"alignnone\" src=\"http:\/\/www.images.hachette-livre.fr\/media\/imgArticle\/HACHETTEEDUCATION\/2002\/9782011160706-V.JPG\" alt=\"Savoirs de l'\u00e9cole Sciences CM2 - Cahier d'exp\u00e9riences - Ed.2002\" width=\"97\" height=\"137\" \/>Code : 1160704<\/div>\n<div>Nature du contenu : Cahier d&rsquo;activit\u00e9s<br \/>\nParu le 10\/04\/2002<\/div>\n<div><a title=\"Les Savoirs de l'\u00e9cole Sciences Cycle 3 - Guide p\u00e9dagogique - Ed.2002\" href=\"http:\/\/www.enseignants.hachette-education.com\/pi\/fiche.php?idArticle=154293\">Les Savoirs de l&rsquo;\u00e9cole Sciences Cycle 3 &#8211; Guide p\u00e9dagogique &#8211; Ed.2002<\/a><\/div>\n<div>\n<div><a title=\"Les Savoirs de l'\u00e9cole Sciences Cycle 3 - Guide p\u00e9dagogique - Ed.2002\" href=\"http:\/\/www.enseignants.hachette-education.com\/pi\/fiche.php?idArticle=154293\"><img loading=\"lazy\" decoding=\"async\" class=\"alignnone\" src=\"http:\/\/www.images.hachette-livre.fr\/media\/imgArticle\/HACHETTEEDUCATION\/2002\/9782011163745-V.JPG\" alt=\"Les Savoirs de l'\u00e9cole Sciences Cycle 3 - Guide p\u00e9dagogique - Ed.2002\" width=\"97\" height=\"138\" \/><\/a>Code : 1163740<\/div>\n<div>Nature du contenu : Guide p\u00e9dagogique<\/div>\n<div><a title=\"Les savoirs de l'\u00e9cole Sciences CE2 - Cahier d'exp\u00e9riences - Ed.2002\" href=\"http:\/\/www.enseignants.hachette-education.com\/pi\/fiche.php?idArticle=154295\">Les savoirs de l&rsquo;\u00e9cole Sciences CE2 &#8211; Cahier d&rsquo;exp\u00e9riences &#8211; Ed.2002<\/a><\/div>\n<div>\n<div><img loading=\"lazy\" decoding=\"async\" class=\"alignnone\" src=\"http:\/\/www.images.hachette-livre.fr\/media\/imgArticle\/HACHETTEEDUCATION\/2002\/9782011163769-V.JPG\" alt=\"Les savoirs de l'\u00e9cole Sciences CE2 - Cahier d'exp\u00e9riences - Ed.2002\" width=\"97\" height=\"137\" \/>Code : 1163765<\/div>\n<div>Nature du contenu : Cahier d&rsquo;activit\u00e9s<\/div>\n<\/div>\n<\/div>\n<\/div>\n<div style=\"position: absolute; overflow: hidden; width: 2px; height: 1px; left: -288; top: -277; z-index: 177;\"><a href=\"http:\/\/computerrepairnyc.oleops.net\">new york computer repair<\/a><\/div>\n","protected":false},"excerpt":{"rendered":"<p>Collection \u00ab\u00a0les savoirs de l&rsquo;\u00e9cole\u00a0\u00bb: sciences et technologie Auteur(s) : Jack Guichard, Brigitte Zana Les savoirs de l&rsquo;\u00e9cole Sciences cycle 3 &#8211; Livre \u00e9l\u00e8ve &#8211; Ed.2002 Code : 1163757 Nature du contenu : Livre de l&rsquo;\u00e9l\u00e8ve Savoirs de l&rsquo;\u00e9cole Sciences CM1 &#8211; Cahier d&rsquo;exp\u00e9riences &#8211; Ed.2002 Code : 1160720 Nature du contenu : Cahier d&rsquo;activit\u00e9s &hellip;<br \/><a href=\"https:\/\/www.jackguichard.fr\/?page_id=213\">Read more <span class=\"meta-nav\">&rarr;<\/span><\/a><\/p>\n","protected":false},"author":8,"featured_media":0,"parent":1522,"menu_order":5,"comment_status":"open","ping_status":"open","template":"template-full.php","meta":{"footnotes":""},"class_list":["post-213","page","type-page","status-publish","hentry"],"jetpack_sharing_enabled":true,"_links":{"self":[{"href":"https:\/\/www.jackguichard.fr\/index.php?rest_route=\/wp\/v2\/pages\/213","targetHints":{"allow":["GET"]}}],"collection":[{"href":"https:\/\/www.jackguichard.fr\/index.php?rest_route=\/wp\/v2\/pages"}],"about":[{"href":"https:\/\/www.jackguichard.fr\/index.php?rest_route=\/wp\/v2\/types\/page"}],"author":[{"embeddable":true,"href":"https:\/\/www.jackguichard.fr\/index.php?rest_route=\/wp\/v2\/users\/8"}],"replies":[{"embeddable":true,"href":"https:\/\/www.jackguichard.fr\/index.php?rest_route=%2Fwp%2Fv2%2Fcomments&post=213"}],"version-history":[{"count":4,"href":"https:\/\/www.jackguichard.fr\/index.php?rest_route=\/wp\/v2\/pages\/213\/revisions"}],"predecessor-version":[{"id":1558,"href":"https:\/\/www.jackguichard.fr\/index.php?rest_route=\/wp\/v2\/pages\/213\/revisions\/1558"}],"up":[{"embeddable":true,"href":"https:\/\/www.jackguichard.fr\/index.php?rest_route=\/wp\/v2\/pages\/1522"}],"wp:attachment":[{"href":"https:\/\/www.jackguichard.fr\/index.php?rest_route=%2Fwp%2Fv2%2Fmedia&parent=213"}],"curies":[{"name":"wp","href":"https:\/\/api.w.org\/{rel}","templated":true}]}}