{"id":2131,"date":"2020-05-30T10:35:27","date_gmt":"2020-05-30T08:35:27","guid":{"rendered":"http:\/\/jackguichard.fr\/?page_id=2131"},"modified":"2020-08-04T09:40:19","modified_gmt":"2020-08-04T07:40:19","slug":"la-science-est-dans-leau","status":"publish","type":"page","link":"https:\/\/www.jackguichard.fr\/?page_id=2131","title":{"rendered":"La science est dans&#8230; l&rsquo;eau"},"content":{"rendered":"\n<figure class=\"wp-block-image\"><img loading=\"lazy\" decoding=\"async\" width=\"800\" height=\"899\" src=\"http:\/\/jackguichard.fr\/wp-content\/uploads\/2020\/05\/image-1.jpeg\" alt=\"\" class=\"wp-image-2098\" srcset=\"https:\/\/www.jackguichard.fr\/wp-content\/uploads\/2020\/05\/image-1.jpeg 800w, https:\/\/www.jackguichard.fr\/wp-content\/uploads\/2020\/05\/image-1-267x300.jpeg 267w, https:\/\/www.jackguichard.fr\/wp-content\/uploads\/2020\/05\/image-1-768x863.jpeg 768w\" sizes=\"auto, (max-width: 800px) 100vw, 800px\" \/><\/figure>\n\n\n\n<p>10 exp\u00e9riences faciles \u00e0 faire \u00e0 la maison &#8211; D\u00e8s 4 ans<\/p>\n\n\n\n<p>Collection :&nbsp;<a href=\"http:\/\/www.nathan.fr\/catalogue\/resultat.asp?entite=NATHAN%20Jeunesse&amp;ordre=date_parution&amp;x=47&amp;y=3&amp;collection=97480\">La science est dans &#8230;<\/a><br>Auteur :&nbsp;<a href=\"https:\/\/www.nathan.fr\/catalogue\/fiche-produit.asp?ean13=9782092591697#rubrique_auteurs104530\">C. Jugla<\/a>,&nbsp;<a href=\"https:\/\/www.nathan.fr\/catalogue\/fiche-produit.asp?ean13=9782092591697#rubrique_auteurs538456\">J. Guichard<\/a><br>Illustrateur :&nbsp;<a href=\"https:\/\/www.nathan.fr\/catalogue\/fiche-produit.asp?ean13=9782092591697#rubrique_auteurs430916\">L. Simon<\/a><strong>10 exp\u00e9riences faciles et amusantes avec\u2026 l&rsquo;eau !<\/strong>La collection qui permet aux plus jeunes de d\u00e9velopper leur esprit curieux et scientifique.<br>Au programme: d\u00e9vier un jet d\u2019eau et d\u00e9couvrir l\u2019\u00e9lectrisation, r\u00e9aliser un nuage de pluie et comprendre la condensation, faire flotter de la p\u00e2te \u00e0 modeler gr\u00e2ce \u00e0 la pouss\u00e9e d\u2019Archim\u00e8de, former des gouttes et jouer avec la perm\u00e9abilit\u00e9\u2026<\/p>\n\n\n\n<p><strong>10 exp\u00e9riences simples et \u00e9tonnantes autour de l&rsquo;eau pour d\u00e9couvrir de grands principes scientifiques.<\/strong><\/p>\n\n\n\n<p>Livre d&rsquo;exp\u00e9riences scientifique d\u00e8s 4 ans<br><strong>7,95&nbsp;\u20ac<\/strong><br>32 Pages<br>Nouveaut\u00e9 \u00e0 paraitre le 01\/06\/2020<br>ISBN&nbsp;:&nbsp;978-2-09-259169-7<\/p>\n","protected":false},"excerpt":{"rendered":"<p>10 exp\u00e9riences faciles \u00e0 faire \u00e0 la maison &#8211; D\u00e8s 4 ans Collection :&nbsp;La science est dans &#8230;Auteur :&nbsp;C. Jugla,&nbsp;J. GuichardIllustrateur :&nbsp;L. Simon10 exp\u00e9riences faciles et amusantes avec\u2026 l&rsquo;eau !La collection qui permet aux plus jeunes de d\u00e9velopper leur esprit curieux et scientifique.Au programme: d\u00e9vier un jet d\u2019eau et d\u00e9couvrir l\u2019\u00e9lectrisation, r\u00e9aliser un nuage de &hellip;<br \/><a href=\"https:\/\/www.jackguichard.fr\/?page_id=2131\">Read more <span class=\"meta-nav\">&rarr;<\/span><\/a><\/p>\n","protected":false},"author":8,"featured_media":0,"parent":2148,"menu_order":0,"comment_status":"closed","ping_status":"closed","template":"template-full.php","meta":{"footnotes":""},"class_list":["post-2131","page","type-page","status-publish","hentry"],"jetpack_sharing_enabled":true,"_links":{"self":[{"href":"https:\/\/www.jackguichard.fr\/index.php?rest_route=\/wp\/v2\/pages\/2131","targetHints":{"allow":["GET"]}}],"collection":[{"href":"https:\/\/www.jackguichard.fr\/index.php?rest_route=\/wp\/v2\/pages"}],"about":[{"href":"https:\/\/www.jackguichard.fr\/index.php?rest_route=\/wp\/v2\/types\/page"}],"author":[{"embeddable":true,"href":"https:\/\/www.jackguichard.fr\/index.php?rest_route=\/wp\/v2\/users\/8"}],"replies":[{"embeddable":true,"href":"https:\/\/www.jackguichard.fr\/index.php?rest_route=%2Fwp%2Fv2%2Fcomments&post=2131"}],"version-history":[{"count":2,"href":"https:\/\/www.jackguichard.fr\/index.php?rest_route=\/wp\/v2\/pages\/2131\/revisions"}],"predecessor-version":[{"id":2134,"href":"https:\/\/www.jackguichard.fr\/index.php?rest_route=\/wp\/v2\/pages\/2131\/revisions\/2134"}],"up":[{"embeddable":true,"href":"https:\/\/www.jackguichard.fr\/index.php?rest_route=\/wp\/v2\/pages\/2148"}],"wp:attachment":[{"href":"https:\/\/www.jackguichard.fr\/index.php?rest_route=%2Fwp%2Fv2%2Fmedia&parent=2131"}],"curies":[{"name":"wp","href":"https:\/\/api.w.org\/{rel}","templated":true}]}}