{"id":2136,"date":"2020-06-30T12:00:32","date_gmt":"2020-06-30T10:00:32","guid":{"rendered":"http:\/\/jackguichard.fr\/?page_id=2136"},"modified":"2020-10-29T16:32:48","modified_gmt":"2020-10-29T15:32:48","slug":"histoire-du-talmondais","status":"publish","type":"page","link":"https:\/\/www.jackguichard.fr\/?page_id=2136","title":{"rendered":"Histoire du Talmondais"},"content":{"rendered":"\n<p>Plus de 5000 ans d&rsquo;histoire<\/p>\n\n\n\n<p>Vous avez aim\u00e9 d\u00e9couvrir l\u2019an dernier \u00ab&nbsp;le littoral talmondais&nbsp;\u00bb, vous allez adorer \u00ab&nbsp;le Talmondais, plus de 5000 ans d\u2019histoire&nbsp;\u00bb. Liliane Richard et son association \u00ab&nbsp;les amis du ch\u00e2teau et du patrimoine talmondais&nbsp;\u00bb renouvelle l\u2019exp\u00e9rience du livre pr\u00e9c\u00e9dent qui a s\u00e9duit 2500 lecteurs. Sur 68 pages, Jack Guichard nous fait revivre, avec des photographies et des documents uniques cr\u00e9\u00e9s et superbement mis en page par Johny Lenormand, l\u2019histoire de Talmont et du territoire de \u00ab&nbsp;Vend\u00e9e Grand Littoral&nbsp;\u00bb.<\/p>\n\n\n\n<p>Vous y d\u00e9couvrirez que le Talmondais fut le Carnac vend\u00e9en 4000 ans avant-J-C, lle n\u0153ud commercial du Poitou par ses ports et ses chemins depuis les gaulois jusqu&rsquo;au XVIe si\u00e8cle, un fief de Richard C\u0153ur de Lion, le pourvoyeur de l\u2019or blanc des abbayes.&nbsp;<br>Le Talmondais est une fronti\u00e8re naturelle entre le massif armoricain avec son bocage au nord-ouest et la plaine calcaire du bassin aquitain avec son grenier \u00e0 bl\u00e9\u0301 au sud-est. Il est situ\u00e9 sur la ligne de d\u00e9marcation entre les pays celtes et le Golfe des Pictons, une zone tampon entre catholiques et protestants, le th\u00e9\u00e2tre de conflits entre les royalistes du bocage et les r\u00e9volutionnaires de la c\u00f4te, une confrontation entre activit\u00e9s agricole et touristique depuis pr\u00e8s d\u2019un si\u00e8cle.&nbsp;<\/p>\n\n\n\n<p>Avec un nouvel \u00e9clairage sur plus d\u2019une cinquantaine de lieux historiques du territoire talmondais, de Talmont \u00e0 Saint-Benoist, en passant par Jard, Avrill\u00e9 et Moutiers et bien d\u2019autres communes, vous pourrez revivre plus de 5000 ans l\u2019histoire et comprendre comment ce pays a \u00e9volu\u00e9 contre vents et mar\u00e9es, de son importance int\u00e9r\u00eat \u00e0 l\u2019\u00e9poque m\u00e9galithique \u00e0 son ouverture au tourisme depuis un si\u00e8cle, sans oublier son int\u00e9r\u00eat strat\u00e9gique et \u00e9conomique au Moyen-\u00e2ge \u00e0 l\u2019\u00e9poque de Richard C\u0153ur de Lion.<\/p>\n\n\n\n<figure class=\"wp-block-image\"><img loading=\"lazy\" decoding=\"async\" width=\"768\" height=\"1024\" src=\"http:\/\/jackguichard.fr\/wp-content\/uploads\/2020\/06\/talmondaisred-768x1024.jpg\" alt=\"\" class=\"wp-image-2137\" srcset=\"https:\/\/www.jackguichard.fr\/wp-content\/uploads\/2020\/06\/talmondaisred-768x1024.jpg 768w, https:\/\/www.jackguichard.fr\/wp-content\/uploads\/2020\/06\/talmondaisred-225x300.jpg 225w\" sizes=\"auto, (max-width: 768px) 100vw, 768px\" \/><\/figure>\n\n\n\n<figure class=\"wp-block-image\"><img loading=\"lazy\" decoding=\"async\" width=\"885\" height=\"1024\" src=\"http:\/\/jackguichard.fr\/wp-content\/uploads\/2020\/10\/IMG_0752-885x1024.jpeg\" alt=\"\" class=\"wp-image-2172\" srcset=\"https:\/\/www.jackguichard.fr\/wp-content\/uploads\/2020\/10\/IMG_0752-885x1024.jpeg 885w, https:\/\/www.jackguichard.fr\/wp-content\/uploads\/2020\/10\/IMG_0752-259x300.jpeg 259w, https:\/\/www.jackguichard.fr\/wp-content\/uploads\/2020\/10\/IMG_0752-768x889.jpeg 768w\" sizes=\"auto, (max-width: 885px) 100vw, 885px\" \/><\/figure>\n\n\n\n<figure class=\"wp-block-image\"><img loading=\"lazy\" decoding=\"async\" width=\"740\" height=\"1024\" src=\"http:\/\/jackguichard.fr\/wp-content\/uploads\/2020\/10\/ouestfranceconf5000ans-740x1024.jpeg\" alt=\"\" class=\"wp-image-2173\" srcset=\"https:\/\/www.jackguichard.fr\/wp-content\/uploads\/2020\/10\/ouestfranceconf5000ans-740x1024.jpeg 740w, https:\/\/www.jackguichard.fr\/wp-content\/uploads\/2020\/10\/ouestfranceconf5000ans-217x300.jpeg 217w, https:\/\/www.jackguichard.fr\/wp-content\/uploads\/2020\/10\/ouestfranceconf5000ans-768x1063.jpeg 768w, https:\/\/www.jackguichard.fr\/wp-content\/uploads\/2020\/10\/ouestfranceconf5000ans.jpeg 956w\" sizes=\"auto, (max-width: 740px) 100vw, 740px\" \/><\/figure>\n","protected":false},"excerpt":{"rendered":"<p>Plus de 5000 ans d&rsquo;histoire Vous avez aim\u00e9 d\u00e9couvrir l\u2019an dernier \u00ab&nbsp;le littoral talmondais&nbsp;\u00bb, vous allez adorer \u00ab&nbsp;le Talmondais, plus de 5000 ans d\u2019histoire&nbsp;\u00bb. Liliane Richard et son association \u00ab&nbsp;les amis du ch\u00e2teau et du patrimoine talmondais&nbsp;\u00bb renouvelle l\u2019exp\u00e9rience du livre pr\u00e9c\u00e9dent qui a s\u00e9duit 2500 lecteurs. Sur 68 pages, Jack Guichard nous fait revivre, &hellip;<br \/><a href=\"https:\/\/www.jackguichard.fr\/?page_id=2136\">Read more <span class=\"meta-nav\">&rarr;<\/span><\/a><\/p>\n","protected":false},"author":8,"featured_media":0,"parent":1697,"menu_order":0,"comment_status":"closed","ping_status":"closed","template":"template-full.php","meta":{"footnotes":""},"class_list":["post-2136","page","type-page","status-publish","hentry"],"jetpack_sharing_enabled":true,"_links":{"self":[{"href":"https:\/\/www.jackguichard.fr\/index.php?rest_route=\/wp\/v2\/pages\/2136","targetHints":{"allow":["GET"]}}],"collection":[{"href":"https:\/\/www.jackguichard.fr\/index.php?rest_route=\/wp\/v2\/pages"}],"about":[{"href":"https:\/\/www.jackguichard.fr\/index.php?rest_route=\/wp\/v2\/types\/page"}],"author":[{"embeddable":true,"href":"https:\/\/www.jackguichard.fr\/index.php?rest_route=\/wp\/v2\/users\/8"}],"replies":[{"embeddable":true,"href":"https:\/\/www.jackguichard.fr\/index.php?rest_route=%2Fwp%2Fv2%2Fcomments&post=2136"}],"version-history":[{"count":3,"href":"https:\/\/www.jackguichard.fr\/index.php?rest_route=\/wp\/v2\/pages\/2136\/revisions"}],"predecessor-version":[{"id":2174,"href":"https:\/\/www.jackguichard.fr\/index.php?rest_route=\/wp\/v2\/pages\/2136\/revisions\/2174"}],"up":[{"embeddable":true,"href":"https:\/\/www.jackguichard.fr\/index.php?rest_route=\/wp\/v2\/pages\/1697"}],"wp:attachment":[{"href":"https:\/\/www.jackguichard.fr\/index.php?rest_route=%2Fwp%2Fv2%2Fmedia&parent=2136"}],"curies":[{"name":"wp","href":"https:\/\/api.w.org\/{rel}","templated":true}]}}