{"id":2148,"date":"2020-08-04T09:29:51","date_gmt":"2020-08-04T07:29:51","guid":{"rendered":"http:\/\/jackguichard.fr\/?page_id=2148"},"modified":"2022-01-03T12:01:13","modified_gmt":"2022-01-03T11:01:13","slug":"la-science-est-dans-leau-le-papier","status":"publish","type":"page","link":"https:\/\/www.jackguichard.fr\/?page_id=2148","title":{"rendered":"La science est dans&#8230;"},"content":{"rendered":"\n<p>Une nouvelle collection pour les enfants aux&nbsp;<strong>Editions Nathan<\/strong><\/p>\n\n\n\n<p><strong>C\u00e9cile Jugla, Jack Guichard<\/strong>, Illustr\u00e9 par&nbsp;<strong>Laurent Simon<\/strong><br>32 pages<\/p>\n\n\n\n<figure class=\"wp-block-image\"><img loading=\"lazy\" decoding=\"async\" width=\"789\" height=\"920\" src=\"http:\/\/jackguichard.fr\/wp-content\/uploads\/2020\/10\/journaldetalmont-oct2020.jpeg\" alt=\"\" class=\"wp-image-2162\" srcset=\"https:\/\/www.jackguichard.fr\/wp-content\/uploads\/2020\/10\/journaldetalmont-oct2020.jpeg 789w, https:\/\/www.jackguichard.fr\/wp-content\/uploads\/2020\/10\/journaldetalmont-oct2020-257x300.jpeg 257w, https:\/\/www.jackguichard.fr\/wp-content\/uploads\/2020\/10\/journaldetalmont-oct2020-768x896.jpeg 768w\" sizes=\"auto, (max-width: 789px) 100vw, 789px\" \/><\/figure>\n\n\n\n<figure class=\"wp-block-image\"><img loading=\"lazy\" decoding=\"async\" width=\"577\" height=\"1024\" src=\"http:\/\/jackguichard.fr\/wp-content\/uploads\/2020\/10\/IMG_1087-577x1024.png\" alt=\"\" class=\"wp-image-2161\" srcset=\"https:\/\/www.jackguichard.fr\/wp-content\/uploads\/2020\/10\/IMG_1087-577x1024.png 577w, https:\/\/www.jackguichard.fr\/wp-content\/uploads\/2020\/10\/IMG_1087-169x300.png 169w, https:\/\/www.jackguichard.fr\/wp-content\/uploads\/2020\/10\/IMG_1087.png 640w\" sizes=\"auto, (max-width: 577px) 100vw, 577px\" \/><\/figure>\n\n\n\n<figure class=\"wp-block-image\"><img loading=\"lazy\" decoding=\"async\" width=\"1981\" height=\"1210\" src=\"http:\/\/jackguichard.fr\/wp-content\/uploads\/2020\/08\/ouestfrance04082020red.jpg\" alt=\"\" class=\"wp-image-2149\" srcset=\"https:\/\/www.jackguichard.fr\/wp-content\/uploads\/2020\/08\/ouestfrance04082020red.jpg 1981w, https:\/\/www.jackguichard.fr\/wp-content\/uploads\/2020\/08\/ouestfrance04082020red-300x183.jpg 300w, https:\/\/www.jackguichard.fr\/wp-content\/uploads\/2020\/08\/ouestfrance04082020red-768x469.jpg 768w, https:\/\/www.jackguichard.fr\/wp-content\/uploads\/2020\/08\/ouestfrance04082020red-1024x625.jpg 1024w\" sizes=\"auto, (max-width: 1981px) 100vw, 1981px\" \/><figcaption>OUEST-FRANCE mardi 4 aout 2020<\/figcaption><\/figure>\n\n\n\n<p>et des versions \u00e9trang\u00e8res: en espagnol, italien, allemand, n\u00e9erlandais, anglais<\/p>\n\n\n\n<figure class=\"wp-block-image\"><img loading=\"lazy\" decoding=\"async\" width=\"1024\" height=\"1024\" src=\"http:\/\/jackguichard.fr\/wp-content\/uploads\/2020\/10\/IMG_0696-1024x1024.jpeg\" alt=\"\" class=\"wp-image-2164\" srcset=\"https:\/\/www.jackguichard.fr\/wp-content\/uploads\/2020\/10\/IMG_0696-1024x1024.jpeg 1024w, https:\/\/www.jackguichard.fr\/wp-content\/uploads\/2020\/10\/IMG_0696-150x150.jpeg 150w, https:\/\/www.jackguichard.fr\/wp-content\/uploads\/2020\/10\/IMG_0696-300x300.jpeg 300w, https:\/\/www.jackguichard.fr\/wp-content\/uploads\/2020\/10\/IMG_0696-768x768.jpeg 768w\" sizes=\"auto, (max-width: 1024px) 100vw, 1024px\" \/><\/figure>\n\n\n\n<ul class=\"wp-block-gallery columns-3 is-cropped wp-block-gallery-1 is-layout-flex wp-block-gallery-is-layout-flex\"><li class=\"blocks-gallery-item\"><figure><img loading=\"lazy\" decoding=\"async\" width=\"194\" height=\"218\" src=\"http:\/\/jackguichard.fr\/wp-content\/uploads\/2020\/12\/51fOdZrIgBL._AC_UY218_.jpg\" alt=\"\" data-id=\"2190\" class=\"wp-image-2190\"\/><\/figure><\/li><li class=\"blocks-gallery-item\"><figure><img loading=\"lazy\" decoding=\"async\" width=\"225\" height=\"225\" src=\"http:\/\/jackguichard.fr\/wp-content\/uploads\/2020\/12\/images-1.jpeg\" alt=\"\" data-id=\"2194\" data-link=\"http:\/\/jackguichard.fr\/?attachment_id=2194\" class=\"wp-image-2194\" srcset=\"https:\/\/www.jackguichard.fr\/wp-content\/uploads\/2020\/12\/images-1.jpeg 225w, https:\/\/www.jackguichard.fr\/wp-content\/uploads\/2020\/12\/images-1-150x150.jpeg 150w\" sizes=\"auto, (max-width: 225px) 100vw, 225px\" \/><\/figure><\/li><li class=\"blocks-gallery-item\"><figure><img loading=\"lazy\" decoding=\"async\" width=\"225\" height=\"225\" src=\"http:\/\/jackguichard.fr\/wp-content\/uploads\/2020\/12\/Unknown-1.jpeg\" alt=\"\" data-id=\"2195\" data-link=\"http:\/\/jackguichard.fr\/?attachment_id=2195\" class=\"wp-image-2195\" srcset=\"https:\/\/www.jackguichard.fr\/wp-content\/uploads\/2020\/12\/Unknown-1.jpeg 225w, https:\/\/www.jackguichard.fr\/wp-content\/uploads\/2020\/12\/Unknown-1-150x150.jpeg 150w\" sizes=\"auto, (max-width: 225px) 100vw, 225px\" \/><\/figure><\/li><li class=\"blocks-gallery-item\"><figure><img loading=\"lazy\" decoding=\"async\" width=\"178\" height=\"200\" src=\"http:\/\/jackguichard.fr\/wp-content\/uploads\/2020\/12\/9789044838008-178-0.jpg\" alt=\"\" data-id=\"2196\" data-link=\"http:\/\/jackguichard.fr\/?attachment_id=2196\" class=\"wp-image-2196\"\/><\/figure><\/li><li class=\"blocks-gallery-item\"><figure><img loading=\"lazy\" decoding=\"async\" width=\"624\" height=\"716\" src=\"http:\/\/jackguichard.fr\/wp-content\/uploads\/2020\/12\/IMG_1609.png\" alt=\"\" data-id=\"2198\" data-link=\"http:\/\/jackguichard.fr\/?attachment_id=2198\" class=\"wp-image-2198\" srcset=\"https:\/\/www.jackguichard.fr\/wp-content\/uploads\/2020\/12\/IMG_1609.png 624w, https:\/\/www.jackguichard.fr\/wp-content\/uploads\/2020\/12\/IMG_1609-261x300.png 261w\" sizes=\"auto, (max-width: 624px) 100vw, 624px\" \/><\/figure><\/li><li class=\"blocks-gallery-item\"><figure><img loading=\"lazy\" decoding=\"async\" width=\"603\" height=\"675\" src=\"http:\/\/jackguichard.fr\/wp-content\/uploads\/2020\/12\/IMG_1618.png\" alt=\"\" data-id=\"2199\" data-link=\"http:\/\/jackguichard.fr\/?attachment_id=2199\" class=\"wp-image-2199\" srcset=\"https:\/\/www.jackguichard.fr\/wp-content\/uploads\/2020\/12\/IMG_1618.png 603w, https:\/\/www.jackguichard.fr\/wp-content\/uploads\/2020\/12\/IMG_1618-268x300.png 268w\" sizes=\"auto, (max-width: 603px) 100vw, 603px\" \/><\/figure><\/li><li class=\"blocks-gallery-item\"><figure><img loading=\"lazy\" decoding=\"async\" width=\"441\" height=\"500\" src=\"http:\/\/jackguichard.fr\/wp-content\/uploads\/2020\/12\/41mXxlW3OPL-1.jpg\" alt=\"\" data-id=\"2200\" data-link=\"http:\/\/jackguichard.fr\/?attachment_id=2200\" class=\"wp-image-2200\" srcset=\"https:\/\/www.jackguichard.fr\/wp-content\/uploads\/2020\/12\/41mXxlW3OPL-1.jpg 441w, https:\/\/www.jackguichard.fr\/wp-content\/uploads\/2020\/12\/41mXxlW3OPL-1-265x300.jpg 265w\" sizes=\"auto, (max-width: 441px) 100vw, 441px\" \/><\/figure><\/li><li class=\"blocks-gallery-item\"><figure><img loading=\"lazy\" decoding=\"async\" width=\"340\" height=\"340\" src=\"http:\/\/jackguichard.fr\/wp-content\/uploads\/2021\/09\/De-wetenschap-van-de-suiker.jpg\" alt=\"\" data-id=\"2359\" data-link=\"http:\/\/jackguichard.fr\/?attachment_id=2359\" class=\"wp-image-2359\" srcset=\"https:\/\/www.jackguichard.fr\/wp-content\/uploads\/2021\/09\/De-wetenschap-van-de-suiker.jpg 340w, https:\/\/www.jackguichard.fr\/wp-content\/uploads\/2021\/09\/De-wetenschap-van-de-suiker-150x150.jpg 150w, https:\/\/www.jackguichard.fr\/wp-content\/uploads\/2021\/09\/De-wetenschap-van-de-suiker-300x300.jpg 300w\" sizes=\"auto, (max-width: 340px) 100vw, 340px\" \/><\/figure><\/li><\/ul>\n\n\n\n<div class=\"wp-block-image\"><figure class=\"alignleft\"><img loading=\"lazy\" decoding=\"async\" width=\"267\" height=\"300\" src=\"http:\/\/jackguichard.fr\/wp-content\/uploads\/2020\/05\/image-1-267x300.jpeg\" alt=\"\" class=\"wp-image-2098\" srcset=\"https:\/\/www.jackguichard.fr\/wp-content\/uploads\/2020\/05\/image-1-267x300.jpeg 267w, https:\/\/www.jackguichard.fr\/wp-content\/uploads\/2020\/05\/image-1-768x863.jpeg 768w, https:\/\/www.jackguichard.fr\/wp-content\/uploads\/2020\/05\/image-1.jpeg 800w\" sizes=\"auto, (max-width: 267px) 100vw, 267px\" \/><\/figure><\/div>\n\n\n\n<div class=\"wp-block-image\"><figure class=\"alignright\"><img loading=\"lazy\" decoding=\"async\" width=\"267\" height=\"300\" src=\"http:\/\/jackguichard.fr\/wp-content\/uploads\/2020\/05\/image-267x300.jpeg\" alt=\"\" class=\"wp-image-2096\" srcset=\"https:\/\/www.jackguichard.fr\/wp-content\/uploads\/2020\/05\/image-267x300.jpeg 267w, https:\/\/www.jackguichard.fr\/wp-content\/uploads\/2020\/05\/image-768x863.jpeg 768w, https:\/\/www.jackguichard.fr\/wp-content\/uploads\/2020\/05\/image.jpeg 800w\" sizes=\"auto, (max-width: 267px) 100vw, 267px\" \/><\/figure><\/div>\n\n\n\n<figure class=\"wp-block-image\"><img loading=\"lazy\" decoding=\"async\" width=\"267\" height=\"300\" src=\"http:\/\/jackguichard.fr\/wp-content\/uploads\/2019\/10\/9782092587942-4-267x300.jpg\" alt=\"\" class=\"wp-image-1990\" srcset=\"https:\/\/www.jackguichard.fr\/wp-content\/uploads\/2019\/10\/9782092587942-4-267x300.jpg 267w, https:\/\/www.jackguichard.fr\/wp-content\/uploads\/2019\/10\/9782092587942-4-768x863.jpg 768w, https:\/\/www.jackguichard.fr\/wp-content\/uploads\/2019\/10\/9782092587942-4.jpg 800w\" sizes=\"auto, (max-width: 267px) 100vw, 267px\" \/><\/figure>\n\n\n\n<figure class=\"wp-block-image\"><img loading=\"lazy\" decoding=\"async\" width=\"267\" height=\"300\" src=\"http:\/\/jackguichard.fr\/wp-content\/uploads\/2019\/10\/41fMko3WchL._SX443_BO1204203200_-267x300.jpg\" alt=\"\" class=\"wp-image-1971\" srcset=\"https:\/\/www.jackguichard.fr\/wp-content\/uploads\/2019\/10\/41fMko3WchL._SX443_BO1204203200_-267x300.jpg 267w, https:\/\/www.jackguichard.fr\/wp-content\/uploads\/2019\/10\/41fMko3WchL._SX443_BO1204203200_.jpg 445w\" sizes=\"auto, (max-width: 267px) 100vw, 267px\" \/><\/figure>\n\n\n\n<figure class=\"wp-block-image\"><img loading=\"lazy\" decoding=\"async\" width=\"1024\" height=\"768\" src=\"http:\/\/jackguichard.fr\/wp-content\/uploads\/2020\/10\/IMG_0633-1024x768.jpeg\" alt=\"\" class=\"wp-image-2166\" srcset=\"https:\/\/www.jackguichard.fr\/wp-content\/uploads\/2020\/10\/IMG_0633-1024x768.jpeg 1024w, https:\/\/www.jackguichard.fr\/wp-content\/uploads\/2020\/10\/IMG_0633-300x225.jpeg 300w, https:\/\/www.jackguichard.fr\/wp-content\/uploads\/2020\/10\/IMG_0633-768x576.jpeg 768w\" sizes=\"auto, (max-width: 1024px) 100vw, 1024px\" \/><\/figure>\n\n\n\n<div class=\"wp-block-image\"><figure class=\"alignleft\"><img loading=\"lazy\" decoding=\"async\" width=\"267\" height=\"300\" src=\"http:\/\/jackguichard.fr\/wp-content\/uploads\/2021\/04\/009048522-1-267x300.jpg\" alt=\"\" class=\"wp-image-2229\" srcset=\"https:\/\/www.jackguichard.fr\/wp-content\/uploads\/2021\/04\/009048522-1-267x300.jpg 267w, https:\/\/www.jackguichard.fr\/wp-content\/uploads\/2021\/04\/009048522-1.jpg 351w\" sizes=\"auto, (max-width: 267px) 100vw, 267px\" \/><\/figure><\/div>\n\n\n\n<figure class=\"wp-block-image\"><img loading=\"lazy\" decoding=\"async\" width=\"267\" height=\"300\" src=\"http:\/\/jackguichard.fr\/wp-content\/uploads\/2021\/04\/009048535-267x300.jpg\" alt=\"\" class=\"wp-image-2227\" srcset=\"https:\/\/www.jackguichard.fr\/wp-content\/uploads\/2021\/04\/009048535-267x300.jpg 267w, https:\/\/www.jackguichard.fr\/wp-content\/uploads\/2021\/04\/009048535.jpg 351w\" sizes=\"auto, (max-width: 267px) 100vw, 267px\" \/><figcaption><a href=\"http:\/\/jackguichard.fr\/?page_id=2231\" target=\"_blank\" rel=\"noreferrer noopener\" aria-label=\" (s\u2019ouvre dans un nouvel onglet)\">http:\/\/jackguichard.fr\/?page_id=2231<\/a><\/figcaption><\/figure>\n\n\n\n<figure class=\"wp-block-image\"><img loading=\"lazy\" decoding=\"async\" width=\"268\" height=\"300\" src=\"http:\/\/jackguichard.fr\/wp-content\/uploads\/2022\/01\/51hGrBNdjrL-1-268x300.jpg\" alt=\"\" class=\"wp-image-2403\" srcset=\"https:\/\/www.jackguichard.fr\/wp-content\/uploads\/2022\/01\/51hGrBNdjrL-1-268x300.jpg 268w, https:\/\/www.jackguichard.fr\/wp-content\/uploads\/2022\/01\/51hGrBNdjrL-1.jpg 446w\" sizes=\"auto, (max-width: 268px) 100vw, 268px\" \/><figcaption>en allemand <\/figcaption><\/figure>\n\n\n\n<div class=\"wp-block-image\"><figure class=\"alignleft\"><img loading=\"lazy\" decoding=\"async\" width=\"264\" height=\"300\" src=\"http:\/\/jackguichard.fr\/wp-content\/uploads\/2022\/01\/41EFhV1TeJS-264x300.jpg\" alt=\"\" class=\"wp-image-2404\" srcset=\"https:\/\/www.jackguichard.fr\/wp-content\/uploads\/2022\/01\/41EFhV1TeJS-264x300.jpg 264w, https:\/\/www.jackguichard.fr\/wp-content\/uploads\/2022\/01\/41EFhV1TeJS.jpg 440w\" sizes=\"auto, (max-width: 264px) 100vw, 264px\" \/><\/figure><\/div>\n\n\n\n<div class=\"wp-block-image\"><figure class=\"aligncenter\"><img loading=\"lazy\" decoding=\"async\" width=\"439\" height=\"500\" src=\"http:\/\/jackguichard.fr\/wp-content\/uploads\/2022\/01\/41Wwku4xvpS-1.jpg\" alt=\"\" class=\"wp-image-2405\" srcset=\"https:\/\/www.jackguichard.fr\/wp-content\/uploads\/2022\/01\/41Wwku4xvpS-1.jpg 439w, https:\/\/www.jackguichard.fr\/wp-content\/uploads\/2022\/01\/41Wwku4xvpS-1-263x300.jpg 263w\" sizes=\"auto, (max-width: 439px) 100vw, 439px\" \/><\/figure><\/div>\n\n\n\n<div class=\"wp-block-image\"><figure class=\"alignleft\"><img loading=\"lazy\" decoding=\"async\" width=\"268\" height=\"300\" src=\"http:\/\/jackguichard.fr\/wp-content\/uploads\/2022\/01\/51o4qnWiQGL-268x300.jpg\" alt=\"\" class=\"wp-image-2406\" srcset=\"https:\/\/www.jackguichard.fr\/wp-content\/uploads\/2022\/01\/51o4qnWiQGL-268x300.jpg 268w, https:\/\/www.jackguichard.fr\/wp-content\/uploads\/2022\/01\/51o4qnWiQGL.jpg 446w\" sizes=\"auto, (max-width: 268px) 100vw, 268px\" \/><\/figure><\/div>\n\n\n\n<div class=\"wp-block-image\"><figure class=\"alignright\"><img loading=\"lazy\" decoding=\"async\" width=\"265\" height=\"300\" src=\"http:\/\/jackguichard.fr\/wp-content\/uploads\/2022\/01\/41mXxlW3OPL-265x300.jpg\" alt=\"\" class=\"wp-image-2407\" srcset=\"https:\/\/www.jackguichard.fr\/wp-content\/uploads\/2022\/01\/41mXxlW3OPL-265x300.jpg 265w, https:\/\/www.jackguichard.fr\/wp-content\/uploads\/2022\/01\/41mXxlW3OPL.jpg 441w\" sizes=\"auto, (max-width: 265px) 100vw, 265px\" \/><\/figure><\/div>\n\n\n\n<div class=\"wp-block-image\"><figure class=\"alignleft\"><img loading=\"lazy\" decoding=\"async\" width=\"266\" height=\"300\" src=\"http:\/\/jackguichard.fr\/wp-content\/uploads\/2022\/01\/51BvJ12b5ZS-266x300.jpg\" alt=\"\" class=\"wp-image-2408\" srcset=\"https:\/\/www.jackguichard.fr\/wp-content\/uploads\/2022\/01\/51BvJ12b5ZS-266x300.jpg 266w, https:\/\/www.jackguichard.fr\/wp-content\/uploads\/2022\/01\/51BvJ12b5ZS.jpg 444w\" sizes=\"auto, (max-width: 266px) 100vw, 266px\" \/><figcaption>en N\u00e9erlandais<\/figcaption><\/figure><\/div>\n","protected":false},"excerpt":{"rendered":"<p>Une nouvelle collection pour les enfants aux&nbsp;Editions Nathan C\u00e9cile Jugla, Jack Guichard, Illustr\u00e9 par&nbsp;Laurent Simon32 pages et des versions \u00e9trang\u00e8res: en espagnol, italien, allemand, n\u00e9erlandais, anglais<\/p>\n","protected":false},"author":8,"featured_media":0,"parent":33,"menu_order":0,"comment_status":"closed","ping_status":"closed","template":"template-full.php","meta":{"footnotes":""},"class_list":["post-2148","page","type-page","status-publish","hentry"],"jetpack_sharing_enabled":true,"_links":{"self":[{"href":"https:\/\/www.jackguichard.fr\/index.php?rest_route=\/wp\/v2\/pages\/2148","targetHints":{"allow":["GET"]}}],"collection":[{"href":"https:\/\/www.jackguichard.fr\/index.php?rest_route=\/wp\/v2\/pages"}],"about":[{"href":"https:\/\/www.jackguichard.fr\/index.php?rest_route=\/wp\/v2\/types\/page"}],"author":[{"embeddable":true,"href":"https:\/\/www.jackguichard.fr\/index.php?rest_route=\/wp\/v2\/users\/8"}],"replies":[{"embeddable":true,"href":"https:\/\/www.jackguichard.fr\/index.php?rest_route=%2Fwp%2Fv2%2Fcomments&post=2148"}],"version-history":[{"count":15,"href":"https:\/\/www.jackguichard.fr\/index.php?rest_route=\/wp\/v2\/pages\/2148\/revisions"}],"predecessor-version":[{"id":2410,"href":"https:\/\/www.jackguichard.fr\/index.php?rest_route=\/wp\/v2\/pages\/2148\/revisions\/2410"}],"up":[{"embeddable":true,"href":"https:\/\/www.jackguichard.fr\/index.php?rest_route=\/wp\/v2\/pages\/33"}],"wp:attachment":[{"href":"https:\/\/www.jackguichard.fr\/index.php?rest_route=%2Fwp%2Fv2%2Fmedia&parent=2148"}],"curies":[{"name":"wp","href":"https:\/\/api.w.org\/{rel}","templated":true}]}}