{"id":2156,"date":"2020-10-29T16:15:58","date_gmt":"2020-10-29T15:15:58","guid":{"rendered":"http:\/\/jackguichard.fr\/?page_id=2156"},"modified":"2020-10-29T16:27:00","modified_gmt":"2020-10-29T15:27:00","slug":"enigmes-coriaces-pour-esprits-sagaces","status":"publish","type":"page","link":"https:\/\/www.jackguichard.fr\/?page_id=2156","title":{"rendered":"\u00ab\u00a0Enigmes coriaces pour esprits sagaces\u00a0\u00bb"},"content":{"rendered":"\n<p>Le dernier livre de <a href=\"https:\/\/www.facebook.com\/profile.php?id=1636452862&amp;__cft__[0]=AZVFRt3XcRCGuCZF2BubY-gIAob2p147UUzorb7uriMAn41cZr5VYTAq4zq8j3skez6BTnLRx4zcQi5ZvqUrxbYbspfO19-3cxaBsO9ydreoKx-PAC1U_SYy_CJKS9nLXzI&amp;__tn__=-]K-R\">Jack Guichard<\/a>,   \u00ab\u00a0\u00c9nigmes coriaces pour esprits sagaces\u00a0\u00bb, est paru chez Larousse. Plus de 130 \u00e9nigmes coriaces pour mettre \u00e0 l&rsquo;\u00e9preuve votre logique et votre sens de la d\u00e9duction ! Amusez-vous \u00e0 r\u00e9soudre ces jeux de logique d\u00e9routants, ces casse-t\u00eate diaboliques, ces devinettes incongrues, ces myst\u00e8res de prime abord inexplicables gr\u00e2ce \u00e0 un peu d&rsquo;astuce, beaucoup de bon sens, un zeste de d\u00e9duction et un raisonnement math\u00e9matique sans faille ! Seul, entre amis ou en famille, prenez du plaisir \u00e0 vous torturer les m\u00e9ninges et \u00e0 stimuler vos neurones !<\/p>\n\n\n\n<figure class=\"wp-block-image\"><img loading=\"lazy\" decoding=\"async\" width=\"513\" height=\"640\" src=\"http:\/\/jackguichard.fr\/wp-content\/uploads\/2020\/10\/123010898_2739769889677939_3305906385786775742_n.jpg\" alt=\"\" class=\"wp-image-2159\" srcset=\"https:\/\/www.jackguichard.fr\/wp-content\/uploads\/2020\/10\/123010898_2739769889677939_3305906385786775742_n.jpg 513w, https:\/\/www.jackguichard.fr\/wp-content\/uploads\/2020\/10\/123010898_2739769889677939_3305906385786775742_n-240x300.jpg 240w\" sizes=\"auto, (max-width: 513px) 100vw, 513px\" \/><\/figure>\n","protected":false},"excerpt":{"rendered":"<p>Le dernier livre de Jack Guichard, \u00ab\u00a0\u00c9nigmes coriaces pour esprits sagaces\u00a0\u00bb, est paru chez Larousse. Plus de 130 \u00e9nigmes coriaces pour mettre \u00e0 l&rsquo;\u00e9preuve votre logique et votre sens de la d\u00e9duction ! Amusez-vous \u00e0 r\u00e9soudre ces jeux de logique d\u00e9routants, ces casse-t\u00eate diaboliques, ces devinettes incongrues, ces myst\u00e8res de prime abord inexplicables gr\u00e2ce \u00e0 &hellip;<br \/><a href=\"https:\/\/www.jackguichard.fr\/?page_id=2156\">Read more <span class=\"meta-nav\">&rarr;<\/span><\/a><\/p>\n","protected":false},"author":8,"featured_media":0,"parent":33,"menu_order":0,"comment_status":"closed","ping_status":"closed","template":"template-full.php","meta":{"footnotes":""},"class_list":["post-2156","page","type-page","status-publish","hentry"],"jetpack_sharing_enabled":true,"_links":{"self":[{"href":"https:\/\/www.jackguichard.fr\/index.php?rest_route=\/wp\/v2\/pages\/2156","targetHints":{"allow":["GET"]}}],"collection":[{"href":"https:\/\/www.jackguichard.fr\/index.php?rest_route=\/wp\/v2\/pages"}],"about":[{"href":"https:\/\/www.jackguichard.fr\/index.php?rest_route=\/wp\/v2\/types\/page"}],"author":[{"embeddable":true,"href":"https:\/\/www.jackguichard.fr\/index.php?rest_route=\/wp\/v2\/users\/8"}],"replies":[{"embeddable":true,"href":"https:\/\/www.jackguichard.fr\/index.php?rest_route=%2Fwp%2Fv2%2Fcomments&post=2156"}],"version-history":[{"count":3,"href":"https:\/\/www.jackguichard.fr\/index.php?rest_route=\/wp\/v2\/pages\/2156\/revisions"}],"predecessor-version":[{"id":2169,"href":"https:\/\/www.jackguichard.fr\/index.php?rest_route=\/wp\/v2\/pages\/2156\/revisions\/2169"}],"up":[{"embeddable":true,"href":"https:\/\/www.jackguichard.fr\/index.php?rest_route=\/wp\/v2\/pages\/33"}],"wp:attachment":[{"href":"https:\/\/www.jackguichard.fr\/index.php?rest_route=%2Fwp%2Fv2%2Fmedia&parent=2156"}],"curies":[{"name":"wp","href":"https:\/\/api.w.org\/{rel}","templated":true}]}}