{"id":2231,"date":"2021-04-02T18:08:45","date_gmt":"2021-04-02T16:08:45","guid":{"rendered":"http:\/\/jackguichard.fr\/?page_id=2231"},"modified":"2022-08-10T12:45:15","modified_gmt":"2022-08-10T10:45:15","slug":"la-science-est-dans-la-pomme-de-terre","status":"publish","type":"page","link":"https:\/\/www.jackguichard.fr\/?page_id=2231","title":{"rendered":"la science est dans la pomme de terre"},"content":{"rendered":"\n<figure class=\"wp-block-image\"><img loading=\"lazy\" decoding=\"async\" width=\"351\" height=\"395\" src=\"http:\/\/jackguichard.fr\/wp-content\/uploads\/2021\/04\/009048535-1.jpg\" alt=\"\" class=\"wp-image-2232\" srcset=\"https:\/\/www.jackguichard.fr\/wp-content\/uploads\/2021\/04\/009048535-1.jpg 351w, https:\/\/www.jackguichard.fr\/wp-content\/uploads\/2021\/04\/009048535-1-267x300.jpg 267w\" sizes=\"auto, (max-width: 351px) 100vw, 351px\" \/><\/figure>\n\n\n\n<p>NATHAN avril 2021<\/p>\n\n\n\n<p>Testez 10 exp\u00e9riences faciles et amusantes avec&#8230; une pomme de terre !<br>10 exp\u00e9riences tr\u00e8s faciles et amusantes \u00e0 faire avec une pomme de terre pour d\u00e9couvrir de grands principes scientifiques.<br>Fais tenir ta pomme de terre en \u00e9quilibre sur ton doigt<br>Fais flotter ta PDT<br>Fais de la pur\u00e9e<br>Fabrique de la f\u00e9cule<br>Solide ou liquide, la f\u00e9cule ?<br>Fais circuler de l&rsquo;eau dans ta PDT<br>Colore ta PDT en bleu<br>Fais pousser des PDT<br>Fais des chips<br>Un livre d&rsquo;exp\u00e9riences scientifiques pour les enfants d\u00e8s 4 ans.<\/p>\n\n\n\n<p><\/p>\n\n\n\n<p>voir la vid\u00e9o sur TV3P : <a href=\"http:\/\/www.tv-3p.fr\/voir_video.php?id=3729\">la science est dans la pomme de terre<\/a><\/p>\n","protected":false},"excerpt":{"rendered":"<p>NATHAN avril 2021 Testez 10 exp\u00e9riences faciles et amusantes avec&#8230; une pomme de terre !10 exp\u00e9riences tr\u00e8s faciles et amusantes \u00e0 faire avec une pomme de terre pour d\u00e9couvrir de grands principes scientifiques.Fais tenir ta pomme de terre en \u00e9quilibre sur ton doigtFais flotter ta PDTFais de la pur\u00e9eFabrique de la f\u00e9culeSolide ou liquide, la &hellip;<br \/><a href=\"https:\/\/www.jackguichard.fr\/?page_id=2231\">Read more <span class=\"meta-nav\">&rarr;<\/span><\/a><\/p>\n","protected":false},"author":8,"featured_media":0,"parent":2148,"menu_order":0,"comment_status":"closed","ping_status":"closed","template":"template-full.php","meta":{"footnotes":""},"class_list":["post-2231","page","type-page","status-publish","hentry"],"jetpack_sharing_enabled":true,"_links":{"self":[{"href":"https:\/\/www.jackguichard.fr\/index.php?rest_route=\/wp\/v2\/pages\/2231","targetHints":{"allow":["GET"]}}],"collection":[{"href":"https:\/\/www.jackguichard.fr\/index.php?rest_route=\/wp\/v2\/pages"}],"about":[{"href":"https:\/\/www.jackguichard.fr\/index.php?rest_route=\/wp\/v2\/types\/page"}],"author":[{"embeddable":true,"href":"https:\/\/www.jackguichard.fr\/index.php?rest_route=\/wp\/v2\/users\/8"}],"replies":[{"embeddable":true,"href":"https:\/\/www.jackguichard.fr\/index.php?rest_route=%2Fwp%2Fv2%2Fcomments&post=2231"}],"version-history":[{"count":3,"href":"https:\/\/www.jackguichard.fr\/index.php?rest_route=\/wp\/v2\/pages\/2231\/revisions"}],"predecessor-version":[{"id":2571,"href":"https:\/\/www.jackguichard.fr\/index.php?rest_route=\/wp\/v2\/pages\/2231\/revisions\/2571"}],"up":[{"embeddable":true,"href":"https:\/\/www.jackguichard.fr\/index.php?rest_route=\/wp\/v2\/pages\/2148"}],"wp:attachment":[{"href":"https:\/\/www.jackguichard.fr\/index.php?rest_route=%2Fwp%2Fv2%2Fmedia&parent=2231"}],"curies":[{"name":"wp","href":"https:\/\/api.w.org\/{rel}","templated":true}]}}