{"id":2237,"date":"2021-04-02T18:17:21","date_gmt":"2021-04-02T16:17:21","guid":{"rendered":"http:\/\/jackguichard.fr\/?page_id=2237"},"modified":"2022-08-10T12:44:24","modified_gmt":"2022-08-10T10:44:24","slug":"la-science-est-dans-le-verre","status":"publish","type":"page","link":"https:\/\/www.jackguichard.fr\/?page_id=2237","title":{"rendered":"La Science est dans le verre"},"content":{"rendered":"\n<ul class=\"wp-block-list\"><li><a href=\"https:\/\/www.librairielunetlautre.fr\/livre\/18422277-la-science-est-dans-le-verre-jack-guichard-cecile-jugla-nathan#infos-description\">Pr\u00e9sentation <\/a>NATHAN avril 2021<\/li><li><a href=\"https:\/\/fr.calameo.com\/read\/00169842900924401b8c7\">extrait<\/a><\/li><\/ul>\n\n\n\n<p>Testez 10 exp\u00e9riences faciles et amusantes avec&#8230; un verre !<br>La science est dans le verre<br>10 exp\u00e9riences tr\u00e8s faciles et amusantes \u00e0 faire avec un verre pour d\u00e9couvrir de grands principes scientifiques.\u00a0<br>Teste la solidit\u00e9 du verre<br>\u00c9teins une bougie avec ton verre<br>Remplis 1 verre avec 2 verres<br>Admire-toi dans ton verre<br>Rends un verre invisible<br>Fais dispara\u00eetre une pi\u00e8ce sous ton verre<br>Inverse le sens d&rsquo;une fl\u00e8che avec ton verre<br>Cr\u00e9e un cyclone dans ton verre<br>Retourne ton verre plein sans en perdre une goutte<br>Fais de la musique avec tes verres<br>Un livre d&rsquo;exp\u00e9riences scientifiques pour les enfants d\u00e8s 4 ans.<\/p>\n\n\n\n<p>voir la vid\u00e9o sur TV3P \u00a0:\u00a0<a href=\"http:\/\/www.tv-3p.fr\/voir_video.php?id=3741&amp;fbclid=IwAR3-TjBqdo4nsqsBpQOTAjtzI2JLn7bWj-Rm6xF5s0SfBUTx7dAix2PK9DI\">la science est dans le verre<\/a><\/p>\n\n\n\n<figure class=\"wp-block-image\"><img loading=\"lazy\" decoding=\"async\" width=\"351\" height=\"395\" src=\"http:\/\/jackguichard.fr\/wp-content\/uploads\/2021\/04\/009048522-1.jpg\" alt=\"\" class=\"wp-image-2229\" srcset=\"https:\/\/www.jackguichard.fr\/wp-content\/uploads\/2021\/04\/009048522-1.jpg 351w, https:\/\/www.jackguichard.fr\/wp-content\/uploads\/2021\/04\/009048522-1-267x300.jpg 267w\" sizes=\"auto, (max-width: 351px) 100vw, 351px\" \/><\/figure>\n","protected":false},"excerpt":{"rendered":"<p>Pr\u00e9sentation NATHAN avril 2021 extrait Testez 10 exp\u00e9riences faciles et amusantes avec&#8230; un verre !La science est dans le verre10 exp\u00e9riences tr\u00e8s faciles et amusantes \u00e0 faire avec un verre pour d\u00e9couvrir de grands principes scientifiques.\u00a0Teste la solidit\u00e9 du verre\u00c9teins une bougie avec ton verreRemplis 1 verre avec 2 verresAdmire-toi dans ton verreRends un verre &hellip;<br \/><a href=\"https:\/\/www.jackguichard.fr\/?page_id=2237\">Read more <span class=\"meta-nav\">&rarr;<\/span><\/a><\/p>\n","protected":false},"author":8,"featured_media":0,"parent":2148,"menu_order":-1,"comment_status":"closed","ping_status":"closed","template":"template-full.php","meta":{"footnotes":""},"class_list":["post-2237","page","type-page","status-publish","hentry"],"jetpack_sharing_enabled":true,"_links":{"self":[{"href":"https:\/\/www.jackguichard.fr\/index.php?rest_route=\/wp\/v2\/pages\/2237","targetHints":{"allow":["GET"]}}],"collection":[{"href":"https:\/\/www.jackguichard.fr\/index.php?rest_route=\/wp\/v2\/pages"}],"about":[{"href":"https:\/\/www.jackguichard.fr\/index.php?rest_route=\/wp\/v2\/types\/page"}],"author":[{"embeddable":true,"href":"https:\/\/www.jackguichard.fr\/index.php?rest_route=\/wp\/v2\/users\/8"}],"replies":[{"embeddable":true,"href":"https:\/\/www.jackguichard.fr\/index.php?rest_route=%2Fwp%2Fv2%2Fcomments&post=2237"}],"version-history":[{"count":4,"href":"https:\/\/www.jackguichard.fr\/index.php?rest_route=\/wp\/v2\/pages\/2237\/revisions"}],"predecessor-version":[{"id":2570,"href":"https:\/\/www.jackguichard.fr\/index.php?rest_route=\/wp\/v2\/pages\/2237\/revisions\/2570"}],"up":[{"embeddable":true,"href":"https:\/\/www.jackguichard.fr\/index.php?rest_route=\/wp\/v2\/pages\/2148"}],"wp:attachment":[{"href":"https:\/\/www.jackguichard.fr\/index.php?rest_route=%2Fwp%2Fv2%2Fmedia&parent=2237"}],"curies":[{"name":"wp","href":"https:\/\/api.w.org\/{rel}","templated":true}]}}