{"id":2259,"date":"2021-04-30T20:29:59","date_gmt":"2021-04-30T18:29:59","guid":{"rendered":"http:\/\/jackguichard.fr\/?page_id=2259"},"modified":"2021-05-19T08:42:14","modified_gmt":"2021-05-19T06:42:14","slug":"laureat-jeunesse-du-33e-prix-roberval","status":"publish","type":"page","link":"https:\/\/www.jackguichard.fr\/?page_id=2259","title":{"rendered":"Laur\u00e9at  jeunesse du 33e prix Roberval"},"content":{"rendered":"\n<figure class=\"wp-block-image\"><img loading=\"lazy\" decoding=\"async\" width=\"1654\" height=\"3622\" src=\"http:\/\/jackguichard.fr\/wp-content\/uploads\/2021\/05\/Les-laur\u00e9ats-du-Concours-du-prix-Roberval-Jeunesse-2020-sont...-\u00c9ditions-Nathan.jpg\" alt=\"\" class=\"wp-image-2271\" srcset=\"https:\/\/www.jackguichard.fr\/wp-content\/uploads\/2021\/05\/Les-laur\u00e9ats-du-Concours-du-prix-Roberval-Jeunesse-2020-sont...-\u00c9ditions-Nathan.jpg 1654w, https:\/\/www.jackguichard.fr\/wp-content\/uploads\/2021\/05\/Les-laur\u00e9ats-du-Concours-du-prix-Roberval-Jeunesse-2020-sont...-\u00c9ditions-Nathan-137x300.jpg 137w, https:\/\/www.jackguichard.fr\/wp-content\/uploads\/2021\/05\/Les-laur\u00e9ats-du-Concours-du-prix-Roberval-Jeunesse-2020-sont...-\u00c9ditions-Nathan-768x1682.jpg 768w, https:\/\/www.jackguichard.fr\/wp-content\/uploads\/2021\/05\/Les-laur\u00e9ats-du-Concours-du-prix-Roberval-Jeunesse-2020-sont...-\u00c9ditions-Nathan-468x1024.jpg 468w\" sizes=\"auto, (max-width: 1654px) 100vw, 1654px\" \/><\/figure>\n\n\n\n<figure class=\"wp-block-image\"><img loading=\"lazy\" decoding=\"async\" width=\"1024\" height=\"514\" src=\"http:\/\/jackguichard.fr\/wp-content\/uploads\/2021\/05\/ouestfrance19052021-1024x514.jpg\" alt=\"\" class=\"wp-image-2269\" srcset=\"https:\/\/www.jackguichard.fr\/wp-content\/uploads\/2021\/05\/ouestfrance19052021-1024x514.jpg 1024w, https:\/\/www.jackguichard.fr\/wp-content\/uploads\/2021\/05\/ouestfrance19052021-300x151.jpg 300w, https:\/\/www.jackguichard.fr\/wp-content\/uploads\/2021\/05\/ouestfrance19052021-768x385.jpg 768w, https:\/\/www.jackguichard.fr\/wp-content\/uploads\/2021\/05\/ouestfrance19052021.jpg 1646w\" sizes=\"auto, (max-width: 1024px) 100vw, 1024px\" \/><\/figure>\n\n\n\n<figure class=\"wp-block-image\"><img loading=\"lazy\" decoding=\"async\" width=\"1024\" height=\"906\" src=\"http:\/\/jackguichard.fr\/wp-content\/uploads\/2021\/04\/prix-roberval-1024x906.jpg\" alt=\"\" class=\"wp-image-2260\" srcset=\"https:\/\/www.jackguichard.fr\/wp-content\/uploads\/2021\/04\/prix-roberval-1024x906.jpg 1024w, https:\/\/www.jackguichard.fr\/wp-content\/uploads\/2021\/04\/prix-roberval-300x265.jpg 300w, https:\/\/www.jackguichard.fr\/wp-content\/uploads\/2021\/04\/prix-roberval-768x680.jpg 768w, https:\/\/www.jackguichard.fr\/wp-content\/uploads\/2021\/04\/prix-roberval.jpg 1493w\" sizes=\"auto, (max-width: 1024px) 100vw, 1024px\" \/><figcaption><br><strong><em>Le prix Roberval est un concours international, ouvert dans tous les pays de la francophonie, organis\u00e9 chaque ann\u00e9e&nbsp;par l\u2019Universit\u00e9 de Technologie de Compi\u00e8gne (UTC).<br>Il r\u00e9compense des \u0153uvres consacr\u00e9es \u00e0 l\u2019explication de la technologie dans cinq cat\u00e9gories : enseignement sup\u00e9rieur,&nbsp;grand public, t\u00e9l\u00e9vision, jeunesse et journalisme scientifique et technique.&nbsp;<\/em><\/strong><\/figcaption><\/figure>\n","protected":false},"excerpt":{"rendered":"","protected":false},"author":8,"featured_media":0,"parent":33,"menu_order":-1,"comment_status":"closed","ping_status":"closed","template":"template-full.php","meta":{"footnotes":""},"class_list":["post-2259","page","type-page","status-publish","hentry"],"jetpack_sharing_enabled":true,"_links":{"self":[{"href":"https:\/\/www.jackguichard.fr\/index.php?rest_route=\/wp\/v2\/pages\/2259","targetHints":{"allow":["GET"]}}],"collection":[{"href":"https:\/\/www.jackguichard.fr\/index.php?rest_route=\/wp\/v2\/pages"}],"about":[{"href":"https:\/\/www.jackguichard.fr\/index.php?rest_route=\/wp\/v2\/types\/page"}],"author":[{"embeddable":true,"href":"https:\/\/www.jackguichard.fr\/index.php?rest_route=\/wp\/v2\/users\/8"}],"replies":[{"embeddable":true,"href":"https:\/\/www.jackguichard.fr\/index.php?rest_route=%2Fwp%2Fv2%2Fcomments&post=2259"}],"version-history":[{"count":4,"href":"https:\/\/www.jackguichard.fr\/index.php?rest_route=\/wp\/v2\/pages\/2259\/revisions"}],"predecessor-version":[{"id":2272,"href":"https:\/\/www.jackguichard.fr\/index.php?rest_route=\/wp\/v2\/pages\/2259\/revisions\/2272"}],"up":[{"embeddable":true,"href":"https:\/\/www.jackguichard.fr\/index.php?rest_route=\/wp\/v2\/pages\/33"}],"wp:attachment":[{"href":"https:\/\/www.jackguichard.fr\/index.php?rest_route=%2Fwp%2Fv2%2Fmedia&parent=2259"}],"curies":[{"name":"wp","href":"https:\/\/api.w.org\/{rel}","templated":true}]}}