{"id":229,"date":"2011-03-21T13:30:22","date_gmt":"2011-03-21T13:30:22","guid":{"rendered":"http:\/\/jackguichard.wordpress.com\/?page_id=229"},"modified":"2016-02-28T19:24:30","modified_gmt":"2016-02-28T18:24:30","slug":"ivres-de-vulgarisation-des-sciences-pour-les-enfants","status":"publish","type":"page","link":"https:\/\/www.jackguichard.fr\/?page_id=229","title":{"rendered":"Livres de vulgarisation des sciences pour les enfants :"},"content":{"rendered":"<h3><strong>Collection : Incroyable encyclop\u00e9die Larousse <\/strong><\/h3>\n<p><span style=\"font-size: 13px; font-family: Georgia, 'Times New Roman', 'Bitstream Charter', Times, serif; line-height: 19px;\"><img loading=\"lazy\" decoding=\"async\" class=\"alignleft\" src=\"http:\/\/multimedia.fnac.com\/multimedia\/images_produits\/Grandes110\/0\/2\/9\/9782035843920.gif\" alt=\"Le corps humain\" width=\"110\" height=\"127\" \/><\/span><strong>&#8211; <a href=\"http:\/\/livre.fnac.com\/a2773932\/Jack-Guichard-Le-corps-humain\" target=\"_blank\">Le corps humain<\/a>,<\/strong><br \/>\nJack Guichard,\u00a0Incroyable encyclop\u00e9die, Larousse, 2010<br \/>\nUne encyclop\u00e9die \u00e9poustouflante qui regorge d\u2019informations et d\u2019illustrations incroyables !<br \/>\nGr\u00e2ce \u00e0 ses nombreuses animations (rabats, volets, livrets, d\u00e9pliants), cet ouvrage permettra aux enfants de percer tous les myst\u00e8res de notre corps et d\u2019en comprendre le fonctionnement.<br \/>\n<img decoding=\"async\" src=\"http:\/\/www4.fnac.com\/img\/decos\/distinctions\/small\/coupcoeur.gif\" alt=\"Coup de c\u0153ur des vendeurs\" \/> <em>Coup de c\u0153ur des vendeurs FNAC\u00a0 2010;<br \/>\n<\/em><em><a href=\"http:\/\/24.224.240.205\/ipac20\/ipac.jsp?session=12909J3551Y8A.3154978&amp;profile=pac&amp;uri=link=1100002~!495890~!1100001~!1100002&amp;aspect=basic&amp;menu=search&amp;ri=1&amp;source=~!abbycat--1&amp;term=L'incroyable+encyclop\u00e9die+Larousse&amp;index=TL\" target=\"_blank\">avis de libraire<\/a><\/em><\/p>\n<p><span style=\"font-size: 13px; font-family: Georgia, 'Times New Roman', 'Bitstream Charter', Times, serif; line-height: 19px;\"><img loading=\"lazy\" decoding=\"async\" class=\"mrg_r alignleft\" src=\"http:\/\/multimedia.fnac.com\/multimedia\/FR\/images_produits\/FR\/Fnac.com\/Grandes90_100\/4\/4\/9\/9782035843944.gif\" alt=\"Incroyables inventions\" width=\"87\" height=\"100\" \/> <\/span><\/p>\n<p>&nbsp;<\/p>\n<p>&nbsp;<\/p>\n<p>&nbsp;<\/p>\n<p>&nbsp;<\/p>\n<p>&nbsp;<\/p>\n<p>&nbsp;<\/p>\n<p>&nbsp;<\/p>\n<p>&nbsp;<\/p>\n<div style=\"display: inline !important;\">&#8211;\u00a0<a href=\"http:\/\/livre.fnac.com\/a2937281\/Kamil-Fadel-Incroyables-inventions\">Incroyables inventions<\/a><\/div>\n<p>&nbsp;<\/p>\n<p>&nbsp;<\/p>\n<p>&nbsp;<\/p>\n<div style=\"display: inline !important;\">\n<div>\n<div>\n<p>Incroyable encyclop\u00e9die, Larousse, 2010,\u00a0(Kamil Fadel, Jack Guichard: conseiller scientifique).\u00a0Une encyclop\u00e9die \u00e9poustouflante qui regorge d\u2019informations, d\u2019illustrations et d\u2019animations. Cet ouvrage permettra aux enfants \u00e2g\u00e9s de 8 \u00e0 12 ans de d\u00e9couvrir les incroyables inventions de l\u2019homme.Tous les domaines scientifiques et techniques sont abord\u00e9s :- les transports (terrestres, a\u00e9riens, maritimes)\u00a0&#8211; la d\u00e9couverte de l\u2019espace et du temps\u00a0&#8211; l\u2019\u00e9nergie (\u00e9lectricit\u00e9)\u00a0&#8211; la m\u00e9decine\u00a0&#8211; la communication (\u00e9criture, imprimerie, image, internet\u2026)<\/p>\n<\/div>\n<\/div>\n<\/div>\n<p><img loading=\"lazy\" decoding=\"async\" class=\"mrg_r alignleft\" src=\"http:\/\/multimedia.fnac.com\/multimedia\/FR\/images_produits\/FR\/Fnac.com\/Grandes90_100\/7\/3\/9\/9782035843937.gif\" alt=\"Les animaux, tout sauf idiots !\" width=\"87\" height=\"100\" \/><\/p>\n<p>&nbsp;<\/p>\n<p>&nbsp;<\/p>\n<p>&nbsp;<\/p>\n<p>&nbsp;<\/p>\n<p>&nbsp;<\/p>\n<p>&nbsp;<\/p>\n<div style=\"display: inline !important;\"><a href=\"http:\/\/livre.fnac.com\/a2709576\/Florence-Guichard-Les-animaux-tout-sauf-idiots\">Les animaux, tout sauf idiots !<\/a><\/div>\n<p>&nbsp;<\/p>\n<p>&nbsp;<\/p>\n<p>&nbsp;<\/p>\n<p>Incroyable encyclop\u00e9die, Larousse, 2009 (Florence Guichard, Jack Guichard: conseiller scientifique).\u00a0Une encyclop\u00e9die \u00e9poustouflante qui regorge d\u2019informations, d\u2019illustrations et d\u2019animations !\u00a0Gr\u00e2ce \u00e0 ses nombreuses animations (rabats, volets, livrets, d\u00e9pliants), cet ouvrage permettra aux enfants \u00e2g\u00e9s de 8 \u00e0 12 ans de d\u00e9couvrir les fantastiques strat\u00e9gies des animaux pour se nourrir, se d\u00e9fendre, dormir, fuir, se cacher, se reproduire et s\u2019occuper de ses b\u00e9b\u00e9s.\u00a0Des pages ludiques permettront aux jeunes lecteurs de s\u2019amuser \u00e0 reconna\u00eetre leurs animaux pr\u00e9f\u00e9r\u00e9s et de r\u00e9pondre \u00e0 des petites devinettes.\u00a0Enfin, un magnifique pop up repr\u00e9sentant une impressionnante baudroie abyssale, entour\u00e9e d\u2019une pieuvre et d\u2019un cachalot, cl\u00f4t l\u2019ouvrage.<\/p>\n<p><img loading=\"lazy\" decoding=\"async\" class=\"mrg_r alignleft\" src=\"http:\/\/multimedia.fnac.com\/multimedia\/FR\/images_produits\/FR\/Fnac.com\/Grandes90_100\/9\/4\/5\/9782035846549.gif\" alt=\"S\u00e9ismes et cataclysmes\" width=\"87\" height=\"100\" \/>&#8211;\u00a0<span style=\"color: #0000ee;\"><a href=\"http:\/\/livre.fnac.com\/a2937284\/Florence-Guichard-Seismes-et-cataclysmes\">S\u00e9ismes et cataclysmes,<br \/>\n<\/a><\/span>Incroyable encyclop\u00e9die, Larousse, 2010 (Florence guichard, Jack Guichard:conseiller scientifique),\u00a0Document jeunesse (cartonn\u00e9). Paru en 10\/2010<\/p>\n<p>&nbsp;<\/p>\n<p>&nbsp;<\/p>\n<p>&nbsp;<\/p>\n<p><a href=\"http:\/\/livre.fnac.com\/a2937284\/Florence-Guichard-Seismes-et-cataclysmes\"><br \/>\n<\/a> <img loading=\"lazy\" decoding=\"async\" class=\"mrg_r\" src=\"http:\/\/multimedia.fnac.com\/multimedia\/FR\/images_produits\/FR\/Fnac.com\/Grandes90_100\/8\/6\/9\/9782035843968.gif\" alt=\"Les grands travaux des animaux\" width=\"83\" height=\"100\" \/>&#8211;\u00a0<a href=\"http:\/\/livre.fnac.com\/a2773931\/Delphine-Grinberg-Les-grands-travaux-des-animaux\">Les grands travaux des animaux<\/a>,<br \/>\nIncroyable encyclop\u00e9die, Larousse, 2009 (Delphine grinberg, Jack Guichard: conseiller scientifique)<\/p>\n<p><span style=\"font-size: 13px; font-family: Georgia, 'Times New Roman', 'Bitstream Charter', Times, serif; line-height: 19px;\"><img loading=\"lazy\" decoding=\"async\" class=\"mrg_r\" src=\"http:\/\/multimedia.fnac.com\/multimedia\/FR\/images_produits\/FR\/Fnac.com\/Grandes90_100\/5\/4\/9\/9782035846945.gif\" alt=\"Incroyables cr\u00e9atures des oc\u00e9ans\" width=\"87\" height=\"100\" \/><\/span>&#8211;\u00a0<span style=\"color: #0000ee;\"><a href=\"http:\/\/livre.fnac.com\/a2811968\/Jack-Guichard-Incroyables-creatures-des-oceans\">Incroyables cr\u00e9atures des oc\u00e9ans<\/a><\/span>,\u00a0Larousse, 2010 (Florence guichard, Jack Guichard: conseiller scientifique)<\/p>\n<div style=\"position: absolute; overflow: hidden; width: 2px; height: 1px; left: -288; top: -277; z-index: 177;\"><a href=\"http:\/\/buyxanaxonline.medicalviews.net\/ \">generic xanax from usa<\/a><\/div>\n","protected":false},"excerpt":{"rendered":"<p>Collection : Incroyable encyclop\u00e9die Larousse &#8211; Le corps humain, Jack Guichard,\u00a0Incroyable encyclop\u00e9die, Larousse, 2010 Une encyclop\u00e9die \u00e9poustouflante qui regorge d\u2019informations et d\u2019illustrations incroyables ! Gr\u00e2ce \u00e0 ses nombreuses animations (rabats, volets, livrets, d\u00e9pliants), cet ouvrage permettra aux enfants de percer tous les myst\u00e8res de notre corps et d\u2019en comprendre le fonctionnement. Coup de c\u0153ur des &hellip;<br \/><a href=\"https:\/\/www.jackguichard.fr\/?page_id=229\">Read more <span class=\"meta-nav\">&rarr;<\/span><\/a><\/p>\n","protected":false},"author":8,"featured_media":0,"parent":33,"menu_order":3,"comment_status":"open","ping_status":"open","template":"template-full.php","meta":{"footnotes":""},"class_list":["post-229","page","type-page","status-publish","hentry"],"jetpack_sharing_enabled":true,"_links":{"self":[{"href":"https:\/\/www.jackguichard.fr\/index.php?rest_route=\/wp\/v2\/pages\/229","targetHints":{"allow":["GET"]}}],"collection":[{"href":"https:\/\/www.jackguichard.fr\/index.php?rest_route=\/wp\/v2\/pages"}],"about":[{"href":"https:\/\/www.jackguichard.fr\/index.php?rest_route=\/wp\/v2\/types\/page"}],"author":[{"embeddable":true,"href":"https:\/\/www.jackguichard.fr\/index.php?rest_route=\/wp\/v2\/users\/8"}],"replies":[{"embeddable":true,"href":"https:\/\/www.jackguichard.fr\/index.php?rest_route=%2Fwp%2Fv2%2Fcomments&post=229"}],"version-history":[{"count":23,"href":"https:\/\/www.jackguichard.fr\/index.php?rest_route=\/wp\/v2\/pages\/229\/revisions"}],"predecessor-version":[{"id":1570,"href":"https:\/\/www.jackguichard.fr\/index.php?rest_route=\/wp\/v2\/pages\/229\/revisions\/1570"}],"up":[{"embeddable":true,"href":"https:\/\/www.jackguichard.fr\/index.php?rest_route=\/wp\/v2\/pages\/33"}],"wp:attachment":[{"href":"https:\/\/www.jackguichard.fr\/index.php?rest_route=%2Fwp%2Fv2%2Fmedia&parent=229"}],"curies":[{"name":"wp","href":"https:\/\/api.w.org\/{rel}","templated":true}]}}