{"id":2487,"date":"2022-04-15T14:11:07","date_gmt":"2022-04-15T12:11:07","guid":{"rendered":"http:\/\/jackguichard.fr\/?page_id=2487"},"modified":"2022-08-10T12:38:49","modified_gmt":"2022-08-10T10:38:49","slug":"2487-2","status":"publish","type":"page","link":"https:\/\/www.jackguichard.fr\/?page_id=2487","title":{"rendered":"La Science est dans le sable"},"content":{"rendered":"\n<p>De&nbsp;<a href=\"https:\/\/www.croquelinottes.fr\/personne\/personne\/jack-guichard\/332309\/\">Jack Guichard<\/a>,&nbsp;<a href=\"https:\/\/www.croquelinottes.fr\/personne\/personne\/cecile-jugla\/664477\/\">C\u00e9cile Jugla,<\/a><em>Illustrations de&nbsp;<\/em><a href=\"https:\/\/www.croquelinottes.fr\/personne\/personne\/laurent-simon\/2284674\/\"><em>Laurent SIMON<\/em><\/a><\/p>\n\n\n\n<p><a href=\"https:\/\/www.croquelinottes.fr\/editeur\/nathan\/\">Nathan<\/a><\/p>\n\n\n\n<figure class=\"wp-block-image\"><img loading=\"lazy\" decoding=\"async\" width=\"351\" height=\"395\" src=\"http:\/\/jackguichard.fr\/wp-content\/uploads\/2022\/04\/010440540.jpg\" alt=\"\" class=\"wp-image-2488\" srcset=\"https:\/\/www.jackguichard.fr\/wp-content\/uploads\/2022\/04\/010440540.jpg 351w, https:\/\/www.jackguichard.fr\/wp-content\/uploads\/2022\/04\/010440540-267x300.jpg 267w\" sizes=\"auto, (max-width: 351px) 100vw, 351px\" \/><\/figure>\n\n\n\n<p>10 exp\u00e9riences tr\u00e8s faciles et amusantes \u00e0 faire avec du sable pour d\u00e9couvrir de grands principes scientifiques.<br>De quoi est compos\u00e9 ton sable?<br>Fais sauter tes grains de sable<br>Fais une bouillie de sable<br>Creuse des crat\u00e8res dans le sable<br>Mesure le temps avec du sable<br>R\u00e9ussis ton ch\u00e2teau de sable<br>Vide un verre de sable dans un verre plein<br>Fais remonter des cailloux dans le sable<br>Soul\u00e8ve ton seau de sable avec ta pelle<br>Filtre l&rsquo;eau avec du sable<br>Un livre d&rsquo;exp\u00e9riences scientifiques pour les enfants d\u00e8s 4 ans.Des exp\u00e9riences faciles et rapides \u00e0 r\u00e9aliser avec tr\u00e8s peu de mat\u00e9riel, un livre id\u00e9al pour les moments d&rsquo;activit\u00e9s en famille.<\/p>\n\n\n\n<p>voir la vid\u00e9o correspondante sur TV 3 Provinces &#8211; \\&rsquo;La Science est dans le Quotidien\\&rsquo; avec Jack Guichard et Jean Robert . <a href=\"http:\/\/www.tv3p.fr\/voir_video.php?id=3919\">La science est dans le sable<\/a><br><\/p>\n\n\n\n<p><a href=\"http:\/\/www.tv3p.fr\/voir_video.php?id=3919\">voir la vid\u00e9o sur TV3Provinces<\/a><\/p>\n\n\n\n<h3 class=\"wp-block-heading\"><br><\/h3>\n\n\n\n<h3 class=\"wp-block-heading\"><a href=\"https:\/\/www.croquelinottes.fr\/editeur\/nathan\/\"><\/a><\/h3>\n","protected":false},"excerpt":{"rendered":"<p>De&nbsp;Jack Guichard,&nbsp;C\u00e9cile Jugla,Illustrations de&nbsp;Laurent SIMON Nathan 10 exp\u00e9riences tr\u00e8s faciles et amusantes \u00e0 faire avec du sable pour d\u00e9couvrir de grands principes scientifiques.De quoi est compos\u00e9 ton sable?Fais sauter tes grains de sableFais une bouillie de sableCreuse des crat\u00e8res dans le sableMesure le temps avec du sableR\u00e9ussis ton ch\u00e2teau de sableVide un verre de sable &hellip;<br \/><a href=\"https:\/\/www.jackguichard.fr\/?page_id=2487\">Read more <span class=\"meta-nav\">&rarr;<\/span><\/a><\/p>\n","protected":false},"author":8,"featured_media":0,"parent":2148,"menu_order":0,"comment_status":"closed","ping_status":"closed","template":"template-full.php","meta":{"footnotes":""},"class_list":["post-2487","page","type-page","status-publish","hentry"],"jetpack_sharing_enabled":true,"_links":{"self":[{"href":"https:\/\/www.jackguichard.fr\/index.php?rest_route=\/wp\/v2\/pages\/2487","targetHints":{"allow":["GET"]}}],"collection":[{"href":"https:\/\/www.jackguichard.fr\/index.php?rest_route=\/wp\/v2\/pages"}],"about":[{"href":"https:\/\/www.jackguichard.fr\/index.php?rest_route=\/wp\/v2\/types\/page"}],"author":[{"embeddable":true,"href":"https:\/\/www.jackguichard.fr\/index.php?rest_route=\/wp\/v2\/users\/8"}],"replies":[{"embeddable":true,"href":"https:\/\/www.jackguichard.fr\/index.php?rest_route=%2Fwp%2Fv2%2Fcomments&post=2487"}],"version-history":[{"count":5,"href":"https:\/\/www.jackguichard.fr\/index.php?rest_route=\/wp\/v2\/pages\/2487\/revisions"}],"predecessor-version":[{"id":2566,"href":"https:\/\/www.jackguichard.fr\/index.php?rest_route=\/wp\/v2\/pages\/2487\/revisions\/2566"}],"up":[{"embeddable":true,"href":"https:\/\/www.jackguichard.fr\/index.php?rest_route=\/wp\/v2\/pages\/2148"}],"wp:attachment":[{"href":"https:\/\/www.jackguichard.fr\/index.php?rest_route=%2Fwp%2Fv2%2Fmedia&parent=2487"}],"curies":[{"name":"wp","href":"https:\/\/api.w.org\/{rel}","templated":true}]}}