{"id":249,"date":"2011-03-21T21:27:22","date_gmt":"2011-03-21T21:27:22","guid":{"rendered":"http:\/\/jackguichard.wordpress.com\/?page_id=249"},"modified":"2011-04-01T23:04:48","modified_gmt":"2011-04-01T21:04:48","slug":"c-entre-le-blond-verdatre-et-le-roux","status":"publish","type":"page","link":"https:\/\/www.jackguichard.fr\/?page_id=249","title":{"rendered":"C &#8211; Entre le blond verd\u00e2tre et le roux ?"},"content":{"rendered":"<p><strong><br \/>\n<\/strong>&#8211; bourdon\u00a0<strong><em>franchement rouquin<\/em><\/strong>, au moins sur le thorax (c&rsquo;est \u00e0 dire entre le ventre et la t\u00eate), c&rsquo;est un\u00a0<strong>bourdon des champs<\/strong>. Mais m\u00e9fiance&#8230; le bourdon des champs peut avoir le corps blond tr\u00e8s clair avec ou sans bandes sombres. &#8211;<br \/>\n&#8211; Le\u00a0<strong>bourdon gris\u00e9 et le bourdon v\u00e9t\u00e9ran<\/strong> se distinguent bien du bourdon des champs par la pr\u00e9sence d&rsquo;une barre sombre au milieu du thorax. Entre eux, la\u00a0<strong><em>coloration du bout de l&rsquo;abdomen<\/em><\/strong> fait la diff\u00e9rence.<\/p>\n<p><a href=\"http:\/\/jackguichard.fr\/wp-content\/uploads\/2011\/03\/bourdonverdatre.jpg\"><img loading=\"lazy\" decoding=\"async\" title=\"bourdonverdatre\" src=\"http:\/\/jackguichard.fr\/wp-content\/uploads\/2011\/03\/bourdonverdatre.jpg\" alt=\"\" width=\"640\" height=\"152\" \/><\/a><\/p>\n","protected":false},"excerpt":{"rendered":"<p>&#8211; bourdon\u00a0franchement rouquin, au moins sur le thorax (c&rsquo;est \u00e0 dire entre le ventre et la t\u00eate), c&rsquo;est un\u00a0bourdon des champs. Mais m\u00e9fiance&#8230; le bourdon des champs peut avoir le corps blond tr\u00e8s clair avec ou sans bandes sombres. &#8211; &#8211; Le\u00a0bourdon gris\u00e9 et le bourdon v\u00e9t\u00e9ran se distinguent bien du bourdon des champs par &hellip;<br \/><a href=\"https:\/\/www.jackguichard.fr\/?page_id=249\">Read more <span class=\"meta-nav\">&rarr;<\/span><\/a><\/p>\n","protected":false},"author":8,"featured_media":0,"parent":107,"menu_order":3,"comment_status":"closed","ping_status":"closed","template":"template-full.php","meta":{"footnotes":""},"class_list":["post-249","page","type-page","status-publish","hentry"],"jetpack_sharing_enabled":true,"_links":{"self":[{"href":"https:\/\/www.jackguichard.fr\/index.php?rest_route=\/wp\/v2\/pages\/249","targetHints":{"allow":["GET"]}}],"collection":[{"href":"https:\/\/www.jackguichard.fr\/index.php?rest_route=\/wp\/v2\/pages"}],"about":[{"href":"https:\/\/www.jackguichard.fr\/index.php?rest_route=\/wp\/v2\/types\/page"}],"author":[{"embeddable":true,"href":"https:\/\/www.jackguichard.fr\/index.php?rest_route=\/wp\/v2\/users\/8"}],"replies":[{"embeddable":true,"href":"https:\/\/www.jackguichard.fr\/index.php?rest_route=%2Fwp%2Fv2%2Fcomments&post=249"}],"version-history":[{"count":3,"href":"https:\/\/www.jackguichard.fr\/index.php?rest_route=\/wp\/v2\/pages\/249\/revisions"}],"predecessor-version":[{"id":356,"href":"https:\/\/www.jackguichard.fr\/index.php?rest_route=\/wp\/v2\/pages\/249\/revisions\/356"}],"up":[{"embeddable":true,"href":"https:\/\/www.jackguichard.fr\/index.php?rest_route=\/wp\/v2\/pages\/107"}],"wp:attachment":[{"href":"https:\/\/www.jackguichard.fr\/index.php?rest_route=%2Fwp%2Fv2%2Fmedia&parent=249"}],"curies":[{"name":"wp","href":"https:\/\/api.w.org\/{rel}","templated":true}]}}