{"id":2494,"date":"2022-04-15T14:18:53","date_gmt":"2022-04-15T12:18:53","guid":{"rendered":"http:\/\/jackguichard.fr\/?page_id=2494"},"modified":"2022-08-10T12:40:20","modified_gmt":"2022-08-10T10:40:20","slug":"la-science-est-dans-le-lait","status":"publish","type":"page","link":"https:\/\/www.jackguichard.fr\/?page_id=2494","title":{"rendered":"La science est dans le lait"},"content":{"rendered":"\n<p>Jack Guichard, C\u00e9cile Jugla, illustrations Laurent Simon<\/p>\n\n\n\n<figure class=\"wp-block-image\"><img loading=\"lazy\" decoding=\"async\" width=\"351\" height=\"395\" src=\"http:\/\/jackguichard.fr\/wp-content\/uploads\/2022\/04\/010440533.jpg\" alt=\"\" class=\"wp-image-2495\" srcset=\"https:\/\/www.jackguichard.fr\/wp-content\/uploads\/2022\/04\/010440533.jpg 351w, https:\/\/www.jackguichard.fr\/wp-content\/uploads\/2022\/04\/010440533-267x300.jpg 267w\" sizes=\"auto, (max-width: 351px) 100vw, 351px\" \/><\/figure>\n\n\n\n<ul class=\"wp-block-list\"><li>10 exp\u00e9riences tr\u00e8s faciles et amusantes \u00e0 faire avec du lait pour d\u00e9couvrir de grands principes scientifiques.<br>Cr\u00e9e une temp\u00eate avec ton lait<br>Fabrique du beurre<br>Monte ta cr\u00e8me chantilly<br>M\u00e9lange bien ton cacao et ton lait<br>Fais un cocktail ray\u00e9<br>Fais des yaourts<br>Rends le soda cola transparent<br>Transforme ton lait en pierre<br>Cr\u00e9e un nuage de lait et un coucher de soleil<br>Fais danser les couleurs<br>Un livre d&rsquo;exp\u00e9riences scientifiques pour les enfants d\u00e8s 4 ans.<br>Des exp\u00e9riences faciles et rapides \u00e0 r\u00e9aliser avec tr\u00e8s peu&#8230;<\/li><\/ul>\n\n\n\n<p>Voir la vid\u00e9o tourn\u00e9e par TV3 provinces :&nbsp;<a href=\"http:\/\/www.tv3p.fr\/voir_video.php?id=3913\">La science est dans le Lait<\/a><\/p>\n","protected":false},"excerpt":{"rendered":"<p>Jack Guichard, C\u00e9cile Jugla, illustrations Laurent Simon 10 exp\u00e9riences tr\u00e8s faciles et amusantes \u00e0 faire avec du lait pour d\u00e9couvrir de grands principes scientifiques.Cr\u00e9e une temp\u00eate avec ton laitFabrique du beurreMonte ta cr\u00e8me chantillyM\u00e9lange bien ton cacao et ton laitFais un cocktail ray\u00e9Fais des yaourtsRends le soda cola transparentTransforme ton lait en pierreCr\u00e9e un nuage &hellip;<br \/><a href=\"https:\/\/www.jackguichard.fr\/?page_id=2494\">Read more <span class=\"meta-nav\">&rarr;<\/span><\/a><\/p>\n","protected":false},"author":8,"featured_media":0,"parent":2148,"menu_order":0,"comment_status":"closed","ping_status":"closed","template":"template-full.php","meta":{"footnotes":""},"class_list":["post-2494","page","type-page","status-publish","hentry"],"jetpack_sharing_enabled":true,"_links":{"self":[{"href":"https:\/\/www.jackguichard.fr\/index.php?rest_route=\/wp\/v2\/pages\/2494","targetHints":{"allow":["GET"]}}],"collection":[{"href":"https:\/\/www.jackguichard.fr\/index.php?rest_route=\/wp\/v2\/pages"}],"about":[{"href":"https:\/\/www.jackguichard.fr\/index.php?rest_route=\/wp\/v2\/types\/page"}],"author":[{"embeddable":true,"href":"https:\/\/www.jackguichard.fr\/index.php?rest_route=\/wp\/v2\/users\/8"}],"replies":[{"embeddable":true,"href":"https:\/\/www.jackguichard.fr\/index.php?rest_route=%2Fwp%2Fv2%2Fcomments&post=2494"}],"version-history":[{"count":3,"href":"https:\/\/www.jackguichard.fr\/index.php?rest_route=\/wp\/v2\/pages\/2494\/revisions"}],"predecessor-version":[{"id":2567,"href":"https:\/\/www.jackguichard.fr\/index.php?rest_route=\/wp\/v2\/pages\/2494\/revisions\/2567"}],"up":[{"embeddable":true,"href":"https:\/\/www.jackguichard.fr\/index.php?rest_route=\/wp\/v2\/pages\/2148"}],"wp:attachment":[{"href":"https:\/\/www.jackguichard.fr\/index.php?rest_route=%2Fwp%2Fv2%2Fmedia&parent=2494"}],"curies":[{"name":"wp","href":"https:\/\/api.w.org\/{rel}","templated":true}]}}