{"id":2562,"date":"2022-08-10T12:36:10","date_gmt":"2022-08-10T10:36:10","guid":{"rendered":"http:\/\/jackguichard.fr\/?page_id=2562"},"modified":"2022-08-10T12:43:27","modified_gmt":"2022-08-10T10:43:27","slug":"la-science-est-dans-le-trombone","status":"publish","type":"page","link":"https:\/\/www.jackguichard.fr\/?page_id=2562","title":{"rendered":"La Science est dans le trombone"},"content":{"rendered":"\n<figure class=\"wp-block-image\"><img loading=\"lazy\" decoding=\"async\" width=\"400\" height=\"449\" src=\"http:\/\/jackguichard.fr\/wp-content\/uploads\/2022\/08\/image.jpeg\" alt=\"\" class=\"wp-image-2563\" srcset=\"https:\/\/www.jackguichard.fr\/wp-content\/uploads\/2022\/08\/image.jpeg 400w, https:\/\/www.jackguichard.fr\/wp-content\/uploads\/2022\/08\/image-267x300.jpeg 267w\" sizes=\"auto, (max-width: 400px) 100vw, 400px\" \/><\/figure>\n\n\n\n<ul class=\"wp-block-list\"><li>10 exp\u00e9riences faciles et \u00e9tonnantes &#8211; D\u00e8s 4 ans<\/li><li>Testez 10 exp\u00e9riences faciles et amusantes avec\u2026 des trombones&nbsp;!&nbsp;La collection qui permet aux plus jeunes de d\u00e9velopper leur esprit curieux et scientifique. 10 exp\u00e9riences simples et \u00e9tonnantes autour&nbsp;des trombones pour d\u00e9couvrir de grands principes scientifiques<\/li><li><\/li><\/ul>\n\n\n\n<p>1. Fabrique une catapulte avec ton trombone<br>2. Brise un fil d\u2019acier<br>3. Fais flotter ton trombone<br>4. Fais rouiller ton trombone<br>5. Accroche 2 trombones ensemble sans les toucher<br>6. Colle ton trombone sur un gla\u00e7on<br>7. Fais bouger des trombones tout seuls<br>8. Cr\u00e9e un trombone-aimant<br>9. Fais danser tes trombones<br>10. Allume une ampoule avec ton trombone<\/p>\n\n\n\n<p>Un livre pour faire des exp\u00e9riences avec son enfant d\u00e8s 4 ans&nbsp;<\/p>\n\n\n\n<ul class=\"wp-block-list\"><li>voir la vid\u00e9o sur TV3P : \u00a0<a href=\"http:\/\/www.tv-3p.fr\/voir_video.php?id=3901\ufeff\">la science est dans le trombone<\/a><\/li><\/ul>\n","protected":false},"excerpt":{"rendered":"<p>10 exp\u00e9riences faciles et \u00e9tonnantes &#8211; D\u00e8s 4 ans Testez 10 exp\u00e9riences faciles et amusantes avec\u2026 des trombones&nbsp;!&nbsp;La collection qui permet aux plus jeunes de d\u00e9velopper leur esprit curieux et scientifique. 10 exp\u00e9riences simples et \u00e9tonnantes autour&nbsp;des trombones pour d\u00e9couvrir de grands principes scientifiques 1. Fabrique une catapulte avec ton trombone2. Brise un fil d\u2019acier3. &hellip;<br \/><a href=\"https:\/\/www.jackguichard.fr\/?page_id=2562\">Read more <span class=\"meta-nav\">&rarr;<\/span><\/a><\/p>\n","protected":false},"author":8,"featured_media":0,"parent":2148,"menu_order":0,"comment_status":"closed","ping_status":"closed","template":"template-full.php","meta":{"footnotes":""},"class_list":["post-2562","page","type-page","status-publish","hentry"],"jetpack_sharing_enabled":true,"_links":{"self":[{"href":"https:\/\/www.jackguichard.fr\/index.php?rest_route=\/wp\/v2\/pages\/2562","targetHints":{"allow":["GET"]}}],"collection":[{"href":"https:\/\/www.jackguichard.fr\/index.php?rest_route=\/wp\/v2\/pages"}],"about":[{"href":"https:\/\/www.jackguichard.fr\/index.php?rest_route=\/wp\/v2\/types\/page"}],"author":[{"embeddable":true,"href":"https:\/\/www.jackguichard.fr\/index.php?rest_route=\/wp\/v2\/users\/8"}],"replies":[{"embeddable":true,"href":"https:\/\/www.jackguichard.fr\/index.php?rest_route=%2Fwp%2Fv2%2Fcomments&post=2562"}],"version-history":[{"count":2,"href":"https:\/\/www.jackguichard.fr\/index.php?rest_route=\/wp\/v2\/pages\/2562\/revisions"}],"predecessor-version":[{"id":2569,"href":"https:\/\/www.jackguichard.fr\/index.php?rest_route=\/wp\/v2\/pages\/2562\/revisions\/2569"}],"up":[{"embeddable":true,"href":"https:\/\/www.jackguichard.fr\/index.php?rest_route=\/wp\/v2\/pages\/2148"}],"wp:attachment":[{"href":"https:\/\/www.jackguichard.fr\/index.php?rest_route=%2Fwp%2Fv2%2Fmedia&parent=2562"}],"curies":[{"name":"wp","href":"https:\/\/api.w.org\/{rel}","templated":true}]}}