{"id":2577,"date":"2022-09-30T14:52:54","date_gmt":"2022-09-30T12:52:54","guid":{"rendered":"http:\/\/jackguichard.fr\/?page_id=2577"},"modified":"2023-02-13T13:01:01","modified_gmt":"2023-02-13T12:01:01","slug":"les-balades-de-jack","status":"publish","type":"page","link":"https:\/\/www.jackguichard.fr\/?page_id=2577","title":{"rendered":"\u00ab\u00a0les balades de Jack\u00a0\u00bb sur TV3Provinces"},"content":{"rendered":"\n<p>une \u00e9mission de t\u00e9l\u00e9vision hebdomadaire de TV3Provinces <\/p>\n\n\n\n<figure class=\"wp-block-image\"><img loading=\"lazy\" decoding=\"async\" width=\"1024\" height=\"693\" src=\"http:\/\/jackguichard.fr\/wp-content\/uploads\/2022\/09\/generique-balade-jack-tv3p-1024x693.jpg\" alt=\"\" class=\"wp-image-2578\" srcset=\"https:\/\/www.jackguichard.fr\/wp-content\/uploads\/2022\/09\/generique-balade-jack-tv3p-1024x693.jpg 1024w, https:\/\/www.jackguichard.fr\/wp-content\/uploads\/2022\/09\/generique-balade-jack-tv3p-300x203.jpg 300w, https:\/\/www.jackguichard.fr\/wp-content\/uploads\/2022\/09\/generique-balade-jack-tv3p-768x520.jpg 768w, https:\/\/www.jackguichard.fr\/wp-content\/uploads\/2022\/09\/generique-balade-jack-tv3p.jpg 1960w\" sizes=\"auto, (max-width: 1024px) 100vw, 1024px\" \/><\/figure>\n\n\n\n<ul class=\"wp-block-list\"><li><a href=\"http:\/\/www.tv3p.fr\/voir_video.php?id=4127\">Balade de Jack sur le port des Sables d&rsquo;Olonne\u00a0<\/a><\/li><li><a href=\"http:\/\/www.tv-3p.fr\/voir_video.php?id=4109\">Balade \u00e0 Jard-sur-mer avec Pierre Gilbert<\/a><\/li><li><a href=\"http:\/\/www.tv3p.fr\/voir_video.php?id=4103\"> Balade de jack \u00e0 La Mine et dans la baie de Cayola<\/a><\/li><li><a href=\"http:\/\/www.tv-3p.fr\/voir_video.php?id=4085\">Les Balades de Jack dans la haute-ville de Talmont<\/a><\/li><li><a href=\"http:\/\/www.tv-3p.fr\/voir_video.php?id=4073\"> Les Balades de Jack, \u00e0 Moricq et Angles avec le peintre Ghassan <\/a><\/li><li><a href=\"http:\/\/www.tv-3p.fr\/voir_video.php?id=4073\">\u00ab\u00a0Les Balades de Jack\u00a0\u00bb. \u00c0 Saint-Benoist sur Mer avec Claire Brillouet <\/a><\/li><li><a href=\"http:\/\/www.tv-3p.fr\/voir_video.php?id=4057\">Les Balades de Jack au bois du Veillon\u00a0<\/a><a href=\"https:\/\/www.facebook.com\/#\">avec Johny Lenormand\u00a0.<\/a><\/li><li><a href=\"http:\/\/www.tv3p.fr\/voir_video.php?id=4033\">Les balades de Jack\u00a0\u00bb au port ostr\u00e9icole de La Guitti\u00e8re avec Patrick Guyau<\/a><\/li><li><a href=\"http:\/\/www.tv-3p.fr\/voir_video.php?id=4045\">\u00ab\u00a0Les Balades de Jack\u00a0\u00bb au Veillon \u00e0 Talmont Saint-Hilaire avec Oc\u00e9ane Lucas, championne du monde de waveski<\/a><\/li><li><a href=\"http:\/\/www.tv-3p.fr\/voir_video.php?id=4051\">\u00ab\u00a0les balades de Jack\u00a0\u00bb \u00e0 Bourgenay avec James Sainsous<\/a><\/li><\/ul>\n\n\n\n<figure class=\"wp-block-image\"><img loading=\"lazy\" decoding=\"async\" width=\"700\" height=\"394\" src=\"http:\/\/jackguichard.fr\/wp-content\/uploads\/2022\/10\/311671370_2208260632686545_6940571944646582345_n.jpeg\" alt=\"\" class=\"wp-image-2590\" srcset=\"https:\/\/www.jackguichard.fr\/wp-content\/uploads\/2022\/10\/311671370_2208260632686545_6940571944646582345_n.jpeg 700w, https:\/\/www.jackguichard.fr\/wp-content\/uploads\/2022\/10\/311671370_2208260632686545_6940571944646582345_n-300x169.jpeg 300w\" sizes=\"auto, (max-width: 700px) 100vw, 700px\" \/><figcaption><a href=\"http:\/\/www.tv-3p.fr\/voir_video.php?id=4045\">\u00ab\u00a0Les Balades de Jack\u00a0\u00bb avec Jack Guichard . Balade au Veillon \u00e0 Talmont Saint-Hilaire et rencontre avec Oc\u00e9ane Lucas, championne du monde de waveski<\/a><\/figcaption><\/figure>\n\n\n\n<p><strong>dans la presse :<\/strong><\/p>\n\n\n\n<p>1er d\u00e9cembre 2022 :&nbsp;<a href=\"http:\/\/jackguichard.fr\/?page_id=699\">article \u00ab&nbsp;journal des sables&nbsp;\u00bb : les balades de Jack&nbsp;<\/a><\/p>\n\n\n\n<ul class=\"wp-block-gallery columns-1 is-cropped wp-block-gallery-1 is-layout-flex wp-block-gallery-is-layout-flex\"><li class=\"blocks-gallery-item\"><figure><img loading=\"lazy\" decoding=\"async\" width=\"1024\" height=\"557\" src=\"http:\/\/jackguichard.fr\/wp-content\/uploads\/2022\/12\/JDS01122022red-1-1024x557.jpg\" alt=\"\" data-id=\"2685\" data-link=\"http:\/\/jackguichard.fr\/?attachment_id=2685\" class=\"wp-image-2685\" srcset=\"https:\/\/www.jackguichard.fr\/wp-content\/uploads\/2022\/12\/JDS01122022red-1-1024x557.jpg 1024w, https:\/\/www.jackguichard.fr\/wp-content\/uploads\/2022\/12\/JDS01122022red-1-300x163.jpg 300w, https:\/\/www.jackguichard.fr\/wp-content\/uploads\/2022\/12\/JDS01122022red-1-768x418.jpg 768w\" sizes=\"auto, (max-width: 1024px) 100vw, 1024px\" \/><\/figure><\/li><\/ul>\n\n\n\n<p><br><br><\/p>\n","protected":false},"excerpt":{"rendered":"<p>une \u00e9mission de t\u00e9l\u00e9vision hebdomadaire de TV3Provinces Balade de Jack sur le port des Sables d&rsquo;Olonne\u00a0 Balade \u00e0 Jard-sur-mer avec Pierre Gilbert Balade de jack \u00e0 La Mine et dans la baie de Cayola Les Balades de Jack dans la haute-ville de Talmont Les Balades de Jack, \u00e0 Moricq et Angles avec le peintre Ghassan &hellip;<br \/><a href=\"https:\/\/www.jackguichard.fr\/?page_id=2577\">Read more <span class=\"meta-nav\">&rarr;<\/span><\/a><\/p>\n","protected":false},"author":8,"featured_media":0,"parent":609,"menu_order":0,"comment_status":"closed","ping_status":"closed","template":"template-full.php","meta":{"footnotes":""},"class_list":["post-2577","page","type-page","status-publish","hentry"],"jetpack_sharing_enabled":true,"_links":{"self":[{"href":"https:\/\/www.jackguichard.fr\/index.php?rest_route=\/wp\/v2\/pages\/2577","targetHints":{"allow":["GET"]}}],"collection":[{"href":"https:\/\/www.jackguichard.fr\/index.php?rest_route=\/wp\/v2\/pages"}],"about":[{"href":"https:\/\/www.jackguichard.fr\/index.php?rest_route=\/wp\/v2\/types\/page"}],"author":[{"embeddable":true,"href":"https:\/\/www.jackguichard.fr\/index.php?rest_route=\/wp\/v2\/users\/8"}],"replies":[{"embeddable":true,"href":"https:\/\/www.jackguichard.fr\/index.php?rest_route=%2Fwp%2Fv2%2Fcomments&post=2577"}],"version-history":[{"count":21,"href":"https:\/\/www.jackguichard.fr\/index.php?rest_route=\/wp\/v2\/pages\/2577\/revisions"}],"predecessor-version":[{"id":2707,"href":"https:\/\/www.jackguichard.fr\/index.php?rest_route=\/wp\/v2\/pages\/2577\/revisions\/2707"}],"up":[{"embeddable":true,"href":"https:\/\/www.jackguichard.fr\/index.php?rest_route=\/wp\/v2\/pages\/609"}],"wp:attachment":[{"href":"https:\/\/www.jackguichard.fr\/index.php?rest_route=%2Fwp%2Fv2%2Fmedia&parent=2577"}],"curies":[{"name":"wp","href":"https:\/\/api.w.org\/{rel}","templated":true}]}}