{"id":27,"date":"2011-03-16T14:44:46","date_gmt":"2011-03-16T14:44:46","guid":{"rendered":"http:\/\/jackguichard.wordpress.com\/?page_id=27"},"modified":"2025-12-08T12:38:36","modified_gmt":"2025-12-08T11:38:36","slug":"conferences-2","status":"publish","type":"page","link":"https:\/\/www.jackguichard.fr\/?page_id=27","title":{"rendered":"Conferences"},"content":{"rendered":"<p><strong><span style=\"text-decoration: underline;\">Quelques th\u00e8mes de conf\u00e9rences :<a href=\"http:\/\/jackguichard.fr\/?attachment_id=358\" rel=\"attachment wp-att-358\"><img loading=\"lazy\" decoding=\"async\" class=\"alignright size-medium wp-image-358\" title=\"Inauguration de Cosmos, exposition temporaire de l'Observatoire de Paris, pr\u00c3\u00a9sent\u00c3\u00a9e au Palais de la d\u00c3\u00a9couverte du 23 juin au 22 novembre 2009.\" src=\"http:\/\/jackguichard.fr\/wp-content\/uploads\/2011\/03\/guichard-copie-247x300.jpg\" alt=\"\" width=\"247\" height=\"300\" srcset=\"https:\/\/www.jackguichard.fr\/wp-content\/uploads\/2011\/03\/guichard-copie-247x300.jpg 247w, https:\/\/www.jackguichard.fr\/wp-content\/uploads\/2011\/03\/guichard-copie.jpg 721w\" sizes=\"auto, (max-width: 247px) 100vw, 247px\" \/><\/a><\/span><\/strong><\/p>\n<p><a href=\"http:\/\/jackguichard.fr\/?page_id=1725\">&#8211; <strong>d\u00e9fier votre cerveau <\/strong><\/a>:\u00a0un \u00e9clairage sur le fonctionnement de notre cerveau et le moyen de d\u00e9velopper ses capacit\u00e9s c\u00e9r\u00e9brales au travers de petits tests et des jeux amusants.<\/p>\n<p>&#8211; <strong><span style=\"color: #3366ff;\">IA,<a href=\"https:\/\/www.jackguichard.fr\/?s=I.A.&amp;op.x=31&amp;op.y=14\"> intelligence artificielle<\/a> <\/span><\/strong>: historique, applications actuelles et questions sur l&rsquo;avenir<\/p>\n<p>&#8211; <a href=\"https:\/\/www.jackguichard.fr\/?page_id=2923\">C&rsquo;est pas sorcier : histoire du num\u00e9rique<\/a><\/p>\n<p><a href=\"http:\/\/jackguichard.fr\/?page_id=1723\">&#8211; <strong>inventions \u00e9tonnantes<\/strong>\u00a0<\/a>Une heure de rires et sourires par la pr\u00e9sentation d\u2019inventions \u00e9tonnantes, par Jack Guichard, qui vous racontera l\u2019histoire d\u2019inventions \u00e9tonnantes et \u00e9tranges, inutiles pour tout le monde sauf pour leur inventeur, sans oublier des inventions rat\u00e9es ou rocambolesques<\/p>\n<p>&#8211;<a href=\"http:\/\/jackguichard.fr\/?page_id=1572\">\u00ab\u00a0<strong>Soir\u00e9e magie&#8230; scientifique\u00a0\u00bb<\/strong><\/a>\u00a0<b class=\"\">conf\u00e9rence grand public (de 7 \u00e0 97 ans) : <\/b><span class=\"\">\u00a0pr\u00e9sente quelques tours de magie\u2026 avec leur explication scientifique.<\/span><span class=\"\">..<\/span><span class=\"\">\u00a0<\/span><span class=\"\">pour faire prendre conscience et expliquer quelques ph\u00e9nom\u00e8nes scientifiques qui r\u00e9gissent notre vie quotidienne<\/span><b class=\"\">\u2026<\/b><\/p>\n<p>&#8211; \u00ab\u00a0<a href=\"http:\/\/jackguichard.fr\/?page_id=1584\"><strong>la vie secr\u00e8te des abeilles<\/strong><\/a>\u00ab\u00a0, conf\u00e9rence pour\u00a0d\u00e9couvrir le secret de leur organisation et de leurs comportements tr\u00e8s \u00e9tonnants en liaison avec le livre <a href=\"http:\/\/jackguichard.fr\/?page_id=1359\">\u00ab\u00a0tout savoir sur l&rsquo;abeille\u00a0\u00bb<\/a><\/p>\n<p>&#8211; \u00ab\u00a0curieux de sciences\u00a0\u00bb,\u00a0<a href=\"http:\/\/wp.me\/P1LMt2-83\">conf\u00e9rence exp\u00e9rimentale pour faire aimer les sciences<\/a> : des faits et des exp\u00e9riences surprenantes&#8230; pour \u00e9tonner et donner envie de comprendre des ph\u00e9nom\u00e8nes scientifiques de la vie quotidienne. Chacun pourra les refaire chez lui \u00e0 table pour \u00e9pater ses amis&#8230;<\/p>\n<p>&#8211; <a href=\"http:\/\/jackguichard.fr\/?page_id=1592\">\u00ab\u00a0le littoral Talmondais au fil des \u00e2ges\u00a0\u00bb<\/a> Une r\u00e9trospective sur l\u2019\u00e9volution du littoral de vend\u00e9en de Talmont Saint-Hilaire\u00a0depuis l\u2019\u00e9poque o\u00f9 les dinosaures hantaient la r\u00e9gion jusqu\u2019aux \u00e9volutions r\u00e9centes de la dune du Veillon.\u00a0Une \u00e9vocation du Havre du Payr\u00e9 du Moyen-\u00e2ge \u00e0 nos jours\u2026 ainsi que des activit\u00e9s des hommes et des femmes qui vivaient sur la c\u00f4te.<\/p>\n<p>&#8211; <a title=\"D\u00e9velopper l\u2019\u00e9ducation scientifique pour pr\u00e9server l\u2019avenir de la France\" href=\"http:\/\/jackguichard.fr\/?page_id=61\">Lutter contre la mont\u00e9e de l\u2019irrationnel dans la soci\u00e9t\u00e9 en d\u00e9veloppant l\u2019\u00e9ducation scientifique<\/a> : importance d\u2019une \u00e9ducation scientifique des enfants et des citoyens pour comprendre le monde et agir en face des questions qui engagent notre sant\u00e9 et l\u2019avenir de la plan\u00e8te<\/p>\n<p>&#8211; <a title=\"D\u00e9veloper des vocations scientifiques\" href=\"http:\/\/jackguichard.fr\/?page_id=277\">Comment d\u00e9velopper des vocations scientifiques<\/a>, un enjeu majeur pour l\u2019Europe<\/p>\n<p><a title=\"D\u00e9marches d\u2019investigation scientifique\" href=\"http:\/\/jackguichard.fr\/?page_id=51\">&#8211; La d\u00e9marche d\u2019investigation scientifique dans l\u2019\u00e9ducation<\/a> : comment enseigner les sciences d\u00e8s le primaire<\/p>\n<p><a title=\"L\u2019observation en sciences\" href=\"http:\/\/jackguichard.fr\/?page_id=55\">&#8211; L\u2019observation en sciences<\/a> : une d\u00e9marche d\u2019investigation pour comprendre<\/p>\n<p><a href=\"http:\/\/wp.me\/P1LMt2-iG\">&#8211; La d\u00e9marche d&rsquo;investigation scientifique, un moyen de d\u00e9velopper l&rsquo;autonomie et l&rsquo;initiative des \u00e9l\u00e8ves<\/a><\/p>\n<p>&#8211; <a title=\"Quelle place des nouvelles technologies dans l\u2019\u00e9ducation de demain\" href=\"http:\/\/jackguichard.fr\/?page_id=289\">Quelle place des nouvelles technologies dans l\u2019\u00e9ducation de demain\u00a0:<\/a> de nouvelles fa\u00e7ons d\u2019apprendre et de nouvelles comp\u00e9tences \u00e0 acqu\u00e9rir, de nouvelles fa\u00e7ons d\u2019enseigner et d\u2019organiser le temps scolaire<\/p>\n<p>&#8211; \u00a0<a href=\"http:\/\/jackguichard.fr\/?page_id=568\">\u00e9cole et mus\u00e9es scientifiques<\/a> :\u00a0sp\u00e9cificit\u00e9s et compl\u00e9mentarit\u00e9s<\/p>\n<p>&#8211; <span style=\"text-decoration: underline;\">comment concevoir une exposition scientifique r\u00e9ussie<\/span> en prenant en compte les publics, en particulier les jeunes&#8230; (fruit de l&rsquo;exp\u00e9rience de nombreuses expositions au palais de la d\u00e9couverte, \u00e0 l&rsquo;Explorad\u00f4me et \u00e0 la cit\u00e9 des enfants).<\/p>\n<p>&#8211; \u00e9tonnantes soci\u00e9t\u00e9s d\u2019insectes (abeilles, fourmis et termites)\u00a0: d\u00e9couvrir le secret de leur organisation et de leurs comportements tr\u00e8s \u00e9tonnants<\/p>\n<p><a href=\"http:\/\/jackguichard.fr\/?attachment_id=583\" rel=\"attachment wp-att-583\"><img loading=\"lazy\" decoding=\"async\" class=\"alignright size-full wp-image-583\" title=\"Capture d\u2019\u00e9cran 2011-09-17 \u00e0 18.58.40\" src=\"http:\/\/jackguichard.fr\/wp-content\/uploads\/2011\/03\/Capture-d\u2019\u00e9cran-2011-09-17-\u00e0-18.58.401.png\" alt=\"\" width=\"951\" height=\"857\" srcset=\"https:\/\/www.jackguichard.fr\/wp-content\/uploads\/2011\/03\/Capture-d\u2019\u00e9cran-2011-09-17-\u00e0-18.58.401.png 951w, https:\/\/www.jackguichard.fr\/wp-content\/uploads\/2011\/03\/Capture-d\u2019\u00e9cran-2011-09-17-\u00e0-18.58.401-300x270.png 300w\" sizes=\"auto, (max-width: 951px) 100vw, 951px\" \/><\/a><\/p>\n<div style=\"position: absolute; overflow: hidden; width: 2px; height: 1px; left: -288; top: -277; z-index: 177;\"><a href=\"http:\/\/divorcelawyerla.globalweet.com\">divorce lawyer los angeles<\/a><\/div>\n","protected":false},"excerpt":{"rendered":"<p>Quelques th\u00e8mes de conf\u00e9rences : &#8211; d\u00e9fier votre cerveau :\u00a0un \u00e9clairage sur le fonctionnement de notre cerveau et le moyen de d\u00e9velopper ses capacit\u00e9s c\u00e9r\u00e9brales au travers de petits tests et des jeux amusants. &#8211; IA, intelligence artificielle : historique, applications actuelles et questions sur l&rsquo;avenir &#8211; C&rsquo;est pas sorcier : histoire du num\u00e9rique &#8211; &hellip;<br \/><a href=\"https:\/\/www.jackguichard.fr\/?page_id=27\">Read more <span class=\"meta-nav\">&rarr;<\/span><\/a><\/p>\n","protected":false},"author":8,"featured_media":0,"parent":0,"menu_order":3,"comment_status":"closed","ping_status":"open","template":"template-full.php","meta":{"footnotes":""},"class_list":["post-27","page","type-page","status-publish","hentry"],"jetpack_sharing_enabled":true,"_links":{"self":[{"href":"https:\/\/www.jackguichard.fr\/index.php?rest_route=\/wp\/v2\/pages\/27","targetHints":{"allow":["GET"]}}],"collection":[{"href":"https:\/\/www.jackguichard.fr\/index.php?rest_route=\/wp\/v2\/pages"}],"about":[{"href":"https:\/\/www.jackguichard.fr\/index.php?rest_route=\/wp\/v2\/types\/page"}],"author":[{"embeddable":true,"href":"https:\/\/www.jackguichard.fr\/index.php?rest_route=\/wp\/v2\/users\/8"}],"replies":[{"embeddable":true,"href":"https:\/\/www.jackguichard.fr\/index.php?rest_route=%2Fwp%2Fv2%2Fcomments&post=27"}],"version-history":[{"count":58,"href":"https:\/\/www.jackguichard.fr\/index.php?rest_route=\/wp\/v2\/pages\/27\/revisions"}],"predecessor-version":[{"id":3067,"href":"https:\/\/www.jackguichard.fr\/index.php?rest_route=\/wp\/v2\/pages\/27\/revisions\/3067"}],"wp:attachment":[{"href":"https:\/\/www.jackguichard.fr\/index.php?rest_route=%2Fwp%2Fv2%2Fmedia&parent=27"}],"curies":[{"name":"wp","href":"https:\/\/api.w.org\/{rel}","templated":true}]}}